{"id":7646,"date":"2021-05-31T14:26:04","date_gmt":"2021-05-31T11:26:04","guid":{"rendered":"https:\/\/www.ksttukku.fi\/kauppa\/?post_type=product&#038;p=7646"},"modified":"2024-02-19T11:28:08","modified_gmt":"2024-02-19T09:28:08","slug":"rullakaihdin-polar-kangas-luonnonvalkoinen-pimentava-100-x-180-cm","status":"publish","type":"product","link":"https:\/\/www.ksttukku.fi\/kauppa\/tuote\/rullakaihdin-polar-kangas-luonnonvalkoinen-pimentava-100-x-180-cm\/","title":{"rendered":"Rullakaihdin  Polar-kangas \/ luonnonvalkoinen \/ piment\u00e4v\u00e4"},"content":{"rendered":"<p>Luonnonvalkoinen kangas on laadukasta ja helppohoitoista 100 % polyesteri\u00e4.<\/p>\n<p>Piment\u00e4v\u00e4 rullaverho, pakkaus sis\u00e4lt\u00e4\u00e4 kannakkeet ja kiinnikkeet.<\/p>\n<p>HUOM! Leveys on kaihtimen kankaan leveys, kokonaisleveys on + 5 cm.<\/p>\n<ul>\n<li>Kauniin harmoniset, yksiv\u00e4riset s\u00e4vyt.<\/li>\n<li>Polar-kankaassa t\u00e4ysin piment\u00e4v\u00e4 valkoinen tausta, pl. harmaa, jossa saman s\u00e4vyin tausta kankaan kanssa.<\/li>\n<li>Valkoinen v\u00e4ri heijastaa tutkitusti parhaiten auringonvalon takaisin.<\/li>\n<li>Alareunassa on sis\u00e4\u00e4n ommeltu lista.<\/li>\n<li>Kaihtimissa on lapsiturvalaite, joka est\u00e4\u00e4 narun kiertymisen lapsen kaulaan.<\/li>\n<li>Presto-kiinnitys (valkoinen)<\/li>\n<li>korkeus 180 cm<\/li>\n<\/ul>\n","protected":false},"excerpt":{"rendered":"<p>Luonnonvalkoinen kangas on laadukasta ja helppohoitoista 100 % polyesteri\u00e4. Piment\u00e4v\u00e4 rullaverho, pakkaus sis\u00e4lt\u00e4\u00e4 kannakkeet ja kiinnikkeet. HUOM! Leveys on kaihtimen kankaan leveys, kokonaisleveys on + 5 cm. Kauniin harmoniset, yksiv\u00e4riset s\u00e4vyt. Polar-kankaassa t\u00e4ysin piment\u00e4v\u00e4 valkoinen tausta, pl. harmaa, jossa saman s\u00e4vyin tausta kankaan kanssa. Valkoinen v\u00e4ri heijastaa tutkitusti parhaiten auringonvalon takaisin. Alareunassa on sis\u00e4\u00e4n ommeltu [&hellip;]<\/p>\n","protected":false},"featured_media":7657,"comment_status":"closed","ping_status":"closed","template":"","meta":[],"product_brand":[],"product_cat":[104,111,112],"product_tag":[],"class_list":{"0":"post-7646","1":"product","2":"type-product","3":"status-publish","4":"has-post-thumbnail","6":"product_cat-kaihtimet-ja-verhotangot","7":"product_cat-pimennyskaihdin","8":"product_cat-rullakaihdin","10":"first","11":"instock","12":"taxable","13":"shipping-taxable","14":"purchasable","15":"product-type-variable"},"_links":{"self":[{"href":"https:\/\/www.ksttukku.fi\/kauppa\/wp-json\/wp\/v2\/product\/7646","targetHints":{"allow":["GET"]}}],"collection":[{"href":"https:\/\/www.ksttukku.fi\/kauppa\/wp-json\/wp\/v2\/product"}],"about":[{"href":"https:\/\/www.ksttukku.fi\/kauppa\/wp-json\/wp\/v2\/types\/product"}],"replies":[{"embeddable":true,"href":"https:\/\/www.ksttukku.fi\/kauppa\/wp-json\/wp\/v2\/comments?post=7646"}],"wp:featuredmedia":[{"embeddable":true,"href":"https:\/\/www.ksttukku.fi\/kauppa\/wp-json\/wp\/v2\/media\/7657"}],"wp:attachment":[{"href":"https:\/\/www.ksttukku.fi\/kauppa\/wp-json\/wp\/v2\/media?parent=7646"}],"wp:term":[{"taxonomy":"product_brand","embeddable":true,"href":"https:\/\/www.ksttukku.fi\/kauppa\/wp-json\/wp\/v2\/product_brand?post=7646"},{"taxonomy":"product_cat","embeddable":true,"href":"https:\/\/www.ksttukku.fi\/kauppa\/wp-json\/wp\/v2\/product_cat?post=7646"},{"taxonomy":"product_tag","embeddable":true,"href":"https:\/\/www.ksttukku.fi\/kauppa\/wp-json\/wp\/v2\/product_tag?post=7646"}],"curies":[{"name":"wp","href":"https:\/\/api.w.org\/{rel}","templated":true}]}}