{"id":7700,"date":"2021-06-01T15:17:01","date_gmt":"2021-06-01T12:17:01","guid":{"rendered":"https:\/\/www.ksttukku.fi\/kauppa\/?post_type=product&#038;p=7700"},"modified":"2021-06-01T15:17:03","modified_gmt":"2021-06-01T12:17:03","slug":"konstsmide-smartlight-seinavalaisin-10w-liiketunnistin-kamera-kaiutin-mikrofoni-wifi-7867-750","status":"publish","type":"product","link":"https:\/\/www.ksttukku.fi\/kauppa\/tuote\/konstsmide-smartlight-seinavalaisin-10w-liiketunnistin-kamera-kaiutin-mikrofoni-wifi-7867-750\/","title":{"rendered":"Konstsmide smartlight sein\u00e4valaisin 10W, liiketunnistin, kamera, kaiutin, mikrofoni, wifi 7867-750"},"content":{"rendered":"<p>Smartlight sein\u00e4valaisimella seuraat k\u00e4tev\u00e4sti esim \u00e4lypuhelimen kautta mit\u00e4 kotonasi tai m\u00f6kill\u00e4si tapahtuu. Valaisin, kamera, kaiutin ja mikrofoni kaikki samassa laitteessa.<\/p>\n<p>Teho: 10 W<\/p>\n<p>Valovirta: 1000 lm<\/p>\n<p>V\u00e4ril\u00e4mp\u00f6tila: 5000 K<\/p>\n<p>IP-luokitus: IP54<\/p>\n<p>V\u00e4ri: musta<\/p>\n<p><iframe loading=\"lazy\" title=\"Konstsmide Smartlight (English)\" width=\"980\" height=\"551\" src=\"https:\/\/www.youtube.com\/embed\/2cV_riZNQv4?feature=oembed\" frameborder=\"0\" allow=\"accelerometer; autoplay; clipboard-write; encrypted-media; gyroscope; picture-in-picture\" allowfullscreen><\/iframe><\/p>\n","protected":false},"excerpt":{"rendered":"<p>Smartlight sein\u00e4valaisimella seuraat k\u00e4tev\u00e4sti esim \u00e4lypuhelimen kautta mit\u00e4 kotonasi tai m\u00f6kill\u00e4si tapahtuu. Valaisin, kamera, kaiutin ja mikrofoni kaikki samassa laitteessa. Teho: 10 W Valovirta: 1000 lm V\u00e4ril\u00e4mp\u00f6tila: 5000 K IP-luokitus: IP54 V\u00e4ri: musta<\/p>\n","protected":false},"featured_media":7702,"comment_status":"closed","ping_status":"closed","template":"","meta":[],"product_brand":[],"product_cat":[37,36],"product_tag":[],"class_list":{"0":"post-7700","1":"product","2":"type-product","3":"status-publish","4":"has-post-thumbnail","6":"product_cat-seinavalaisimet","7":"product_cat-ulkovalaisimet","9":"first","10":"instock","11":"sale","12":"taxable","13":"shipping-taxable","14":"purchasable","15":"product-type-simple"},"_links":{"self":[{"href":"https:\/\/www.ksttukku.fi\/kauppa\/wp-json\/wp\/v2\/product\/7700","targetHints":{"allow":["GET"]}}],"collection":[{"href":"https:\/\/www.ksttukku.fi\/kauppa\/wp-json\/wp\/v2\/product"}],"about":[{"href":"https:\/\/www.ksttukku.fi\/kauppa\/wp-json\/wp\/v2\/types\/product"}],"replies":[{"embeddable":true,"href":"https:\/\/www.ksttukku.fi\/kauppa\/wp-json\/wp\/v2\/comments?post=7700"}],"wp:featuredmedia":[{"embeddable":true,"href":"https:\/\/www.ksttukku.fi\/kauppa\/wp-json\/wp\/v2\/media\/7702"}],"wp:attachment":[{"href":"https:\/\/www.ksttukku.fi\/kauppa\/wp-json\/wp\/v2\/media?parent=7700"}],"wp:term":[{"taxonomy":"product_brand","embeddable":true,"href":"https:\/\/www.ksttukku.fi\/kauppa\/wp-json\/wp\/v2\/product_brand?post=7700"},{"taxonomy":"product_cat","embeddable":true,"href":"https:\/\/www.ksttukku.fi\/kauppa\/wp-json\/wp\/v2\/product_cat?post=7700"},{"taxonomy":"product_tag","embeddable":true,"href":"https:\/\/www.ksttukku.fi\/kauppa\/wp-json\/wp\/v2\/product_tag?post=7700"}],"curies":[{"name":"wp","href":"https:\/\/api.w.org\/{rel}","templated":true}]}}