{"id":7707,"date":"2021-06-01T16:17:28","date_gmt":"2021-06-01T13:17:28","guid":{"rendered":"https:\/\/www.ksttukku.fi\/kauppa\/?post_type=product&#038;p=7707"},"modified":"2024-09-13T15:25:14","modified_gmt":"2024-09-13T12:25:14","slug":"konstsmide-trieste-pylvasvalaisin-valkoinen-7524-250","status":"publish","type":"product","link":"https:\/\/www.ksttukku.fi\/kauppa\/tuote\/konstsmide-trieste-pylvasvalaisin-valkoinen-7524-250\/","title":{"rendered":"Konstsmide Trieste pylv\u00e4svalaisin valkoinen 7524-250"},"content":{"rendered":"<p>Trieste pylv\u00e4svalaisin piha-alueille, k\u00e4yt\u00e4ville ja julkisivujen yhteyteen.<\/p>\n<p>Valaisimen mitat: 11,5 x 20,5 x 100 (cm)<\/p>\n<p>IP-luokitus: IP44<\/p>\n<p>Kanta: GU10 (pakkaus ei sis\u00e4ll\u00e4 lamppua)<\/p>\n","protected":false},"excerpt":{"rendered":"<p>Trieste pylv\u00e4svalaisin piha-alueille, k\u00e4yt\u00e4ville ja julkisivujen yhteyteen. Valaisimen mitat: 11,5 x 20,5 x 100 (cm) IP-luokitus: IP44 Kanta: GU10 (pakkaus ei sis\u00e4ll\u00e4 lamppua)<\/p>\n","protected":false},"featured_media":7708,"comment_status":"closed","ping_status":"closed","template":"","meta":[],"product_brand":[],"product_cat":[38,36],"product_tag":[],"class_list":{"0":"post-7707","1":"product","2":"type-product","3":"status-publish","4":"has-post-thumbnail","6":"product_cat-pylvasvalaisimet","7":"product_cat-ulkovalaisimet","9":"first","10":"instock","11":"sale","12":"taxable","13":"shipping-taxable","14":"purchasable","15":"product-type-simple"},"_links":{"self":[{"href":"https:\/\/www.ksttukku.fi\/kauppa\/wp-json\/wp\/v2\/product\/7707","targetHints":{"allow":["GET"]}}],"collection":[{"href":"https:\/\/www.ksttukku.fi\/kauppa\/wp-json\/wp\/v2\/product"}],"about":[{"href":"https:\/\/www.ksttukku.fi\/kauppa\/wp-json\/wp\/v2\/types\/product"}],"replies":[{"embeddable":true,"href":"https:\/\/www.ksttukku.fi\/kauppa\/wp-json\/wp\/v2\/comments?post=7707"}],"wp:featuredmedia":[{"embeddable":true,"href":"https:\/\/www.ksttukku.fi\/kauppa\/wp-json\/wp\/v2\/media\/7708"}],"wp:attachment":[{"href":"https:\/\/www.ksttukku.fi\/kauppa\/wp-json\/wp\/v2\/media?parent=7707"}],"wp:term":[{"taxonomy":"product_brand","embeddable":true,"href":"https:\/\/www.ksttukku.fi\/kauppa\/wp-json\/wp\/v2\/product_brand?post=7707"},{"taxonomy":"product_cat","embeddable":true,"href":"https:\/\/www.ksttukku.fi\/kauppa\/wp-json\/wp\/v2\/product_cat?post=7707"},{"taxonomy":"product_tag","embeddable":true,"href":"https:\/\/www.ksttukku.fi\/kauppa\/wp-json\/wp\/v2\/product_tag?post=7707"}],"curies":[{"name":"wp","href":"https:\/\/api.w.org\/{rel}","templated":true}]}}