{"id":7735,"date":"2021-06-08T11:49:24","date_gmt":"2021-06-08T08:49:24","guid":{"rendered":"https:\/\/www.ksttukku.fi\/kauppa\/?post_type=product&#038;p=7735"},"modified":"2025-04-15T16:52:20","modified_gmt":"2025-04-15T13:52:20","slug":"mustang-grillin-suojapeite-m-152x54x95-cm","status":"publish","type":"product","link":"https:\/\/www.ksttukku.fi\/kauppa\/tuote\/mustang-grillin-suojapeite-m-152x54x95-cm\/","title":{"rendered":"Mustang Grillin suojapeite M 152x54x95 cm"},"content":{"rendered":"<p>3-4 polttimisille grilleille.<\/p>\n<p>Sis\u00e4puolelta PVC-pinnoitettua 300 x 400D polyesterikangasta, kangas UV- suojattua ja pakkasen kest\u00e4v\u00e4\u00e4, palonestok\u00e4sittely.<\/p>\n","protected":false},"excerpt":{"rendered":"<p>3-4 polttimisille grilleille. Sis\u00e4puolelta PVC-pinnoitettua 300 x 400D polyesterikangasta, kangas UV- suojattua ja pakkasen kest\u00e4v\u00e4\u00e4, palonestok\u00e4sittely.<\/p>\n","protected":false},"featured_media":7736,"comment_status":"closed","ping_status":"closed","template":"","meta":[],"product_brand":[],"product_cat":[134,132],"product_tag":[],"class_list":{"0":"post-7735","1":"product","2":"type-product","3":"status-publish","4":"has-post-thumbnail","6":"product_cat-grillaustarvikkeet","7":"product_cat-grillit-ja-grillausarvikkeet","9":"first","10":"instock","11":"taxable","12":"shipping-taxable","13":"purchasable","14":"product-type-simple"},"_links":{"self":[{"href":"https:\/\/www.ksttukku.fi\/kauppa\/wp-json\/wp\/v2\/product\/7735","targetHints":{"allow":["GET"]}}],"collection":[{"href":"https:\/\/www.ksttukku.fi\/kauppa\/wp-json\/wp\/v2\/product"}],"about":[{"href":"https:\/\/www.ksttukku.fi\/kauppa\/wp-json\/wp\/v2\/types\/product"}],"replies":[{"embeddable":true,"href":"https:\/\/www.ksttukku.fi\/kauppa\/wp-json\/wp\/v2\/comments?post=7735"}],"wp:featuredmedia":[{"embeddable":true,"href":"https:\/\/www.ksttukku.fi\/kauppa\/wp-json\/wp\/v2\/media\/7736"}],"wp:attachment":[{"href":"https:\/\/www.ksttukku.fi\/kauppa\/wp-json\/wp\/v2\/media?parent=7735"}],"wp:term":[{"taxonomy":"product_brand","embeddable":true,"href":"https:\/\/www.ksttukku.fi\/kauppa\/wp-json\/wp\/v2\/product_brand?post=7735"},{"taxonomy":"product_cat","embeddable":true,"href":"https:\/\/www.ksttukku.fi\/kauppa\/wp-json\/wp\/v2\/product_cat?post=7735"},{"taxonomy":"product_tag","embeddable":true,"href":"https:\/\/www.ksttukku.fi\/kauppa\/wp-json\/wp\/v2\/product_tag?post=7735"}],"curies":[{"name":"wp","href":"https:\/\/api.w.org\/{rel}","templated":true}]}}