{"id":7741,"date":"2021-06-08T12:26:49","date_gmt":"2021-06-08T09:26:49","guid":{"rendered":"https:\/\/www.ksttukku.fi\/kauppa\/?post_type=product&#038;p=7741"},"modified":"2024-04-23T14:02:27","modified_gmt":"2024-04-23T11:02:27","slug":"day-night-kaihdin-kasetissa-polyesteri-vaaleanharmaa","status":"publish","type":"product","link":"https:\/\/www.ksttukku.fi\/kauppa\/tuote\/day-night-kaihdin-kasetissa-polyesteri-vaaleanharmaa\/","title":{"rendered":"Day &#038; Night kaihdin kasetissa  polyesteri \/ vaaleanharmaa"},"content":{"rendered":"<p>Day &amp; Night -kaihtimen kuosissa on vaakasuunnassa vuorotellen l\u00e4pin\u00e4kyv\u00e4 kaistale ja v\u00e4rikaistale. P\u00e4\u00e4llimm\u00e4ist\u00e4 kangasta voidaan liikuttaa alimmaisen suhteen ja siten s\u00e4\u00e4t\u00e4\u00e4 l\u00e4pi tulevan valon m\u00e4\u00e4r\u00e4\u00e4 sek\u00e4 visuaalista ilmett\u00e4. Korkeus 160 cm.<\/p>\n","protected":false},"excerpt":{"rendered":"<p>Day &amp; Night -kaihtimen kuosissa on vaakasuunnassa vuorotellen l\u00e4pin\u00e4kyv\u00e4 kaistale ja v\u00e4rikaistale. P\u00e4\u00e4llimm\u00e4ist\u00e4 kangasta voidaan liikuttaa alimmaisen suhteen ja siten s\u00e4\u00e4t\u00e4\u00e4 l\u00e4pi tulevan valon m\u00e4\u00e4r\u00e4\u00e4 sek\u00e4 visuaalista ilmett\u00e4. Korkeus 160 cm.<\/p>\n","protected":false},"featured_media":9980,"comment_status":"closed","ping_status":"closed","template":"","meta":[],"product_brand":[],"product_cat":[104,109],"product_tag":[],"class_list":{"0":"post-7741","1":"product","2":"type-product","3":"status-publish","4":"has-post-thumbnail","6":"product_cat-kaihtimet-ja-verhotangot","7":"product_cat-zebra","9":"first","10":"instock","11":"taxable","12":"shipping-taxable","13":"purchasable","14":"product-type-variable"},"_links":{"self":[{"href":"https:\/\/www.ksttukku.fi\/kauppa\/wp-json\/wp\/v2\/product\/7741","targetHints":{"allow":["GET"]}}],"collection":[{"href":"https:\/\/www.ksttukku.fi\/kauppa\/wp-json\/wp\/v2\/product"}],"about":[{"href":"https:\/\/www.ksttukku.fi\/kauppa\/wp-json\/wp\/v2\/types\/product"}],"replies":[{"embeddable":true,"href":"https:\/\/www.ksttukku.fi\/kauppa\/wp-json\/wp\/v2\/comments?post=7741"}],"wp:featuredmedia":[{"embeddable":true,"href":"https:\/\/www.ksttukku.fi\/kauppa\/wp-json\/wp\/v2\/media\/9980"}],"wp:attachment":[{"href":"https:\/\/www.ksttukku.fi\/kauppa\/wp-json\/wp\/v2\/media?parent=7741"}],"wp:term":[{"taxonomy":"product_brand","embeddable":true,"href":"https:\/\/www.ksttukku.fi\/kauppa\/wp-json\/wp\/v2\/product_brand?post=7741"},{"taxonomy":"product_cat","embeddable":true,"href":"https:\/\/www.ksttukku.fi\/kauppa\/wp-json\/wp\/v2\/product_cat?post=7741"},{"taxonomy":"product_tag","embeddable":true,"href":"https:\/\/www.ksttukku.fi\/kauppa\/wp-json\/wp\/v2\/product_tag?post=7741"}],"curies":[{"name":"wp","href":"https:\/\/api.w.org\/{rel}","templated":true}]}}