{"id":7768,"date":"2021-06-11T11:04:43","date_gmt":"2021-06-11T08:04:43","guid":{"rendered":"https:\/\/www.ksttukku.fi\/kauppa\/?post_type=product&#038;p=7768"},"modified":"2024-04-23T14:08:57","modified_gmt":"2024-04-23T11:08:57","slug":"day-night-kaihdin-kasetissa-polyesteri-valkoinen","status":"publish","type":"product","link":"https:\/\/www.ksttukku.fi\/kauppa\/tuote\/day-night-kaihdin-kasetissa-polyesteri-valkoinen\/","title":{"rendered":"Day &#038; Night kaihdin kasetissa  polyesteri \/ valkoinen"},"content":{"rendered":"<p>Day &amp; Night -kaihtimen kuosissa on vaakasuunnassa vuorotellen l\u00e4pin\u00e4kyv\u00e4 kaistale ja v\u00e4rikaistale. P\u00e4\u00e4llimm\u00e4ist\u00e4 kangasta voidaan liikuttaa alimmaisen suhteen ja siten s\u00e4\u00e4t\u00e4\u00e4 l\u00e4pi tulevan valon m\u00e4\u00e4r\u00e4\u00e4 sek\u00e4 visuaalista ilmett\u00e4.<\/p>\n<ul>\n<li>vakiokorkeus 160 cm, korkeus aina kotelon yl\u00e4reunasta alalistan pohjaan<\/li>\n<li>leveydet: 80, 100, 120, 140 ja 160 cm<\/li>\n<li>kaihtimen yl\u00e4osan mekanismi kasetissa<\/li>\n<li>kaihtimien valmistaja Vertex on Keski-Euroopassa jo tunnettu eritt\u00e4in laadukkaista kaihtimistaan<\/li>\n<\/ul>\n","protected":false},"excerpt":{"rendered":"<p>Day &amp; Night -kaihtimen kuosissa on vaakasuunnassa vuorotellen l\u00e4pin\u00e4kyv\u00e4 kaistale ja v\u00e4rikaistale. P\u00e4\u00e4llimm\u00e4ist\u00e4 kangasta voidaan liikuttaa alimmaisen suhteen ja siten s\u00e4\u00e4t\u00e4\u00e4 l\u00e4pi tulevan valon m\u00e4\u00e4r\u00e4\u00e4 sek\u00e4 visuaalista ilmett\u00e4. vakiokorkeus 160 cm, korkeus aina kotelon yl\u00e4reunasta alalistan pohjaan leveydet: 80, 100, 120, 140 ja 160 cm kaihtimen yl\u00e4osan mekanismi kasetissa kaihtimien valmistaja Vertex on Keski-Euroopassa jo [&hellip;]<\/p>\n","protected":false},"featured_media":9976,"comment_status":"closed","ping_status":"closed","template":"","meta":[],"product_brand":[],"product_cat":[104,112,109],"product_tag":[],"class_list":{"0":"post-7768","1":"product","2":"type-product","3":"status-publish","4":"has-post-thumbnail","6":"product_cat-kaihtimet-ja-verhotangot","7":"product_cat-rullakaihdin","8":"product_cat-zebra","10":"first","11":"instock","12":"taxable","13":"shipping-taxable","14":"purchasable","15":"product-type-variable"},"_links":{"self":[{"href":"https:\/\/www.ksttukku.fi\/kauppa\/wp-json\/wp\/v2\/product\/7768","targetHints":{"allow":["GET"]}}],"collection":[{"href":"https:\/\/www.ksttukku.fi\/kauppa\/wp-json\/wp\/v2\/product"}],"about":[{"href":"https:\/\/www.ksttukku.fi\/kauppa\/wp-json\/wp\/v2\/types\/product"}],"replies":[{"embeddable":true,"href":"https:\/\/www.ksttukku.fi\/kauppa\/wp-json\/wp\/v2\/comments?post=7768"}],"wp:featuredmedia":[{"embeddable":true,"href":"https:\/\/www.ksttukku.fi\/kauppa\/wp-json\/wp\/v2\/media\/9976"}],"wp:attachment":[{"href":"https:\/\/www.ksttukku.fi\/kauppa\/wp-json\/wp\/v2\/media?parent=7768"}],"wp:term":[{"taxonomy":"product_brand","embeddable":true,"href":"https:\/\/www.ksttukku.fi\/kauppa\/wp-json\/wp\/v2\/product_brand?post=7768"},{"taxonomy":"product_cat","embeddable":true,"href":"https:\/\/www.ksttukku.fi\/kauppa\/wp-json\/wp\/v2\/product_cat?post=7768"},{"taxonomy":"product_tag","embeddable":true,"href":"https:\/\/www.ksttukku.fi\/kauppa\/wp-json\/wp\/v2\/product_tag?post=7768"}],"curies":[{"name":"wp","href":"https:\/\/api.w.org\/{rel}","templated":true}]}}