{"id":7803,"date":"2021-06-12T10:22:17","date_gmt":"2021-06-12T07:22:17","guid":{"rendered":"https:\/\/www.ksttukku.fi\/kauppa\/?post_type=product&#038;p=7803"},"modified":"2021-06-12T10:22:18","modified_gmt":"2021-06-12T07:22:18","slug":"ruukku-metallihyllyssa","status":"publish","type":"product","link":"https:\/\/www.ksttukku.fi\/kauppa\/tuote\/ruukku-metallihyllyssa\/","title":{"rendered":"Ruukku metallihyllyss\u00e4"},"content":{"rendered":"<p>Pakkauksessa<\/p>\n<p>yksi metallihylly korkeus 30cm, leveys 20cm ja syvyys 31 cm,<\/p>\n<p>sek\u00e4 muoviruukku korkeus 10cm, halkaisija 11cm.<\/p>\n<p>Ei sis\u00e4ll\u00e4 kasvia.<\/p>\n","protected":false},"excerpt":{"rendered":"<p>Pakkauksessa yksi metallihylly korkeus 30cm, leveys 20cm ja syvyys 31 cm, sek\u00e4 muoviruukku korkeus 10cm, halkaisija 11cm. Ei sis\u00e4ll\u00e4 kasvia.<\/p>\n","protected":false},"featured_media":7804,"comment_status":"closed","ping_status":"closed","template":"","meta":[],"product_brand":[],"product_cat":[377],"product_tag":[435,438],"class_list":{"0":"post-7803","1":"product","2":"type-product","3":"status-publish","4":"has-post-thumbnail","6":"product_cat-sisustus-lahjatavarat","7":"product_tag-ruukku","8":"product_tag-seinalle","10":"first","11":"instock","12":"taxable","13":"shipping-taxable","14":"purchasable","15":"product-type-simple"},"_links":{"self":[{"href":"https:\/\/www.ksttukku.fi\/kauppa\/wp-json\/wp\/v2\/product\/7803","targetHints":{"allow":["GET"]}}],"collection":[{"href":"https:\/\/www.ksttukku.fi\/kauppa\/wp-json\/wp\/v2\/product"}],"about":[{"href":"https:\/\/www.ksttukku.fi\/kauppa\/wp-json\/wp\/v2\/types\/product"}],"replies":[{"embeddable":true,"href":"https:\/\/www.ksttukku.fi\/kauppa\/wp-json\/wp\/v2\/comments?post=7803"}],"wp:featuredmedia":[{"embeddable":true,"href":"https:\/\/www.ksttukku.fi\/kauppa\/wp-json\/wp\/v2\/media\/7804"}],"wp:attachment":[{"href":"https:\/\/www.ksttukku.fi\/kauppa\/wp-json\/wp\/v2\/media?parent=7803"}],"wp:term":[{"taxonomy":"product_brand","embeddable":true,"href":"https:\/\/www.ksttukku.fi\/kauppa\/wp-json\/wp\/v2\/product_brand?post=7803"},{"taxonomy":"product_cat","embeddable":true,"href":"https:\/\/www.ksttukku.fi\/kauppa\/wp-json\/wp\/v2\/product_cat?post=7803"},{"taxonomy":"product_tag","embeddable":true,"href":"https:\/\/www.ksttukku.fi\/kauppa\/wp-json\/wp\/v2\/product_tag?post=7803"}],"curies":[{"name":"wp","href":"https:\/\/api.w.org\/{rel}","templated":true}]}}