{"id":7813,"date":"2021-06-12T11:33:43","date_gmt":"2021-06-12T08:33:43","guid":{"rendered":"https:\/\/www.ksttukku.fi\/kauppa\/?post_type=product&#038;p=7813"},"modified":"2021-06-12T11:33:44","modified_gmt":"2021-06-12T08:33:44","slug":"koristelautanen-tunis-45cm","status":"publish","type":"product","link":"https:\/\/www.ksttukku.fi\/kauppa\/tuote\/koristelautanen-tunis-45cm\/","title":{"rendered":"Koristelautanen Tunis 45cm"},"content":{"rendered":"<p>Tunis koristelautanen on valmistettu merihein\u00e4st\u00e4.<\/p>\n<p>Kaksiv\u00e4rinen punonta muodostaa kauniin kuvion.<\/p>\n<p>Takana ripustuslenkki.<\/p>\n<p>Halkaisija 45cm ja korkeus 10cm.<\/p>\n","protected":false},"excerpt":{"rendered":"<p>Tunis koristelautanen on valmistettu merihein\u00e4st\u00e4. Kaksiv\u00e4rinen punonta muodostaa kauniin kuvion. Takana ripustuslenkki. Halkaisija 45cm ja korkeus 10cm.<\/p>\n","protected":false},"featured_media":7814,"comment_status":"closed","ping_status":"closed","template":"","meta":[],"product_brand":[],"product_cat":[377],"product_tag":[440],"class_list":{"0":"post-7813","1":"product","2":"type-product","3":"status-publish","4":"has-post-thumbnail","6":"product_cat-sisustus-lahjatavarat","7":"product_tag-tarjotin","9":"first","10":"instock","11":"taxable","12":"shipping-taxable","13":"purchasable","14":"product-type-simple"},"_links":{"self":[{"href":"https:\/\/www.ksttukku.fi\/kauppa\/wp-json\/wp\/v2\/product\/7813","targetHints":{"allow":["GET"]}}],"collection":[{"href":"https:\/\/www.ksttukku.fi\/kauppa\/wp-json\/wp\/v2\/product"}],"about":[{"href":"https:\/\/www.ksttukku.fi\/kauppa\/wp-json\/wp\/v2\/types\/product"}],"replies":[{"embeddable":true,"href":"https:\/\/www.ksttukku.fi\/kauppa\/wp-json\/wp\/v2\/comments?post=7813"}],"wp:featuredmedia":[{"embeddable":true,"href":"https:\/\/www.ksttukku.fi\/kauppa\/wp-json\/wp\/v2\/media\/7814"}],"wp:attachment":[{"href":"https:\/\/www.ksttukku.fi\/kauppa\/wp-json\/wp\/v2\/media?parent=7813"}],"wp:term":[{"taxonomy":"product_brand","embeddable":true,"href":"https:\/\/www.ksttukku.fi\/kauppa\/wp-json\/wp\/v2\/product_brand?post=7813"},{"taxonomy":"product_cat","embeddable":true,"href":"https:\/\/www.ksttukku.fi\/kauppa\/wp-json\/wp\/v2\/product_cat?post=7813"},{"taxonomy":"product_tag","embeddable":true,"href":"https:\/\/www.ksttukku.fi\/kauppa\/wp-json\/wp\/v2\/product_tag?post=7813"}],"curies":[{"name":"wp","href":"https:\/\/api.w.org\/{rel}","templated":true}]}}