{"id":7836,"date":"2021-06-14T14:13:38","date_gmt":"2021-06-14T11:13:38","guid":{"rendered":"https:\/\/www.ksttukku.fi\/kauppa\/?post_type=product&#038;p=7836"},"modified":"2021-06-14T14:13:39","modified_gmt":"2021-06-14T11:13:39","slug":"seinadeco-lintuhakki-lintuklipseilla","status":"publish","type":"product","link":"https:\/\/www.ksttukku.fi\/kauppa\/tuote\/seinadeco-lintuhakki-lintuklipseilla\/","title":{"rendered":"Sein\u00e4deco Lintuh\u00e4kki Lintuklipseill\u00e4"},"content":{"rendered":"<p>T\u00e4h\u00e4n kiinnit\u00e4t klipseill\u00e4 helposti kuvia tai pieni\u00e4 esineit\u00e4 esille.<\/p>\n<p>Koko 42&#215;64,5cm.<\/p>\n<p>Materiaali metalli.<\/p>\n<p>V\u00e4rit: Valkoinen ja harmaa<\/p>\n","protected":false},"excerpt":{"rendered":"<p>T\u00e4h\u00e4n kiinnit\u00e4t klipseill\u00e4 helposti kuvia tai pieni\u00e4 esineit\u00e4 esille. Koko 42&#215;64,5cm. Materiaali metalli. V\u00e4rit: Valkoinen ja harmaa<\/p>\n","protected":false},"featured_media":7839,"comment_status":"closed","ping_status":"closed","template":"","meta":[],"product_brand":[],"product_cat":[377],"product_tag":[448,449],"class_list":{"0":"post-7836","1":"product","2":"type-product","3":"status-publish","4":"has-post-thumbnail","6":"product_cat-sisustus-lahjatavarat","7":"product_tag-seina","8":"product_tag-valokuva","10":"first","11":"instock","12":"taxable","13":"shipping-taxable","14":"purchasable","15":"product-type-variable"},"_links":{"self":[{"href":"https:\/\/www.ksttukku.fi\/kauppa\/wp-json\/wp\/v2\/product\/7836","targetHints":{"allow":["GET"]}}],"collection":[{"href":"https:\/\/www.ksttukku.fi\/kauppa\/wp-json\/wp\/v2\/product"}],"about":[{"href":"https:\/\/www.ksttukku.fi\/kauppa\/wp-json\/wp\/v2\/types\/product"}],"replies":[{"embeddable":true,"href":"https:\/\/www.ksttukku.fi\/kauppa\/wp-json\/wp\/v2\/comments?post=7836"}],"wp:featuredmedia":[{"embeddable":true,"href":"https:\/\/www.ksttukku.fi\/kauppa\/wp-json\/wp\/v2\/media\/7839"}],"wp:attachment":[{"href":"https:\/\/www.ksttukku.fi\/kauppa\/wp-json\/wp\/v2\/media?parent=7836"}],"wp:term":[{"taxonomy":"product_brand","embeddable":true,"href":"https:\/\/www.ksttukku.fi\/kauppa\/wp-json\/wp\/v2\/product_brand?post=7836"},{"taxonomy":"product_cat","embeddable":true,"href":"https:\/\/www.ksttukku.fi\/kauppa\/wp-json\/wp\/v2\/product_cat?post=7836"},{"taxonomy":"product_tag","embeddable":true,"href":"https:\/\/www.ksttukku.fi\/kauppa\/wp-json\/wp\/v2\/product_tag?post=7836"}],"curies":[{"name":"wp","href":"https:\/\/api.w.org\/{rel}","templated":true}]}}