{"id":7898,"date":"2021-06-17T16:42:28","date_gmt":"2021-06-17T13:42:28","guid":{"rendered":"https:\/\/www.ksttukku.fi\/kauppa\/?post_type=product&#038;p=7898"},"modified":"2025-07-21T15:10:06","modified_gmt":"2025-07-21T12:10:06","slug":"riipputuoli-telineessa-palermo-harmaa","status":"publish","type":"product","link":"https:\/\/www.ksttukku.fi\/kauppa\/tuote\/riipputuoli-telineessa-palermo-harmaa\/","title":{"rendered":"Riipputuoli telineess\u00e4 Palermo harmaa"},"content":{"rendered":"<p>Korin korkeus 115 cm, leveys 80 cm, syvyys 68 cm. Ripustimen korkeus 195 cm, jalustan leveys 98 cm.<\/p>\n<p>Polyeteenipunos, pulverimaalattu ter\u00e4s. Muovirottinkipunoksesta valmistettu riipputuoli ter\u00e4ksisell\u00e4 jalkaosalla. Mukaan kuuluu vedenkest\u00e4v\u00e4 istuintyyny sek\u00e4 selk\u00e4tyyny narukiinnityksell\u00e4.<\/p>\n<p>Kantavuus 130 kg. Turvavy\u00f6 koriosan ja varren v\u00e4lill\u00e4.<\/p>\n","protected":false},"excerpt":{"rendered":"<p>Korin korkeus 115 cm, leveys 80 cm, syvyys 68 cm. Ripustimen korkeus 195 cm, jalustan leveys 98 cm. Polyeteenipunos, pulverimaalattu ter\u00e4s. Muovirottinkipunoksesta valmistettu riipputuoli ter\u00e4ksisell\u00e4 jalkaosalla. Mukaan kuuluu vedenkest\u00e4v\u00e4 istuintyyny sek\u00e4 selk\u00e4tyyny narukiinnityksell\u00e4. Kantavuus 130 kg. Turvavy\u00f6 koriosan ja varren v\u00e4lill\u00e4.<\/p>\n","protected":false},"featured_media":7899,"comment_status":"closed","ping_status":"closed","template":"","meta":[],"product_brand":[],"product_cat":[119,123],"product_tag":[],"class_list":{"0":"post-7898","1":"product","2":"type-product","3":"status-publish","4":"has-post-thumbnail","6":"product_cat-kesakalusteet","7":"product_cat-lepotuolit","9":"first","10":"instock","11":"taxable","12":"shipping-taxable","13":"purchasable","14":"product-type-simple"},"_links":{"self":[{"href":"https:\/\/www.ksttukku.fi\/kauppa\/wp-json\/wp\/v2\/product\/7898","targetHints":{"allow":["GET"]}}],"collection":[{"href":"https:\/\/www.ksttukku.fi\/kauppa\/wp-json\/wp\/v2\/product"}],"about":[{"href":"https:\/\/www.ksttukku.fi\/kauppa\/wp-json\/wp\/v2\/types\/product"}],"replies":[{"embeddable":true,"href":"https:\/\/www.ksttukku.fi\/kauppa\/wp-json\/wp\/v2\/comments?post=7898"}],"wp:featuredmedia":[{"embeddable":true,"href":"https:\/\/www.ksttukku.fi\/kauppa\/wp-json\/wp\/v2\/media\/7899"}],"wp:attachment":[{"href":"https:\/\/www.ksttukku.fi\/kauppa\/wp-json\/wp\/v2\/media?parent=7898"}],"wp:term":[{"taxonomy":"product_brand","embeddable":true,"href":"https:\/\/www.ksttukku.fi\/kauppa\/wp-json\/wp\/v2\/product_brand?post=7898"},{"taxonomy":"product_cat","embeddable":true,"href":"https:\/\/www.ksttukku.fi\/kauppa\/wp-json\/wp\/v2\/product_cat?post=7898"},{"taxonomy":"product_tag","embeddable":true,"href":"https:\/\/www.ksttukku.fi\/kauppa\/wp-json\/wp\/v2\/product_tag?post=7898"}],"curies":[{"name":"wp","href":"https:\/\/api.w.org\/{rel}","templated":true}]}}