{"id":7915,"date":"2021-06-18T17:05:13","date_gmt":"2021-06-18T14:05:13","guid":{"rendered":"https:\/\/www.ksttukku.fi\/kauppa\/?post_type=product&#038;p=7915"},"modified":"2024-02-27T17:46:28","modified_gmt":"2024-02-27T15:46:28","slug":"kauko-ohjattava-kattovalaisin-35cm-24w-1600lm","status":"publish","type":"product","link":"https:\/\/www.ksttukku.fi\/kauppa\/tuote\/kauko-ohjattava-kattovalaisin-35cm-24w-1600lm\/","title":{"rendered":"Kauko-ohjattava kattovalaisin 35cm, 24W, 1600lm"},"content":{"rendered":"<p>Kaukos\u00e4\u00e4din ohjattava kattovalaisin<\/p>\n<p>Teho: 24W<\/p>\n<p>Valovirta: 1600 lm<\/p>\n<p>Ra&gt;80<\/p>\n<p>V\u00e4ril\u00e4mp\u00f6tila vaihdettavissa 3000 K &#8211; 6500 K<\/p>\n<p>Mitat: \u00d8 350 mm, korkeus 55 mm<\/p>\n<p>Kaukos\u00e4\u00e4timen toiminnot: -ON\/OFF -V\u00e4ril\u00e4mp\u00f6tilan s\u00e4\u00e4t\u00f6 -Himmennys -Y\u00f6valo-toiminto<\/p>\n","protected":false},"excerpt":{"rendered":"<p>Kaukos\u00e4\u00e4din ohjattava kattovalaisin Teho: 24W Valovirta: 1600 lm Ra&gt;80 V\u00e4ril\u00e4mp\u00f6tila vaihdettavissa 3000 K &#8211; 6500 K Mitat: \u00d8 350 mm, korkeus 55 mm Kaukos\u00e4\u00e4timen toiminnot: -ON\/OFF -V\u00e4ril\u00e4mp\u00f6tilan s\u00e4\u00e4t\u00f6 -Himmennys -Y\u00f6valo-toiminto<\/p>\n","protected":false},"featured_media":15103,"comment_status":"closed","ping_status":"closed","template":"","meta":[],"product_brand":[],"product_cat":[40,35,34],"product_tag":[],"class_list":{"0":"post-7915","1":"product","2":"type-product","3":"status-publish","4":"has-post-thumbnail","6":"product_cat-kattovalaisimet","7":"product_cat-sisavalaisimet","8":"product_cat-valaisimet","10":"first","11":"instock","12":"sale","13":"taxable","14":"shipping-taxable","15":"purchasable","16":"product-type-simple"},"_links":{"self":[{"href":"https:\/\/www.ksttukku.fi\/kauppa\/wp-json\/wp\/v2\/product\/7915","targetHints":{"allow":["GET"]}}],"collection":[{"href":"https:\/\/www.ksttukku.fi\/kauppa\/wp-json\/wp\/v2\/product"}],"about":[{"href":"https:\/\/www.ksttukku.fi\/kauppa\/wp-json\/wp\/v2\/types\/product"}],"replies":[{"embeddable":true,"href":"https:\/\/www.ksttukku.fi\/kauppa\/wp-json\/wp\/v2\/comments?post=7915"}],"wp:featuredmedia":[{"embeddable":true,"href":"https:\/\/www.ksttukku.fi\/kauppa\/wp-json\/wp\/v2\/media\/15103"}],"wp:attachment":[{"href":"https:\/\/www.ksttukku.fi\/kauppa\/wp-json\/wp\/v2\/media?parent=7915"}],"wp:term":[{"taxonomy":"product_brand","embeddable":true,"href":"https:\/\/www.ksttukku.fi\/kauppa\/wp-json\/wp\/v2\/product_brand?post=7915"},{"taxonomy":"product_cat","embeddable":true,"href":"https:\/\/www.ksttukku.fi\/kauppa\/wp-json\/wp\/v2\/product_cat?post=7915"},{"taxonomy":"product_tag","embeddable":true,"href":"https:\/\/www.ksttukku.fi\/kauppa\/wp-json\/wp\/v2\/product_tag?post=7915"}],"curies":[{"name":"wp","href":"https:\/\/api.w.org\/{rel}","templated":true}]}}