{"id":7928,"date":"2021-06-23T16:00:33","date_gmt":"2021-06-23T13:00:33","guid":{"rendered":"https:\/\/www.ksttukku.fi\/kauppa\/?post_type=product&#038;p=7928"},"modified":"2021-06-23T16:00:35","modified_gmt":"2021-06-23T13:00:35","slug":"sahkopoydan-runko-harmaa","status":"publish","type":"product","link":"https:\/\/www.ksttukku.fi\/kauppa\/tuote\/sahkopoydan-runko-harmaa\/","title":{"rendered":"S\u00e4hk\u00f6p\u00f6yd\u00e4n runko harmaa"},"content":{"rendered":"<p>S\u00c4HK\u00d6S\u00c4\u00c4DETT\u00c4V\u00c4 TOIMISTOP\u00d6YD\u00c4N RUNKO KAHDELLA JALALLA, HARMAA. RUNKO ON VARUSTETTU KAHDELLA MOOTTORILLA, JOIDEN NOSTONOPEUS ON 35 MM SEKUNNISSA. K\u00c4SIOHJAIMESSA ON NELJ\u00c4 MUISTIPAIKKAA ERI KORKEUKSIEN TALLENTAMISEKSI. RUNGOSSA ON MY\u00d6S TOIMINTO, JOKA EST\u00c4\u00c4 LASKU- JA NOSTOVAIHEESSA V\u00c4LIIN PURISTUMISEN. LEVEYS 1020-1800 MM, KANTAVUUS 150 KG, KORKEUS 605-1255 MM. JALKAVASTEEN PITUUS 700 MM<\/p>\n","protected":false},"excerpt":{"rendered":"<p>S\u00c4HK\u00d6S\u00c4\u00c4DETT\u00c4V\u00c4 TOIMISTOP\u00d6YD\u00c4N RUNKO KAHDELLA JALALLA, HARMAA. RUNKO ON VARUSTETTU KAHDELLA MOOTTORILLA, JOIDEN NOSTONOPEUS ON 35 MM SEKUNNISSA. K\u00c4SIOHJAIMESSA ON NELJ\u00c4 MUISTIPAIKKAA ERI KORKEUKSIEN TALLENTAMISEKSI. RUNGOSSA ON MY\u00d6S TOIMINTO, JOKA EST\u00c4\u00c4 LASKU- JA NOSTOVAIHEESSA V\u00c4LIIN PURISTUMISEN. LEVEYS 1020-1800 MM, KANTAVUUS 150 KG, KORKEUS 605-1255 MM. JALKAVASTEEN PITUUS 700 MM<\/p>\n","protected":false},"featured_media":7929,"comment_status":"closed","ping_status":"closed","template":"","meta":[],"product_brand":[],"product_cat":[458],"product_tag":[],"class_list":{"0":"post-7928","1":"product","2":"type-product","3":"status-publish","4":"has-post-thumbnail","6":"product_cat-poydanjalat","8":"first","9":"instock","10":"taxable","11":"shipping-taxable","12":"purchasable","13":"product-type-simple"},"_links":{"self":[{"href":"https:\/\/www.ksttukku.fi\/kauppa\/wp-json\/wp\/v2\/product\/7928","targetHints":{"allow":["GET"]}}],"collection":[{"href":"https:\/\/www.ksttukku.fi\/kauppa\/wp-json\/wp\/v2\/product"}],"about":[{"href":"https:\/\/www.ksttukku.fi\/kauppa\/wp-json\/wp\/v2\/types\/product"}],"replies":[{"embeddable":true,"href":"https:\/\/www.ksttukku.fi\/kauppa\/wp-json\/wp\/v2\/comments?post=7928"}],"wp:featuredmedia":[{"embeddable":true,"href":"https:\/\/www.ksttukku.fi\/kauppa\/wp-json\/wp\/v2\/media\/7929"}],"wp:attachment":[{"href":"https:\/\/www.ksttukku.fi\/kauppa\/wp-json\/wp\/v2\/media?parent=7928"}],"wp:term":[{"taxonomy":"product_brand","embeddable":true,"href":"https:\/\/www.ksttukku.fi\/kauppa\/wp-json\/wp\/v2\/product_brand?post=7928"},{"taxonomy":"product_cat","embeddable":true,"href":"https:\/\/www.ksttukku.fi\/kauppa\/wp-json\/wp\/v2\/product_cat?post=7928"},{"taxonomy":"product_tag","embeddable":true,"href":"https:\/\/www.ksttukku.fi\/kauppa\/wp-json\/wp\/v2\/product_tag?post=7928"}],"curies":[{"name":"wp","href":"https:\/\/api.w.org\/{rel}","templated":true}]}}