{"id":7948,"date":"2021-06-28T15:46:52","date_gmt":"2021-06-28T12:46:52","guid":{"rendered":"https:\/\/www.ksttukku.fi\/kauppa\/?post_type=product&#038;p=7948"},"modified":"2024-08-08T15:15:44","modified_gmt":"2024-08-08T12:15:44","slug":"saadettava-poydanjalka-alto-710-1100mm-alumiini","status":"publish","type":"product","link":"https:\/\/www.ksttukku.fi\/kauppa\/tuote\/saadettava-poydanjalka-alto-710-1100mm-alumiini\/","title":{"rendered":"S\u00e4\u00e4dett\u00e4v\u00e4 p\u00f6yd\u00e4njalka Alto 710-1100mm harmaa"},"content":{"rendered":"<p>Uudistunut s\u00e4\u00e4dett\u00e4v\u00e4 p\u00f6yd\u00e4njalka Alto maalattu alumiiniv\u00e4ri. P\u00f6yd\u00e4njalan yl\u00e4osa \u00d860mm ja s\u00e4\u00e4tyv\u00e4 alaosa \u00d850mm. S\u00e4\u00e4det\u00e4\u00e4n py\u00f6ritt\u00e4m\u00e4ll\u00e4 alaosaa halutulle korkeudelle 710-1100mm. Pakattu yksitt\u00e4in, mukana erillinen valettu kiinnityslaippa, johon jalka py\u00f6ritet\u00e4\u00e4n paikoilleen.<\/p>\n","protected":false},"excerpt":{"rendered":"<p>Uudistunut s\u00e4\u00e4dett\u00e4v\u00e4 p\u00f6yd\u00e4njalka Alto maalattu alumiiniv\u00e4ri. P\u00f6yd\u00e4njalan yl\u00e4osa \u00d860mm ja s\u00e4\u00e4tyv\u00e4 alaosa \u00d850mm. S\u00e4\u00e4det\u00e4\u00e4n py\u00f6ritt\u00e4m\u00e4ll\u00e4 alaosaa halutulle korkeudelle 710-1100mm. Pakattu yksitt\u00e4in, mukana erillinen valettu kiinnityslaippa, johon jalka py\u00f6ritet\u00e4\u00e4n paikoilleen.<\/p>\n","protected":false},"featured_media":7949,"comment_status":"closed","ping_status":"closed","template":"","meta":[],"product_brand":[],"product_cat":[458],"product_tag":[],"class_list":{"0":"post-7948","1":"product","2":"type-product","3":"status-publish","4":"has-post-thumbnail","6":"product_cat-poydanjalat","8":"first","9":"instock","10":"taxable","11":"shipping-taxable","12":"purchasable","13":"product-type-simple"},"_links":{"self":[{"href":"https:\/\/www.ksttukku.fi\/kauppa\/wp-json\/wp\/v2\/product\/7948","targetHints":{"allow":["GET"]}}],"collection":[{"href":"https:\/\/www.ksttukku.fi\/kauppa\/wp-json\/wp\/v2\/product"}],"about":[{"href":"https:\/\/www.ksttukku.fi\/kauppa\/wp-json\/wp\/v2\/types\/product"}],"replies":[{"embeddable":true,"href":"https:\/\/www.ksttukku.fi\/kauppa\/wp-json\/wp\/v2\/comments?post=7948"}],"wp:featuredmedia":[{"embeddable":true,"href":"https:\/\/www.ksttukku.fi\/kauppa\/wp-json\/wp\/v2\/media\/7949"}],"wp:attachment":[{"href":"https:\/\/www.ksttukku.fi\/kauppa\/wp-json\/wp\/v2\/media?parent=7948"}],"wp:term":[{"taxonomy":"product_brand","embeddable":true,"href":"https:\/\/www.ksttukku.fi\/kauppa\/wp-json\/wp\/v2\/product_brand?post=7948"},{"taxonomy":"product_cat","embeddable":true,"href":"https:\/\/www.ksttukku.fi\/kauppa\/wp-json\/wp\/v2\/product_cat?post=7948"},{"taxonomy":"product_tag","embeddable":true,"href":"https:\/\/www.ksttukku.fi\/kauppa\/wp-json\/wp\/v2\/product_tag?post=7948"}],"curies":[{"name":"wp","href":"https:\/\/api.w.org\/{rel}","templated":true}]}}