{"id":7953,"date":"2021-06-28T17:35:08","date_gmt":"2021-06-28T14:35:08","guid":{"rendered":"https:\/\/www.ksttukku.fi\/kauppa\/?post_type=product&#038;p=7953"},"modified":"2026-04-21T14:53:55","modified_gmt":"2026-04-21T11:53:55","slug":"poydanjalka-710mm-harjattu-teras","status":"publish","type":"product","link":"https:\/\/www.ksttukku.fi\/kauppa\/tuote\/poydanjalka-710mm-harjattu-teras\/","title":{"rendered":"P\u00f6yd\u00e4njalka 710mm harjattu ter\u00e4s"},"content":{"rendered":"<p>Tukeva s\u00e4\u00e4dett\u00e4v\u00e4 p\u00f6yd\u00e4njalka<br \/>\n \u00d860mm, korkeus 710mm s\u00e4\u00e4t\u00f6tulpalla -0\/+30mm.<br \/>\n Harjattu ter\u00e4s\/rst-look pinnoite.<\/p>\n","protected":false},"excerpt":{"rendered":"<p>Tukeva s\u00e4\u00e4dett\u00e4v\u00e4 p\u00f6yd\u00e4njalka \u00d860mm, korkeus 710mm s\u00e4\u00e4t\u00f6tulpalla -0\/+30mm. Harjattu ter\u00e4s\/rst-look pinnoite.<\/p>\n","protected":false},"featured_media":7954,"comment_status":"closed","ping_status":"closed","template":"","meta":[],"product_brand":[],"product_cat":[458],"product_tag":[],"class_list":{"0":"post-7953","1":"product","2":"type-product","3":"status-publish","4":"has-post-thumbnail","6":"product_cat-poydanjalat","8":"first","9":"instock","10":"taxable","11":"shipping-taxable","12":"purchasable","13":"product-type-simple"},"_links":{"self":[{"href":"https:\/\/www.ksttukku.fi\/kauppa\/wp-json\/wp\/v2\/product\/7953","targetHints":{"allow":["GET"]}}],"collection":[{"href":"https:\/\/www.ksttukku.fi\/kauppa\/wp-json\/wp\/v2\/product"}],"about":[{"href":"https:\/\/www.ksttukku.fi\/kauppa\/wp-json\/wp\/v2\/types\/product"}],"replies":[{"embeddable":true,"href":"https:\/\/www.ksttukku.fi\/kauppa\/wp-json\/wp\/v2\/comments?post=7953"}],"wp:featuredmedia":[{"embeddable":true,"href":"https:\/\/www.ksttukku.fi\/kauppa\/wp-json\/wp\/v2\/media\/7954"}],"wp:attachment":[{"href":"https:\/\/www.ksttukku.fi\/kauppa\/wp-json\/wp\/v2\/media?parent=7953"}],"wp:term":[{"taxonomy":"product_brand","embeddable":true,"href":"https:\/\/www.ksttukku.fi\/kauppa\/wp-json\/wp\/v2\/product_brand?post=7953"},{"taxonomy":"product_cat","embeddable":true,"href":"https:\/\/www.ksttukku.fi\/kauppa\/wp-json\/wp\/v2\/product_cat?post=7953"},{"taxonomy":"product_tag","embeddable":true,"href":"https:\/\/www.ksttukku.fi\/kauppa\/wp-json\/wp\/v2\/product_tag?post=7953"}],"curies":[{"name":"wp","href":"https:\/\/api.w.org\/{rel}","templated":true}]}}