{"id":80,"date":"2017-09-06T13:14:07","date_gmt":"2017-09-06T10:14:07","guid":{"rendered":"http:\/\/www.ksttukku.fi\/kauppa\/?post_type=product&#038;p=80"},"modified":"2022-12-05T18:41:13","modified_gmt":"2022-12-05T16:41:13","slug":"boomerang-100cm-hiili","status":"publish","type":"product","link":"https:\/\/www.ksttukku.fi\/kauppa\/tuote\/boomerang-100cm-hiili\/","title":{"rendered":"Kuramatto Boomerang 100 cm hiili 12,90\u20ac\/m"},"content":{"rendered":"<p>Kuramatot est\u00e4v\u00e4t lian ja kosteuden siirtymisen ulkoa sis\u00e4tiloihin ja ovat helppohoitoisia.<\/p>\n<p>Materiaali: 75% Polypropeeni 25% Polyesteri, pohja lateksia<\/p>\n<p>Hoito-ohje: Tahrat pyyhit\u00e4\u00e4n tuoreeltaan kostealla liinalla, imurointi, tarvittaessa k\u00e4sinpesu miedolla pesuaineella 40 asteessa, kuivattaminen py\u00f6re\u00e4ll\u00e4 tangolla.<\/p>\n<p>Leveys: 100 cm<\/p>\n<p>V\u00e4ri: Hiili<\/p>\n","protected":false},"excerpt":{"rendered":"<p>Kuramatot est\u00e4v\u00e4t lian ja kosteuden siirtymisen ulkoa sis\u00e4tiloihin ja ovat helppohoitoisia. Materiaali: 75% Polypropeeni 25% Polyesteri, pohja lateksia Hoito-ohje: Tahrat pyyhit\u00e4\u00e4n tuoreeltaan kostealla liinalla, imurointi, tarvittaessa k\u00e4sinpesu miedolla pesuaineella 40 asteessa, kuivattaminen py\u00f6re\u00e4ll\u00e4 tangolla. Leveys: 100 cm V\u00e4ri: Hiili<\/p>\n","protected":false},"featured_media":795,"comment_status":"closed","ping_status":"closed","template":"","meta":[],"product_brand":[],"product_cat":[26,22],"product_tag":[],"class_list":{"0":"post-80","1":"product","2":"type-product","3":"status-publish","4":"has-post-thumbnail","6":"product_cat-kuramatot","7":"product_cat-matot","9":"first","10":"instock","11":"taxable","12":"shipping-taxable","13":"purchasable","14":"product-type-simple"},"_links":{"self":[{"href":"https:\/\/www.ksttukku.fi\/kauppa\/wp-json\/wp\/v2\/product\/80","targetHints":{"allow":["GET"]}}],"collection":[{"href":"https:\/\/www.ksttukku.fi\/kauppa\/wp-json\/wp\/v2\/product"}],"about":[{"href":"https:\/\/www.ksttukku.fi\/kauppa\/wp-json\/wp\/v2\/types\/product"}],"replies":[{"embeddable":true,"href":"https:\/\/www.ksttukku.fi\/kauppa\/wp-json\/wp\/v2\/comments?post=80"}],"wp:featuredmedia":[{"embeddable":true,"href":"https:\/\/www.ksttukku.fi\/kauppa\/wp-json\/wp\/v2\/media\/795"}],"wp:attachment":[{"href":"https:\/\/www.ksttukku.fi\/kauppa\/wp-json\/wp\/v2\/media?parent=80"}],"wp:term":[{"taxonomy":"product_brand","embeddable":true,"href":"https:\/\/www.ksttukku.fi\/kauppa\/wp-json\/wp\/v2\/product_brand?post=80"},{"taxonomy":"product_cat","embeddable":true,"href":"https:\/\/www.ksttukku.fi\/kauppa\/wp-json\/wp\/v2\/product_cat?post=80"},{"taxonomy":"product_tag","embeddable":true,"href":"https:\/\/www.ksttukku.fi\/kauppa\/wp-json\/wp\/v2\/product_tag?post=80"}],"curies":[{"name":"wp","href":"https:\/\/api.w.org\/{rel}","templated":true}]}}