{"id":8034,"date":"2021-07-23T13:21:52","date_gmt":"2021-07-23T10:21:52","guid":{"rendered":"https:\/\/www.ksttukku.fi\/kauppa\/?post_type=product&#038;p=8034"},"modified":"2022-03-29T17:46:25","modified_gmt":"2022-03-29T14:46:25","slug":"komposiittilevy-metalliharmaa-greige-1220x3650x4mm","status":"publish","type":"product","link":"https:\/\/www.ksttukku.fi\/kauppa\/tuote\/komposiittilevy-metalliharmaa-greige-1220x3650x4mm\/","title":{"rendered":"Komposiittilevy metalliharmaa \/ greige 1220x3650x4mm"},"content":{"rendered":"<p>Aluco Komposiittilevyst\u00e4 valmistettu sisustuslevy esim. keitti\u00f6n v\u00e4litilaan. Mitoitus 4x1220x3650mm. Uutuuss\u00e4vyt; Toinen puoli levyst\u00e4 on metalliharmaa ja toinen rusehtava greige (harmaa\/beige).<\/p>\n","protected":false},"excerpt":{"rendered":"<p>Aluco Komposiittilevyst\u00e4 valmistettu sisustuslevy esim. keitti\u00f6n v\u00e4litilaan. Mitoitus 4x1220x3650mm. Uutuuss\u00e4vyt; Toinen puoli levyst\u00e4 on metalliharmaa ja toinen rusehtava greige (harmaa\/beige).<\/p>\n","protected":false},"featured_media":8035,"comment_status":"closed","ping_status":"closed","template":"","meta":[],"product_brand":[],"product_cat":[246,245],"product_tag":[],"class_list":{"0":"post-8034","1":"product","2":"type-product","3":"status-publish","4":"has-post-thumbnail","6":"product_cat-aluco-sisustuslevyt","7":"product_cat-sisustuslevyt","9":"first","10":"instock","11":"taxable","12":"shipping-taxable","13":"purchasable","14":"product-type-simple"},"_links":{"self":[{"href":"https:\/\/www.ksttukku.fi\/kauppa\/wp-json\/wp\/v2\/product\/8034","targetHints":{"allow":["GET"]}}],"collection":[{"href":"https:\/\/www.ksttukku.fi\/kauppa\/wp-json\/wp\/v2\/product"}],"about":[{"href":"https:\/\/www.ksttukku.fi\/kauppa\/wp-json\/wp\/v2\/types\/product"}],"replies":[{"embeddable":true,"href":"https:\/\/www.ksttukku.fi\/kauppa\/wp-json\/wp\/v2\/comments?post=8034"}],"wp:featuredmedia":[{"embeddable":true,"href":"https:\/\/www.ksttukku.fi\/kauppa\/wp-json\/wp\/v2\/media\/8035"}],"wp:attachment":[{"href":"https:\/\/www.ksttukku.fi\/kauppa\/wp-json\/wp\/v2\/media?parent=8034"}],"wp:term":[{"taxonomy":"product_brand","embeddable":true,"href":"https:\/\/www.ksttukku.fi\/kauppa\/wp-json\/wp\/v2\/product_brand?post=8034"},{"taxonomy":"product_cat","embeddable":true,"href":"https:\/\/www.ksttukku.fi\/kauppa\/wp-json\/wp\/v2\/product_cat?post=8034"},{"taxonomy":"product_tag","embeddable":true,"href":"https:\/\/www.ksttukku.fi\/kauppa\/wp-json\/wp\/v2\/product_tag?post=8034"}],"curies":[{"name":"wp","href":"https:\/\/api.w.org\/{rel}","templated":true}]}}