{"id":8041,"date":"2021-07-23T17:45:25","date_gmt":"2021-07-23T14:45:25","guid":{"rendered":"https:\/\/www.ksttukku.fi\/kauppa\/?post_type=product&#038;p=8041"},"modified":"2024-02-29T17:31:34","modified_gmt":"2024-02-29T15:31:34","slug":"led-saunavalosarja-9-os-hopea","status":"publish","type":"product","link":"https:\/\/www.ksttukku.fi\/kauppa\/tuote\/led-saunavalosarja-9-os-hopea\/","title":{"rendered":"LED saunavalosarja 9-os hopea"},"content":{"rendered":"<p>Saunan ja kodin muiden tilojen korostusvalaistukseen soveltuva uppoasennettava 9-os. ledivalosarja. Laajennettavissa jopa 24 -osaiseksi. Valaisinosa ja teflonpinnoitteinen liitosjohto IP44, muut osat IP20. Johtojen pituudet: 3x3m, 3x4m, 3x5m. Valaisinosa: 12 VDC, 0,3 W, 6-7 lm, 3000 K (9 kpl), kehys \u00d820&#215;1,5mm. Liit\u00e4nt\u00e4laite: 220-240VAC\/12VDC, 6W,<\/p>\n","protected":false},"excerpt":{"rendered":"<p>Saunan ja kodin muiden tilojen korostusvalaistukseen soveltuva uppoasennettava 9-os. ledivalosarja. Laajennettavissa jopa 24 -osaiseksi. Valaisinosa ja teflonpinnoitteinen liitosjohto IP44, muut osat IP20. Johtojen pituudet: 3x3m, 3x4m, 3x5m. Valaisinosa: 12 VDC, 0,3 W, 6-7 lm, 3000 K (9 kpl), kehys \u00d820&#215;1,5mm. Liit\u00e4nt\u00e4laite: 220-240VAC\/12VDC, 6W,<\/p>\n","protected":false},"featured_media":8044,"comment_status":"closed","ping_status":"closed","template":"","meta":[],"product_brand":[],"product_cat":[50],"product_tag":[],"class_list":{"0":"post-8041","1":"product","2":"type-product","3":"status-publish","4":"has-post-thumbnail","6":"product_cat-saunavalaisimet","8":"first","9":"instock","10":"taxable","11":"shipping-taxable","12":"purchasable","13":"product-type-simple"},"_links":{"self":[{"href":"https:\/\/www.ksttukku.fi\/kauppa\/wp-json\/wp\/v2\/product\/8041","targetHints":{"allow":["GET"]}}],"collection":[{"href":"https:\/\/www.ksttukku.fi\/kauppa\/wp-json\/wp\/v2\/product"}],"about":[{"href":"https:\/\/www.ksttukku.fi\/kauppa\/wp-json\/wp\/v2\/types\/product"}],"replies":[{"embeddable":true,"href":"https:\/\/www.ksttukku.fi\/kauppa\/wp-json\/wp\/v2\/comments?post=8041"}],"wp:featuredmedia":[{"embeddable":true,"href":"https:\/\/www.ksttukku.fi\/kauppa\/wp-json\/wp\/v2\/media\/8044"}],"wp:attachment":[{"href":"https:\/\/www.ksttukku.fi\/kauppa\/wp-json\/wp\/v2\/media?parent=8041"}],"wp:term":[{"taxonomy":"product_brand","embeddable":true,"href":"https:\/\/www.ksttukku.fi\/kauppa\/wp-json\/wp\/v2\/product_brand?post=8041"},{"taxonomy":"product_cat","embeddable":true,"href":"https:\/\/www.ksttukku.fi\/kauppa\/wp-json\/wp\/v2\/product_cat?post=8041"},{"taxonomy":"product_tag","embeddable":true,"href":"https:\/\/www.ksttukku.fi\/kauppa\/wp-json\/wp\/v2\/product_tag?post=8041"}],"curies":[{"name":"wp","href":"https:\/\/api.w.org\/{rel}","templated":true}]}}