{"id":8050,"date":"2021-07-24T14:08:23","date_gmt":"2021-07-24T11:08:23","guid":{"rendered":"https:\/\/www.ksttukku.fi\/kauppa\/?post_type=product&#038;p=8050"},"modified":"2021-07-24T14:08:24","modified_gmt":"2021-07-24T11:08:24","slug":"led-lisalamppu-saunavalosarjaan-musta","status":"publish","type":"product","link":"https:\/\/www.ksttukku.fi\/kauppa\/tuote\/led-lisalamppu-saunavalosarjaan-musta\/","title":{"rendered":"LED lis\u00e4lamppu saunavalosarjaan musta"},"content":{"rendered":"<p>LED lis\u00e4lamppu 5m johdolla saunavalosarjaan, v\u00e4ri musta. 0,3W, n. 5lm, 3000K, kehys \u00d816x20mm, Upotusaukko \u00d813mm.<\/p>\n","protected":false},"excerpt":{"rendered":"<p>LED lis\u00e4lamppu 5m johdolla saunavalosarjaan, v\u00e4ri musta. 0,3W, n. 5lm, 3000K, kehys \u00d816x20mm, Upotusaukko \u00d813mm.<\/p>\n","protected":false},"featured_media":8046,"comment_status":"closed","ping_status":"closed","template":"","meta":[],"product_brand":[],"product_cat":[50],"product_tag":[],"class_list":{"0":"post-8050","1":"product","2":"type-product","3":"status-publish","4":"has-post-thumbnail","6":"product_cat-saunavalaisimet","8":"first","9":"instock","10":"taxable","11":"shipping-taxable","12":"purchasable","13":"product-type-simple"},"_links":{"self":[{"href":"https:\/\/www.ksttukku.fi\/kauppa\/wp-json\/wp\/v2\/product\/8050","targetHints":{"allow":["GET"]}}],"collection":[{"href":"https:\/\/www.ksttukku.fi\/kauppa\/wp-json\/wp\/v2\/product"}],"about":[{"href":"https:\/\/www.ksttukku.fi\/kauppa\/wp-json\/wp\/v2\/types\/product"}],"replies":[{"embeddable":true,"href":"https:\/\/www.ksttukku.fi\/kauppa\/wp-json\/wp\/v2\/comments?post=8050"}],"wp:featuredmedia":[{"embeddable":true,"href":"https:\/\/www.ksttukku.fi\/kauppa\/wp-json\/wp\/v2\/media\/8046"}],"wp:attachment":[{"href":"https:\/\/www.ksttukku.fi\/kauppa\/wp-json\/wp\/v2\/media?parent=8050"}],"wp:term":[{"taxonomy":"product_brand","embeddable":true,"href":"https:\/\/www.ksttukku.fi\/kauppa\/wp-json\/wp\/v2\/product_brand?post=8050"},{"taxonomy":"product_cat","embeddable":true,"href":"https:\/\/www.ksttukku.fi\/kauppa\/wp-json\/wp\/v2\/product_cat?post=8050"},{"taxonomy":"product_tag","embeddable":true,"href":"https:\/\/www.ksttukku.fi\/kauppa\/wp-json\/wp\/v2\/product_tag?post=8050"}],"curies":[{"name":"wp","href":"https:\/\/api.w.org\/{rel}","templated":true}]}}