{"id":8058,"date":"2021-07-28T18:09:58","date_gmt":"2021-07-28T15:09:58","guid":{"rendered":"https:\/\/www.ksttukku.fi\/kauppa\/?post_type=product&#038;p=8058"},"modified":"2022-03-30T17:35:15","modified_gmt":"2022-03-30T14:35:15","slug":"komposiittilevy-marmori-harmaa-1220x3650x4mm","status":"publish","type":"product","link":"https:\/\/www.ksttukku.fi\/kauppa\/tuote\/komposiittilevy-marmori-harmaa-1220x3650x4mm\/","title":{"rendered":"Komposiittilevy marmori \/ harmaa 1220x3650x4mm"},"content":{"rendered":"<p>Aluco Komposiittilevyst\u00e4 valmistettu sisustuslevy esim. keitti\u00f6n v\u00e4litilaan. Mitoitus 4x1220x3650mm. Toinen puoli levyst\u00e4 on marmorikuvioitu (uutuus) ja toinen harmaa.<\/p>\n","protected":false},"excerpt":{"rendered":"<p>Aluco Komposiittilevyst\u00e4 valmistettu sisustuslevy esim. keitti\u00f6n v\u00e4litilaan. Mitoitus 4x1220x3650mm. Toinen puoli levyst\u00e4 on marmorikuvioitu (uutuus) ja toinen harmaa.<\/p>\n","protected":false},"featured_media":8059,"comment_status":"closed","ping_status":"closed","template":"","meta":[],"product_brand":[],"product_cat":[246,245],"product_tag":[],"class_list":{"0":"post-8058","1":"product","2":"type-product","3":"status-publish","4":"has-post-thumbnail","6":"product_cat-aluco-sisustuslevyt","7":"product_cat-sisustuslevyt","9":"first","10":"instock","11":"taxable","12":"shipping-taxable","13":"purchasable","14":"product-type-simple"},"_links":{"self":[{"href":"https:\/\/www.ksttukku.fi\/kauppa\/wp-json\/wp\/v2\/product\/8058","targetHints":{"allow":["GET"]}}],"collection":[{"href":"https:\/\/www.ksttukku.fi\/kauppa\/wp-json\/wp\/v2\/product"}],"about":[{"href":"https:\/\/www.ksttukku.fi\/kauppa\/wp-json\/wp\/v2\/types\/product"}],"replies":[{"embeddable":true,"href":"https:\/\/www.ksttukku.fi\/kauppa\/wp-json\/wp\/v2\/comments?post=8058"}],"wp:featuredmedia":[{"embeddable":true,"href":"https:\/\/www.ksttukku.fi\/kauppa\/wp-json\/wp\/v2\/media\/8059"}],"wp:attachment":[{"href":"https:\/\/www.ksttukku.fi\/kauppa\/wp-json\/wp\/v2\/media?parent=8058"}],"wp:term":[{"taxonomy":"product_brand","embeddable":true,"href":"https:\/\/www.ksttukku.fi\/kauppa\/wp-json\/wp\/v2\/product_brand?post=8058"},{"taxonomy":"product_cat","embeddable":true,"href":"https:\/\/www.ksttukku.fi\/kauppa\/wp-json\/wp\/v2\/product_cat?post=8058"},{"taxonomy":"product_tag","embeddable":true,"href":"https:\/\/www.ksttukku.fi\/kauppa\/wp-json\/wp\/v2\/product_tag?post=8058"}],"curies":[{"name":"wp","href":"https:\/\/api.w.org\/{rel}","templated":true}]}}