{"id":8078,"date":"2021-08-05T13:36:25","date_gmt":"2021-08-05T10:36:25","guid":{"rendered":"https:\/\/www.ksttukku.fi\/kauppa\/?post_type=product&#038;p=8078"},"modified":"2022-03-31T17:02:48","modified_gmt":"2022-03-31T14:02:48","slug":"terassilammitin-veito-blade-hopea-1200w-ip55","status":"publish","type":"product","link":"https:\/\/www.ksttukku.fi\/kauppa\/tuote\/terassilammitin-veito-blade-hopea-1200w-ip55\/","title":{"rendered":"Terassil\u00e4mmitin Veito Blade hopea 1200W IP55"},"content":{"rendered":"<div id=\"u81072-4\" class=\"H1 clearfix grpelem\" data-muse-uid=\"U81072\" data-muse-type=\"txt_frame\" data-ibe-flags=\"txtStyleSrc\">\n<p>Veito BLADE\u00a0 l\u00e4mmitin on uusi\u00a0 kauniisti muotoiltu eritt\u00e4in tehokas sein\u00e4 -ja kattol\u00e4mmitin.<\/p>\n<p>Kaukos\u00e4\u00e4timen avulla kontrolloit helposti kaikkia tuotteen ominaisuuksia. Automaattinen l\u00e4mp\u00f6tila kontrolli\u00a0 s\u00e4\u00e4telee virrankulutusta asettamasi l\u00e4mp\u00f6tilan mukaan eliminoiden yht\u00e4kkiset kylm\u00e4t ja kuumat l\u00e4mp\u00f6tilavaihtelut.<\/p>\n<p>L\u00e4mmitin voidaan asettaa 4 eri l\u00e4mp\u00f6tilavoimakkuuteen 600W-800W-1000W-1200W. Tuotteen turvallisuutta lis\u00e4\u00e4 ylikuumenemissuoja, joka automaattisesti katkaisee l\u00e4mmittimen ylikuumenemistilassa.<\/p>\n<p>Metallinen turvakehikko on valmistettu eritt\u00e4in kest\u00e4v\u00e4st\u00e4 304 ruostumattomasta ter\u00e4ksest\u00e4.\u00a0 Jokainen l\u00e4mmittimen osa on huolellisesti suunniteltu, joka mahdollistaa pitk\u00e4n ja kest\u00e4v\u00e4n k\u00e4ytt\u00f6i\u00e4n.<\/p>\n<p>T\u00e4m\u00e4 l\u00e4mmitin on IP55 sertifioitu, joka tarkoittaa, ett\u00e4 voit asettaa l\u00e4mmittimen niin sis\u00e4lle kuin ulos.\u00a0 Luokitus takaa, ett\u00e4 tuote kest\u00e4\u00e4 kovatkin olosuhteet kuten sateen, lumen ja kovemman tuulen.<\/p>\n<p>Kaikill\u00e4 BLADE l\u00e4mmittimill\u00e4 on sama taajuus, joka tarkoittaa, ett\u00e4 samalla kaukos\u00e4\u00e4timell\u00e4 voidaan kontrolloida kaikkia alueella olevia l\u00e4mmittimi\u00e4.<\/p>\n<\/div>\n","protected":false},"excerpt":{"rendered":"<p>Veito BLADE\u00a0 l\u00e4mmitin on uusi\u00a0 kauniisti muotoiltu eritt\u00e4in tehokas sein\u00e4 -ja kattol\u00e4mmitin. Kaukos\u00e4\u00e4timen avulla kontrolloit helposti kaikkia tuotteen ominaisuuksia. Automaattinen l\u00e4mp\u00f6tila kontrolli\u00a0 s\u00e4\u00e4telee virrankulutusta asettamasi l\u00e4mp\u00f6tilan mukaan eliminoiden yht\u00e4kkiset kylm\u00e4t ja kuumat l\u00e4mp\u00f6tilavaihtelut. L\u00e4mmitin voidaan asettaa 4 eri l\u00e4mp\u00f6tilavoimakkuuteen 600W-800W-1000W-1200W. Tuotteen turvallisuutta lis\u00e4\u00e4 ylikuumenemissuoja, joka automaattisesti katkaisee l\u00e4mmittimen ylikuumenemistilassa. Metallinen turvakehikko on valmistettu eritt\u00e4in kest\u00e4v\u00e4st\u00e4 [&hellip;]<\/p>\n","protected":false},"featured_media":8079,"comment_status":"closed","ping_status":"closed","template":"","meta":[],"product_brand":[],"product_cat":[125],"product_tag":[],"class_list":{"0":"post-8078","1":"product","2":"type-product","3":"status-publish","4":"has-post-thumbnail","6":"product_cat-terassilammittimet","8":"first","9":"instock","10":"taxable","11":"shipping-taxable","12":"purchasable","13":"product-type-simple"},"_links":{"self":[{"href":"https:\/\/www.ksttukku.fi\/kauppa\/wp-json\/wp\/v2\/product\/8078","targetHints":{"allow":["GET"]}}],"collection":[{"href":"https:\/\/www.ksttukku.fi\/kauppa\/wp-json\/wp\/v2\/product"}],"about":[{"href":"https:\/\/www.ksttukku.fi\/kauppa\/wp-json\/wp\/v2\/types\/product"}],"replies":[{"embeddable":true,"href":"https:\/\/www.ksttukku.fi\/kauppa\/wp-json\/wp\/v2\/comments?post=8078"}],"wp:featuredmedia":[{"embeddable":true,"href":"https:\/\/www.ksttukku.fi\/kauppa\/wp-json\/wp\/v2\/media\/8079"}],"wp:attachment":[{"href":"https:\/\/www.ksttukku.fi\/kauppa\/wp-json\/wp\/v2\/media?parent=8078"}],"wp:term":[{"taxonomy":"product_brand","embeddable":true,"href":"https:\/\/www.ksttukku.fi\/kauppa\/wp-json\/wp\/v2\/product_brand?post=8078"},{"taxonomy":"product_cat","embeddable":true,"href":"https:\/\/www.ksttukku.fi\/kauppa\/wp-json\/wp\/v2\/product_cat?post=8078"},{"taxonomy":"product_tag","embeddable":true,"href":"https:\/\/www.ksttukku.fi\/kauppa\/wp-json\/wp\/v2\/product_tag?post=8078"}],"curies":[{"name":"wp","href":"https:\/\/api.w.org\/{rel}","templated":true}]}}