{"id":8099,"date":"2021-08-06T16:24:13","date_gmt":"2021-08-06T13:24:13","guid":{"rendered":"https:\/\/www.ksttukku.fi\/kauppa\/?post_type=product&#038;p=8099"},"modified":"2022-04-02T12:25:29","modified_gmt":"2022-04-02T09:25:29","slug":"terassilammitin-veito-ch1800re-musta","status":"publish","type":"product","link":"https:\/\/www.ksttukku.fi\/kauppa\/tuote\/terassilammitin-veito-ch1800re-musta\/","title":{"rendered":"Terassil\u00e4mmitin Veito CH1800RE musta"},"content":{"rendered":"<p>L\u00e4mmit\u00e4 huoneesi sekunneissa. Kest\u00e4v\u00e4n alumiinirungon ja kantokahvan avulla tuote on helposti siirrett\u00e4viss\u00e4 huoneesta toiseen. Olemme suunnitelleet l\u00e4mmittimeen kaukos\u00e4\u00e4timen. Se on yksinkertainen ja elegantti. Voit s\u00e4\u00e4t\u00e4\u00e4 l\u00e4mmitystehoa ja asettaa uniajastimen. Automaattinen termostaatti s\u00e4\u00e4telee energiankulutusta perustuen mihin asteeseen olet asettanut l\u00e4mmittimen. T\u00e4m\u00e4n ansiosta l\u00e4mmitin pyrkii v\u00e4ltt\u00e4m\u00e4\u00e4n ep\u00e4mukavan kuumia ja kylmi\u00e4 aaltoja.<\/p>\n<ul>\n<li>1700W<\/li>\n<li>Kaukos\u00e4\u00e4din<\/li>\n<li>Nelj\u00e4 eri l\u00e4mm\u00f6ns\u00e4\u00e4t\u00f6tehoa 800W\/1100W\/<\/li>\n<li>Digitaalinen termostaatti<\/li>\n<li>Uniajastin<\/li>\n<li>Korkeus s\u00e4\u00e4dett\u00e4viss\u00e4<\/li>\n<li>Kantokahva<\/li>\n<li>Kaatumissuoja TIP-over protection<\/li>\n<\/ul>\n","protected":false},"excerpt":{"rendered":"<p>L\u00e4mmit\u00e4 huoneesi sekunneissa. Kest\u00e4v\u00e4n alumiinirungon ja kantokahvan avulla tuote on helposti siirrett\u00e4viss\u00e4 huoneesta toiseen. Olemme suunnitelleet l\u00e4mmittimeen kaukos\u00e4\u00e4timen. Se on yksinkertainen ja elegantti. Voit s\u00e4\u00e4t\u00e4\u00e4 l\u00e4mmitystehoa ja asettaa uniajastimen. Automaattinen termostaatti s\u00e4\u00e4telee energiankulutusta perustuen mihin asteeseen olet asettanut l\u00e4mmittimen. T\u00e4m\u00e4n ansiosta l\u00e4mmitin pyrkii v\u00e4ltt\u00e4m\u00e4\u00e4n ep\u00e4mukavan kuumia ja kylmi\u00e4 aaltoja. 1700W Kaukos\u00e4\u00e4din Nelj\u00e4 eri l\u00e4mm\u00f6ns\u00e4\u00e4t\u00f6tehoa 800W\/1100W\/ [&hellip;]<\/p>\n","protected":false},"featured_media":8100,"comment_status":"closed","ping_status":"closed","template":"","meta":[],"product_brand":[],"product_cat":[125],"product_tag":[],"class_list":{"0":"post-8099","1":"product","2":"type-product","3":"status-publish","4":"has-post-thumbnail","6":"product_cat-terassilammittimet","8":"first","9":"instock","10":"taxable","11":"shipping-taxable","12":"purchasable","13":"product-type-simple"},"_links":{"self":[{"href":"https:\/\/www.ksttukku.fi\/kauppa\/wp-json\/wp\/v2\/product\/8099","targetHints":{"allow":["GET"]}}],"collection":[{"href":"https:\/\/www.ksttukku.fi\/kauppa\/wp-json\/wp\/v2\/product"}],"about":[{"href":"https:\/\/www.ksttukku.fi\/kauppa\/wp-json\/wp\/v2\/types\/product"}],"replies":[{"embeddable":true,"href":"https:\/\/www.ksttukku.fi\/kauppa\/wp-json\/wp\/v2\/comments?post=8099"}],"wp:featuredmedia":[{"embeddable":true,"href":"https:\/\/www.ksttukku.fi\/kauppa\/wp-json\/wp\/v2\/media\/8100"}],"wp:attachment":[{"href":"https:\/\/www.ksttukku.fi\/kauppa\/wp-json\/wp\/v2\/media?parent=8099"}],"wp:term":[{"taxonomy":"product_brand","embeddable":true,"href":"https:\/\/www.ksttukku.fi\/kauppa\/wp-json\/wp\/v2\/product_brand?post=8099"},{"taxonomy":"product_cat","embeddable":true,"href":"https:\/\/www.ksttukku.fi\/kauppa\/wp-json\/wp\/v2\/product_cat?post=8099"},{"taxonomy":"product_tag","embeddable":true,"href":"https:\/\/www.ksttukku.fi\/kauppa\/wp-json\/wp\/v2\/product_tag?post=8099"}],"curies":[{"name":"wp","href":"https:\/\/api.w.org\/{rel}","templated":true}]}}