{"id":8101,"date":"2021-08-06T16:45:41","date_gmt":"2021-08-06T13:45:41","guid":{"rendered":"https:\/\/www.ksttukku.fi\/kauppa\/?post_type=product&#038;p=8101"},"modified":"2022-04-02T12:38:54","modified_gmt":"2022-04-02T09:38:54","slug":"terassilammitin-veito-ch1800xe-musta","status":"publish","type":"product","link":"https:\/\/www.ksttukku.fi\/kauppa\/tuote\/terassilammitin-veito-ch1800xe-musta\/","title":{"rendered":"Terassil\u00e4mmitin Veito CH1800XE musta"},"content":{"rendered":"<p>L\u00e4mmit\u00e4 huoneesi sekunneissa. Kest\u00e4v\u00e4n alumiinirungon ja kantokahvan avulla tuote on helposti siirrett\u00e4viss\u00e4 huoneesta toiseen. L\u00e4mmittimen s\u00e4\u00e4t\u00f6 tapahtuu laitteessa olevalla napilla. Se on yksinkertainen ja elegantti. Laita l\u00e4mmitin p\u00e4\u00e4lle ja nauti mukavasta l\u00e4mm\u00f6st\u00e4.<\/p>\n<ul>\n<li>1700W<\/li>\n<li>Kaksi eri l\u00e4mm\u00f6ns\u00e4\u00e4t\u00f6tehoa 900W\/1700W\/<\/li>\n<li>Korkeus s\u00e4\u00e4dett\u00e4viss\u00e4<\/li>\n<li>Kantokahva<\/li>\n<li>Kaatumissuoja TIP-over protection<\/li>\n<\/ul>\n","protected":false},"excerpt":{"rendered":"<p>L\u00e4mmit\u00e4 huoneesi sekunneissa. Kest\u00e4v\u00e4n alumiinirungon ja kantokahvan avulla tuote on helposti siirrett\u00e4viss\u00e4 huoneesta toiseen. L\u00e4mmittimen s\u00e4\u00e4t\u00f6 tapahtuu laitteessa olevalla napilla. Se on yksinkertainen ja elegantti. Laita l\u00e4mmitin p\u00e4\u00e4lle ja nauti mukavasta l\u00e4mm\u00f6st\u00e4. 1700W Kaksi eri l\u00e4mm\u00f6ns\u00e4\u00e4t\u00f6tehoa 900W\/1700W\/ Korkeus s\u00e4\u00e4dett\u00e4viss\u00e4 Kantokahva Kaatumissuoja TIP-over protection<\/p>\n","protected":false},"featured_media":8102,"comment_status":"closed","ping_status":"closed","template":"","meta":[],"product_brand":[],"product_cat":[125],"product_tag":[],"class_list":{"0":"post-8101","1":"product","2":"type-product","3":"status-publish","4":"has-post-thumbnail","6":"product_cat-terassilammittimet","8":"first","9":"instock","10":"taxable","11":"shipping-taxable","12":"purchasable","13":"product-type-simple"},"_links":{"self":[{"href":"https:\/\/www.ksttukku.fi\/kauppa\/wp-json\/wp\/v2\/product\/8101","targetHints":{"allow":["GET"]}}],"collection":[{"href":"https:\/\/www.ksttukku.fi\/kauppa\/wp-json\/wp\/v2\/product"}],"about":[{"href":"https:\/\/www.ksttukku.fi\/kauppa\/wp-json\/wp\/v2\/types\/product"}],"replies":[{"embeddable":true,"href":"https:\/\/www.ksttukku.fi\/kauppa\/wp-json\/wp\/v2\/comments?post=8101"}],"wp:featuredmedia":[{"embeddable":true,"href":"https:\/\/www.ksttukku.fi\/kauppa\/wp-json\/wp\/v2\/media\/8102"}],"wp:attachment":[{"href":"https:\/\/www.ksttukku.fi\/kauppa\/wp-json\/wp\/v2\/media?parent=8101"}],"wp:term":[{"taxonomy":"product_brand","embeddable":true,"href":"https:\/\/www.ksttukku.fi\/kauppa\/wp-json\/wp\/v2\/product_brand?post=8101"},{"taxonomy":"product_cat","embeddable":true,"href":"https:\/\/www.ksttukku.fi\/kauppa\/wp-json\/wp\/v2\/product_cat?post=8101"},{"taxonomy":"product_tag","embeddable":true,"href":"https:\/\/www.ksttukku.fi\/kauppa\/wp-json\/wp\/v2\/product_tag?post=8101"}],"curies":[{"name":"wp","href":"https:\/\/api.w.org\/{rel}","templated":true}]}}