{"id":8155,"date":"2021-09-02T18:10:04","date_gmt":"2021-09-02T15:10:04","guid":{"rendered":"https:\/\/www.ksttukku.fi\/kauppa\/?post_type=product&#038;p=8155"},"modified":"2022-05-17T17:55:47","modified_gmt":"2022-05-17T14:55:47","slug":"htt-keitele-kiertoilmatakka-satiinimusta","status":"publish","type":"product","link":"https:\/\/www.ksttukku.fi\/kauppa\/tuote\/htt-keitele-kiertoilmatakka-satiinimusta\/","title":{"rendered":"HTT Keitele kiertoilmatakka satiinimusta"},"content":{"rendered":"<div class=\"woocommerce-tabs wc-tabs-wrapper\">\n<div class=\"tabs-content\" data-tabs-content=\"product-info-tabs\">\n<div id=\"tab-description\" class=\"tabs-panel is-active\" role=\"tabpanel\" aria-labelledby=\"tab-description-label\">\n<p>HTT Kiertoilmatakka Keitele on markkinoiden ensimm\u00e4inen paikallaan kasattava kiertoilmatakka. Se on helppo kuljettaa pieness\u00e4kin tilassa ja sen kasaaminen onnistuu vaivatta ilman ammattilaisen apua. Takka sopii hyvin sek\u00e4 kotiin ett\u00e4 vapaa-ajan asunnon l\u00e4mmitykseen \u2013 pienen koon ja koottavan rakenteen ansiosta voit kuljettaa sen vaikka m\u00f6kille saareen!<\/p>\n<p>Takan nopeasti l\u00e4mpi\u00e4v\u00e4 rakenne ja tehokas ilmankierto takaavat nopean l\u00e4mm\u00f6n tuotannon heti sytytyksen j\u00e4lkeen. Kiertoilmatakka l\u00e4mpi\u00e4\u00e4 hyvin jo pienell\u00e4kin puum\u00e4\u00e4r\u00e4ll\u00e4 ja tulipes\u00e4n keraamiset tulipes\u00e4elementit varaavat my\u00f6s jonkin verran l\u00e4mp\u00f6\u00e4.<\/p>\n<p>HTT Kiertoilmatakka Keitele on laadukas ja kest\u00e4v\u00e4 kotimainen tuote. Takka on kokonaan suunniteltu sek\u00e4 valmistettu Suomessa Viitasaarella Pislan tehtaalla. Tyylikk\u00e4\u00e4n ulkon\u00e4k\u00f6ns\u00e4 ansiosta takka sopii vaativankin sisustajan kotiin. Takasta on saatavilla kolme eri v\u00e4ri\u00e4: musta, harmaa sek\u00e4 valkoinen. Suuri ja kaunis lasiluukku tuo upeasti el\u00e4v\u00e4n tulen osaksi huoneen tunnelmaa ja viimeistelee n\u00e4in ollen kokonaisuuden.<\/p>\n<p>Katso videolta, kuinka helppo t\u00e4m\u00e4 on koota! https:\/\/www.youtube.com\/watch?v=Md5H4beJYGQ<\/p>\n<ul>\n<li>paikallaan kasattava \u2013 kasaus helppoa ja nopeaa<\/li>\n<li>helppok\u00e4ytt\u00f6inen<\/li>\n<li>kuljetus pieness\u00e4 tilassa<\/li>\n<li>kokonaan suunniteltu ja valmistettu Suomessa<\/li>\n<li>markkinoiden ensimm\u00e4inen itse koottava malli<\/li>\n<li>laadukas ja kest\u00e4v\u00e4<\/li>\n<li>markkinoiden ensimm\u00e4inen itse koottava malli<\/li>\n<li>sopii hyvin kotiin ja vapaa-ajan asunnon l\u00e4mmitykseen<\/li>\n<li>nopeasti l\u00e4mpi\u00e4v\u00e4 rakenne ja tehokas ilmankierto takaavat nopean l\u00e4mm\u00f6n tuotannon heti sytytyksen j\u00e4lkeen<\/li>\n<li>antaa tehokkaasti l\u00e4mp\u00f6\u00e4 pienell\u00e4kin puum\u00e4\u00e4r\u00e4ll\u00e4 ja varaa l\u00e4mp\u00f6\u00e4<\/li>\n<li>suuri lasiluukku, joka s\u00e4teilee l\u00e4mp\u00f6\u00e4 tehokkaasti huoneilmaan<\/li>\n<li>tyylik\u00e4s ulkon\u00e4k\u00f6<\/li>\n<li>metallikuoret saatavilla v\u00e4reiss\u00e4 musta, harmaa ja valkoinen<\/li>\n<li>hyv\u00e4 hinta-laatu-suhde<\/li>\n<\/ul>\n<p>&nbsp;<\/p>\n<p>TEKNISET TIEDOT<\/p>\n<ul>\n<li>paino:\u00a0 235 kg<\/li>\n<li>leveys x syvyys x korkeus:\u00a0 612 x 519 x 1430 mm<\/li>\n<li>k\u00e4ytt\u00f6tapa:\u00a0 kausiluontoinen, jaksottaisl\u00e4mmitteinen<\/li>\n<li>nimellisteho:\u00a0 14,5 kW<\/li>\n<li>hy\u00f6tysuhde:\u00a0 70%<\/li>\n<li>CO pitoisuus:\u00a0 13% O2 0,55%<\/li>\n<li>savukaasujen nimellisteho l\u00e4mp\u00f6tila:\u00a0 347\u00b0<\/li>\n<li>savukaasujen k\u00e4ytt\u00f6turvallisuustestin maksimil\u00e4mp\u00f6tila:\u00a0 408\u00b0<\/li>\n<li>polttoaine:\u00a0 puu, klapin pituus 25 cm<\/li>\n<li>panos\/nimellinen kulutus:\u00a0 3,5 kg tunnissa<\/li>\n<li>t\u00e4ytt\u00f6v\u00e4li:\u00a0 0,85 h<\/li>\n<\/ul>\n<p>HORMILIITOSOMINAISUUDET<\/p>\n<ul>\n<li>hormiliitoshalkaisija:\u00a0 \u00d8150 mm<\/li>\n<li>hormiliitokset:\u00a0 vakio takan p\u00e4\u00e4ll\u00e4 \/ optio takana<\/li>\n<li>erillisen hormikanavan tyyppi:\u00a0 \u00d8150 mm luokka T-600 vaatimukset t\u00e4ytt\u00e4v\u00e4, CE-hyv\u00e4ksytty<\/li>\n<li>laitteen yl\u00e4puolelle tulevan hormin minimipituus:\u00a0 4,0 m<\/li>\n<li>nimellistehon minimialipaine:\u00a0 12 Pa<\/li>\n<li>savukaasujen massavirta nimellisteholla:\u00a0 6,4 g\/s<\/li>\n<li>maksimialipaine:\u00a0 20 Pa<\/li>\n<li>tyyppikilpi:\u00a0 laitteen takana<\/li>\n<li>vakiovarusteet:\u00a0 suojahansikas<\/li>\n<\/ul>\n<\/div>\n<\/div>\n<\/div>\n<section class=\"up-sells upsells products\">\n<h2><\/h2>\n<\/section>\n","protected":false},"excerpt":{"rendered":"<p>Ilmainen toimitus!<\/p>\n","protected":false},"featured_media":8159,"comment_status":"closed","ping_status":"closed","template":"","meta":[],"product_brand":[],"product_cat":[204],"product_tag":[],"class_list":{"0":"post-8155","1":"product","2":"type-product","3":"status-publish","4":"has-post-thumbnail","6":"product_cat-sisustustakat","8":"first","9":"instock","10":"taxable","11":"shipping-taxable","12":"purchasable","13":"product-type-simple"},"_links":{"self":[{"href":"https:\/\/www.ksttukku.fi\/kauppa\/wp-json\/wp\/v2\/product\/8155","targetHints":{"allow":["GET"]}}],"collection":[{"href":"https:\/\/www.ksttukku.fi\/kauppa\/wp-json\/wp\/v2\/product"}],"about":[{"href":"https:\/\/www.ksttukku.fi\/kauppa\/wp-json\/wp\/v2\/types\/product"}],"replies":[{"embeddable":true,"href":"https:\/\/www.ksttukku.fi\/kauppa\/wp-json\/wp\/v2\/comments?post=8155"}],"wp:featuredmedia":[{"embeddable":true,"href":"https:\/\/www.ksttukku.fi\/kauppa\/wp-json\/wp\/v2\/media\/8159"}],"wp:attachment":[{"href":"https:\/\/www.ksttukku.fi\/kauppa\/wp-json\/wp\/v2\/media?parent=8155"}],"wp:term":[{"taxonomy":"product_brand","embeddable":true,"href":"https:\/\/www.ksttukku.fi\/kauppa\/wp-json\/wp\/v2\/product_brand?post=8155"},{"taxonomy":"product_cat","embeddable":true,"href":"https:\/\/www.ksttukku.fi\/kauppa\/wp-json\/wp\/v2\/product_cat?post=8155"},{"taxonomy":"product_tag","embeddable":true,"href":"https:\/\/www.ksttukku.fi\/kauppa\/wp-json\/wp\/v2\/product_tag?post=8155"}],"curies":[{"name":"wp","href":"https:\/\/api.w.org\/{rel}","templated":true}]}}