{"id":8170,"date":"2021-09-03T10:42:50","date_gmt":"2021-09-03T07:42:50","guid":{"rendered":"https:\/\/www.ksttukku.fi\/kauppa\/?post_type=product&#038;p=8170"},"modified":"2022-03-22T13:18:43","modified_gmt":"2022-03-22T11:18:43","slug":"camillus-kattovalaisin-ip44-15w-1350lm-3-step","status":"publish","type":"product","link":"https:\/\/www.ksttukku.fi\/kauppa\/tuote\/camillus-kattovalaisin-ip44-15w-1350lm-3-step\/","title":{"rendered":"Camillus kattovalaisin IP44 15W 1800lm 3-step 4000K"},"content":{"rendered":"<p>Valaisimen kirkkautta voi s\u00e4\u00e4t\u00e4\u00e4 kolmiportaisesti tavallisen valokatkaisimen avulla.<\/p>\n<p>Teho: 15 W<\/p>\n<p>Valovirta: 1800 lm<\/p>\n<p>V\u00e4ril\u00e4mp\u00f6tila: 4000 K<\/p>\n<p>Mitat: \u2205 26 cm, korkeus 3 cm<\/p>\n<p>V\u00e4ri: Valkoinen<\/p>\n","protected":false},"excerpt":{"rendered":"<p>Valaisimen kirkkautta voi s\u00e4\u00e4t\u00e4\u00e4 kolmiportaisesti tavallisen valokatkaisimen avulla. Teho: 15 W Valovirta: 1800 lm V\u00e4ril\u00e4mp\u00f6tila: 4000 K Mitat: \u2205 26 cm, korkeus 3 cm V\u00e4ri: Valkoinen<\/p>\n","protected":false},"featured_media":8172,"comment_status":"closed","ping_status":"closed","template":"","meta":[],"product_brand":[],"product_cat":[48,183,35,34],"product_tag":[],"class_list":{"0":"post-8170","1":"product","2":"type-product","3":"status-publish","4":"has-post-thumbnail","6":"product_cat-kosteantilanvalaisimet","7":"product_cat-led-paneelivalaisimet","8":"product_cat-sisavalaisimet","9":"product_cat-valaisimet","11":"first","12":"instock","13":"taxable","14":"shipping-taxable","15":"purchasable","16":"product-type-simple"},"_links":{"self":[{"href":"https:\/\/www.ksttukku.fi\/kauppa\/wp-json\/wp\/v2\/product\/8170","targetHints":{"allow":["GET"]}}],"collection":[{"href":"https:\/\/www.ksttukku.fi\/kauppa\/wp-json\/wp\/v2\/product"}],"about":[{"href":"https:\/\/www.ksttukku.fi\/kauppa\/wp-json\/wp\/v2\/types\/product"}],"replies":[{"embeddable":true,"href":"https:\/\/www.ksttukku.fi\/kauppa\/wp-json\/wp\/v2\/comments?post=8170"}],"wp:featuredmedia":[{"embeddable":true,"href":"https:\/\/www.ksttukku.fi\/kauppa\/wp-json\/wp\/v2\/media\/8172"}],"wp:attachment":[{"href":"https:\/\/www.ksttukku.fi\/kauppa\/wp-json\/wp\/v2\/media?parent=8170"}],"wp:term":[{"taxonomy":"product_brand","embeddable":true,"href":"https:\/\/www.ksttukku.fi\/kauppa\/wp-json\/wp\/v2\/product_brand?post=8170"},{"taxonomy":"product_cat","embeddable":true,"href":"https:\/\/www.ksttukku.fi\/kauppa\/wp-json\/wp\/v2\/product_cat?post=8170"},{"taxonomy":"product_tag","embeddable":true,"href":"https:\/\/www.ksttukku.fi\/kauppa\/wp-json\/wp\/v2\/product_tag?post=8170"}],"curies":[{"name":"wp","href":"https:\/\/api.w.org\/{rel}","templated":true}]}}