{"id":8195,"date":"2021-09-07T11:39:26","date_gmt":"2021-09-07T08:39:26","guid":{"rendered":"https:\/\/www.ksttukku.fi\/kauppa\/?post_type=product&#038;p=8195"},"modified":"2021-09-07T12:19:19","modified_gmt":"2021-09-07T09:19:19","slug":"airam-loft-ripustusvalaisin-ip20","status":"publish","type":"product","link":"https:\/\/www.ksttukku.fi\/kauppa\/tuote\/airam-loft-ripustusvalaisin-ip20\/","title":{"rendered":"Airam Loft Ripustusvalaisin musta"},"content":{"rendered":"<div class=\"section\" data-v-5523b94e=\"\" data-sanitized-data-v-5523b94e=\"\" data-sanitized-data-mce-fragment=\"1\">\n<div class=\"section__content scylla-wysiwyg std text--left\" data-v-5523b94e=\"\" data-sanitized-data-v-5523b94e=\"\" data-sanitized-data-mce-fragment=\"1\">\n<p data-sanitized-data-mce-fragment=\"1\">Runko ja kupu ter\u00e4st\u00e4.<\/p>\n<p data-sanitized-data-mce-fragment=\"1\">Lamppu E27, ei sis\u00e4lly pakkaukseen.<\/p>\n<p data-sanitized-data-mce-fragment=\"1\">Pinta-asennus katon valaisinpistorasiaan,<\/p>\n<p data-sanitized-data-mce-fragment=\"1\">pakkauksessa valaisinpistotulppa ja kattokuppi.<\/p>\n<p data-sanitized-data-mce-fragment=\"1\">Ripustusjohto 1500 mm.<\/p>\n<p data-sanitized-data-mce-fragment=\"1\">Mitat: Pituus 35cm, leveys 35cm<\/p>\n<\/div>\n<\/div>\n","protected":false},"excerpt":{"rendered":"<p>Runko ja kupu ter\u00e4st\u00e4. Lamppu E27, ei sis\u00e4lly pakkaukseen. Pinta-asennus katon valaisinpistorasiaan, pakkauksessa valaisinpistotulppa ja kattokuppi. Ripustusjohto 1500 mm. Mitat: Pituus 35cm, leveys 35cm<\/p>\n","protected":false},"featured_media":8196,"comment_status":"closed","ping_status":"closed","template":"","meta":[],"product_brand":[],"product_cat":[40,49,35,34],"product_tag":[],"class_list":{"0":"post-8195","1":"product","2":"type-product","3":"status-publish","4":"has-post-thumbnail","6":"product_cat-kattovalaisimet","7":"product_cat-riippuvalaisimet","8":"product_cat-sisavalaisimet","9":"product_cat-valaisimet","11":"first","12":"instock","13":"taxable","14":"shipping-taxable","15":"purchasable","16":"product-type-simple"},"_links":{"self":[{"href":"https:\/\/www.ksttukku.fi\/kauppa\/wp-json\/wp\/v2\/product\/8195","targetHints":{"allow":["GET"]}}],"collection":[{"href":"https:\/\/www.ksttukku.fi\/kauppa\/wp-json\/wp\/v2\/product"}],"about":[{"href":"https:\/\/www.ksttukku.fi\/kauppa\/wp-json\/wp\/v2\/types\/product"}],"replies":[{"embeddable":true,"href":"https:\/\/www.ksttukku.fi\/kauppa\/wp-json\/wp\/v2\/comments?post=8195"}],"wp:featuredmedia":[{"embeddable":true,"href":"https:\/\/www.ksttukku.fi\/kauppa\/wp-json\/wp\/v2\/media\/8196"}],"wp:attachment":[{"href":"https:\/\/www.ksttukku.fi\/kauppa\/wp-json\/wp\/v2\/media?parent=8195"}],"wp:term":[{"taxonomy":"product_brand","embeddable":true,"href":"https:\/\/www.ksttukku.fi\/kauppa\/wp-json\/wp\/v2\/product_brand?post=8195"},{"taxonomy":"product_cat","embeddable":true,"href":"https:\/\/www.ksttukku.fi\/kauppa\/wp-json\/wp\/v2\/product_cat?post=8195"},{"taxonomy":"product_tag","embeddable":true,"href":"https:\/\/www.ksttukku.fi\/kauppa\/wp-json\/wp\/v2\/product_tag?post=8195"}],"curies":[{"name":"wp","href":"https:\/\/api.w.org\/{rel}","templated":true}]}}