{"id":82,"date":"2017-09-06T13:22:25","date_gmt":"2017-09-06T10:22:25","guid":{"rendered":"http:\/\/www.ksttukku.fi\/kauppa\/?post_type=product&#038;p=82"},"modified":"2023-03-23T10:21:16","modified_gmt":"2023-03-23T08:21:16","slug":"dover-100cm-harmaa","status":"publish","type":"product","link":"https:\/\/www.ksttukku.fi\/kauppa\/tuote\/dover-100cm-harmaa\/","title":{"rendered":"Kuramatto Dover 100 cm harmaa 32,00\u20ac\/m"},"content":{"rendered":"<p>Kuramatot est\u00e4v\u00e4t lian ja kosteuden siirtymisen ulkoa sis\u00e4tiloihin ja ovat helppohoitoisia.<br \/>\nMateriaali: Nukka 80 % puuvilla, 20 % synteettist\u00e4 ainetta, pohja lateksi<br \/>\nHoito-ohje: Matto voidaan tampata, imuroida tai tarvittaessa pest\u00e4 erill\u00e4\u00e4n koneessa 30 asteessa<\/p>\n<p>Leveys: 100 cm<\/p>\n<p>V\u00e4ri: Harmaa<\/p>\n","protected":false},"excerpt":{"rendered":"<p>Kuramatot est\u00e4v\u00e4t lian ja kosteuden siirtymisen ulkoa sis\u00e4tiloihin ja ovat helppohoitoisia. Materiaali: Nukka 80 % puuvilla, 20 % synteettist\u00e4 ainetta, pohja lateksi Hoito-ohje: Matto voidaan tampata, imuroida tai tarvittaessa pest\u00e4 erill\u00e4\u00e4n koneessa 30 asteessa Leveys: 100 cm V\u00e4ri: Harmaa<\/p>\n","protected":false},"featured_media":797,"comment_status":"closed","ping_status":"closed","template":"","meta":[],"product_brand":[],"product_cat":[26,22],"product_tag":[],"class_list":{"0":"post-82","1":"product","2":"type-product","3":"status-publish","4":"has-post-thumbnail","6":"product_cat-kuramatot","7":"product_cat-matot","9":"first","10":"instock","11":"taxable","12":"shipping-taxable","13":"purchasable","14":"product-type-simple"},"_links":{"self":[{"href":"https:\/\/www.ksttukku.fi\/kauppa\/wp-json\/wp\/v2\/product\/82","targetHints":{"allow":["GET"]}}],"collection":[{"href":"https:\/\/www.ksttukku.fi\/kauppa\/wp-json\/wp\/v2\/product"}],"about":[{"href":"https:\/\/www.ksttukku.fi\/kauppa\/wp-json\/wp\/v2\/types\/product"}],"replies":[{"embeddable":true,"href":"https:\/\/www.ksttukku.fi\/kauppa\/wp-json\/wp\/v2\/comments?post=82"}],"wp:featuredmedia":[{"embeddable":true,"href":"https:\/\/www.ksttukku.fi\/kauppa\/wp-json\/wp\/v2\/media\/797"}],"wp:attachment":[{"href":"https:\/\/www.ksttukku.fi\/kauppa\/wp-json\/wp\/v2\/media?parent=82"}],"wp:term":[{"taxonomy":"product_brand","embeddable":true,"href":"https:\/\/www.ksttukku.fi\/kauppa\/wp-json\/wp\/v2\/product_brand?post=82"},{"taxonomy":"product_cat","embeddable":true,"href":"https:\/\/www.ksttukku.fi\/kauppa\/wp-json\/wp\/v2\/product_cat?post=82"},{"taxonomy":"product_tag","embeddable":true,"href":"https:\/\/www.ksttukku.fi\/kauppa\/wp-json\/wp\/v2\/product_tag?post=82"}],"curies":[{"name":"wp","href":"https:\/\/api.w.org\/{rel}","templated":true}]}}