{"id":8246,"date":"2021-09-14T17:44:17","date_gmt":"2021-09-14T14:44:17","guid":{"rendered":"https:\/\/www.ksttukku.fi\/kauppa\/?post_type=product&#038;p=8246"},"modified":"2021-09-14T17:44:18","modified_gmt":"2021-09-14T14:44:18","slug":"led-energie-led-nauha-neon-ip44-ip65-rgb-3m","status":"publish","type":"product","link":"https:\/\/www.ksttukku.fi\/kauppa\/tuote\/led-energie-led-nauha-neon-ip44-ip65-rgb-3m\/","title":{"rendered":"Led Energie LED-nauha neon IP44\/IP65 RGB 3m"},"content":{"rendered":"<table>\n<tbody>\n<tr>\n<th class=\"right top\">Silikonip\u00e4\u00e4llysteinen RGB+WW-nauha, pituus 3,0 m, IP65 nauha, adapteri IP44<\/p>\n<p>Teho: 7W \/ m<\/p>\n<p>Valovirta: 500 lm<\/p>\n<p>J\u00e4nnite: 24V<\/p>\n<p>Sy\u00f6tt\u00f6johto 1,5 m<\/p>\n<p>Kiinnikkeet: 8 kpl<\/p>\n<p>Kauko-ohjaus (Infrapunaohjaus)<\/th>\n<td><\/td>\n<\/tr>\n<\/tbody>\n<\/table>\n","protected":false},"excerpt":{"rendered":"<p>Silikonip\u00e4\u00e4llysteinen RGB+WW-nauha, pituus 3,0 m, IP65 nauha, adapteri IP44 Teho: 7W \/ m Valovirta: 500 lm J\u00e4nnite: 24V Sy\u00f6tt\u00f6johto 1,5 m Kiinnikkeet: 8 kpl Kauko-ohjaus (Infrapunaohjaus)<\/p>\n","protected":false},"featured_media":8248,"comment_status":"closed","ping_status":"closed","template":"","meta":[],"product_brand":[],"product_cat":[45],"product_tag":[],"class_list":{"0":"post-8246","1":"product","2":"type-product","3":"status-publish","4":"has-post-thumbnail","6":"product_cat-valonauhat","8":"first","9":"instock","10":"taxable","11":"shipping-taxable","12":"purchasable","13":"product-type-simple"},"_links":{"self":[{"href":"https:\/\/www.ksttukku.fi\/kauppa\/wp-json\/wp\/v2\/product\/8246","targetHints":{"allow":["GET"]}}],"collection":[{"href":"https:\/\/www.ksttukku.fi\/kauppa\/wp-json\/wp\/v2\/product"}],"about":[{"href":"https:\/\/www.ksttukku.fi\/kauppa\/wp-json\/wp\/v2\/types\/product"}],"replies":[{"embeddable":true,"href":"https:\/\/www.ksttukku.fi\/kauppa\/wp-json\/wp\/v2\/comments?post=8246"}],"wp:featuredmedia":[{"embeddable":true,"href":"https:\/\/www.ksttukku.fi\/kauppa\/wp-json\/wp\/v2\/media\/8248"}],"wp:attachment":[{"href":"https:\/\/www.ksttukku.fi\/kauppa\/wp-json\/wp\/v2\/media?parent=8246"}],"wp:term":[{"taxonomy":"product_brand","embeddable":true,"href":"https:\/\/www.ksttukku.fi\/kauppa\/wp-json\/wp\/v2\/product_brand?post=8246"},{"taxonomy":"product_cat","embeddable":true,"href":"https:\/\/www.ksttukku.fi\/kauppa\/wp-json\/wp\/v2\/product_cat?post=8246"},{"taxonomy":"product_tag","embeddable":true,"href":"https:\/\/www.ksttukku.fi\/kauppa\/wp-json\/wp\/v2\/product_tag?post=8246"}],"curies":[{"name":"wp","href":"https:\/\/api.w.org\/{rel}","templated":true}]}}