{"id":827,"date":"2018-03-01T18:18:06","date_gmt":"2018-03-01T16:18:06","guid":{"rendered":"http:\/\/www.ksttukku.fi\/kauppa\/?post_type=product&#038;p=827"},"modified":"2025-03-18T10:53:43","modified_gmt":"2025-03-18T08:53:43","slug":"ruohomatto-120-cm-tummanruskea-29em","status":"publish","type":"product","link":"https:\/\/www.ksttukku.fi\/kauppa\/tuote\/ruohomatto-120-cm-tummanruskea-29em\/","title":{"rendered":"Ruohomatto 120 cm tummanruskea 35\u20ac\/m"},"content":{"rendered":"<p>Ruohomatot est\u00e4v\u00e4t lian ja kosteuden siirtymisen ulkoa sis\u00e4tiloihin ja ovat helppohoitoisia.<\/p>\n<p>Materiaali: Polyeteeni, polypropeeni<\/p>\n<p>Leveys 120 cm<\/p>\n<p>V\u00e4ri: Tummanruskea<\/p>\n","protected":false},"excerpt":{"rendered":"<p>Ruohomatot est\u00e4v\u00e4t lian ja kosteuden siirtymisen ulkoa sis\u00e4tiloihin ja ovat helppohoitoisia. Materiaali: Polyeteeni, polypropeeni Leveys 120 cm V\u00e4ri: Tummanruskea<\/p>\n","protected":false},"featured_media":818,"comment_status":"closed","ping_status":"closed","template":"","meta":[],"product_brand":[],"product_cat":[26,22],"product_tag":[],"class_list":{"0":"post-827","1":"product","2":"type-product","3":"status-publish","4":"has-post-thumbnail","6":"product_cat-kuramatot","7":"product_cat-matot","9":"first","10":"outofstock","11":"taxable","12":"shipping-taxable","13":"purchasable","14":"product-type-simple"},"_links":{"self":[{"href":"https:\/\/www.ksttukku.fi\/kauppa\/wp-json\/wp\/v2\/product\/827","targetHints":{"allow":["GET"]}}],"collection":[{"href":"https:\/\/www.ksttukku.fi\/kauppa\/wp-json\/wp\/v2\/product"}],"about":[{"href":"https:\/\/www.ksttukku.fi\/kauppa\/wp-json\/wp\/v2\/types\/product"}],"replies":[{"embeddable":true,"href":"https:\/\/www.ksttukku.fi\/kauppa\/wp-json\/wp\/v2\/comments?post=827"}],"wp:featuredmedia":[{"embeddable":true,"href":"https:\/\/www.ksttukku.fi\/kauppa\/wp-json\/wp\/v2\/media\/818"}],"wp:attachment":[{"href":"https:\/\/www.ksttukku.fi\/kauppa\/wp-json\/wp\/v2\/media?parent=827"}],"wp:term":[{"taxonomy":"product_brand","embeddable":true,"href":"https:\/\/www.ksttukku.fi\/kauppa\/wp-json\/wp\/v2\/product_brand?post=827"},{"taxonomy":"product_cat","embeddable":true,"href":"https:\/\/www.ksttukku.fi\/kauppa\/wp-json\/wp\/v2\/product_cat?post=827"},{"taxonomy":"product_tag","embeddable":true,"href":"https:\/\/www.ksttukku.fi\/kauppa\/wp-json\/wp\/v2\/product_tag?post=827"}],"curies":[{"name":"wp","href":"https:\/\/api.w.org\/{rel}","templated":true}]}}