{"id":8289,"date":"2021-09-25T13:09:43","date_gmt":"2021-09-25T10:09:43","guid":{"rendered":"https:\/\/www.ksttukku.fi\/kauppa\/?post_type=product&#038;p=8289"},"modified":"2025-11-25T14:25:40","modified_gmt":"2025-11-25T12:25:40","slug":"led-valonauha-12v-2m-3000k-118w-m-900lm-m-ip44","status":"publish","type":"product","link":"https:\/\/www.ksttukku.fi\/kauppa\/tuote\/led-valonauha-12v-2m-3000k-118w-m-900lm-m-ip44\/","title":{"rendered":"Led-valonauha 12V, 2m, 3000K, 11,8W\/m, 900lm\/m, IP44"},"content":{"rendered":"<p>LED-nauha monipuoliseen kodin valaistukseen. 8mm leve\u00e4, 12V-versio, kahden metrin rulla, SMD5050. 0,3metrin kytkent\u00e4johdot musta ja punainen LED-nauhan kummassakin p\u00e4\u00e4ss\u00e4. Ei sis\u00e4ll\u00e4 liit\u00e4nt\u00e4laitetta. Kokonaisteho 23,6W, kokonaisvalovirta 1800lm.<\/p>\n<p>Teho: 11,8W\/m<\/p>\n<p>Valovirta: 900 lm \/ m<\/p>\n<p>IP-luokitus: IP44<\/p>\n<p>V\u00e4ril\u00e4mp\u00f6: 3000 K<\/p>\n<p>Pituus: 2 m<\/p>\n","protected":false},"excerpt":{"rendered":"<p>LED-nauha monipuoliseen kodin valaistukseen. 8mm leve\u00e4, 12V-versio, kahden metrin rulla, SMD5050. 0,3metrin kytkent\u00e4johdot musta ja punainen LED-nauhan kummassakin p\u00e4\u00e4ss\u00e4. Ei sis\u00e4ll\u00e4 liit\u00e4nt\u00e4laitetta. Kokonaisteho 23,6W, kokonaisvalovirta 1800lm. Teho: 11,8W\/m Valovirta: 900 lm \/ m IP-luokitus: IP44 V\u00e4ril\u00e4mp\u00f6: 3000 K Pituus: 2 m<\/p>\n","protected":false},"featured_media":8290,"comment_status":"closed","ping_status":"closed","template":"","meta":[],"product_brand":[],"product_cat":[45],"product_tag":[],"class_list":{"0":"post-8289","1":"product","2":"type-product","3":"status-publish","4":"has-post-thumbnail","6":"product_cat-valonauhat","8":"first","9":"instock","10":"taxable","11":"shipping-taxable","12":"purchasable","13":"product-type-simple"},"_links":{"self":[{"href":"https:\/\/www.ksttukku.fi\/kauppa\/wp-json\/wp\/v2\/product\/8289","targetHints":{"allow":["GET"]}}],"collection":[{"href":"https:\/\/www.ksttukku.fi\/kauppa\/wp-json\/wp\/v2\/product"}],"about":[{"href":"https:\/\/www.ksttukku.fi\/kauppa\/wp-json\/wp\/v2\/types\/product"}],"replies":[{"embeddable":true,"href":"https:\/\/www.ksttukku.fi\/kauppa\/wp-json\/wp\/v2\/comments?post=8289"}],"wp:featuredmedia":[{"embeddable":true,"href":"https:\/\/www.ksttukku.fi\/kauppa\/wp-json\/wp\/v2\/media\/8290"}],"wp:attachment":[{"href":"https:\/\/www.ksttukku.fi\/kauppa\/wp-json\/wp\/v2\/media?parent=8289"}],"wp:term":[{"taxonomy":"product_brand","embeddable":true,"href":"https:\/\/www.ksttukku.fi\/kauppa\/wp-json\/wp\/v2\/product_brand?post=8289"},{"taxonomy":"product_cat","embeddable":true,"href":"https:\/\/www.ksttukku.fi\/kauppa\/wp-json\/wp\/v2\/product_cat?post=8289"},{"taxonomy":"product_tag","embeddable":true,"href":"https:\/\/www.ksttukku.fi\/kauppa\/wp-json\/wp\/v2\/product_tag?post=8289"}],"curies":[{"name":"wp","href":"https:\/\/api.w.org\/{rel}","templated":true}]}}