{"id":8293,"date":"2021-09-25T15:23:16","date_gmt":"2021-09-25T12:23:16","guid":{"rendered":"https:\/\/www.ksttukku.fi\/kauppa\/?post_type=product&#038;p=8293"},"modified":"2025-11-25T14:21:26","modified_gmt":"2025-11-25T12:21:26","slug":"led-muuntaja-valonauhoille-12v-75w","status":"publish","type":"product","link":"https:\/\/www.ksttukku.fi\/kauppa\/tuote\/led-muuntaja-valonauhoille-12v-75w\/","title":{"rendered":"LED-muuntaja valonauhoille 12V 75W"},"content":{"rendered":"<p>Liit\u00e4nt\u00e4laite mm. LED-nauhoille. Vakioj\u00e4nnitel\u00e4hde 12V 75W IP20. Valmiit kytkent\u00e4johdot 0,3m pitk\u00e4t.<\/p>\n","protected":false},"excerpt":{"rendered":"<p>Liit\u00e4nt\u00e4laite mm. LED-nauhoille. Vakioj\u00e4nnitel\u00e4hde 12V 75W IP20. Valmiit kytkent\u00e4johdot 0,3m pitk\u00e4t.<\/p>\n","protected":false},"featured_media":8294,"comment_status":"closed","ping_status":"closed","template":"","meta":[],"product_brand":[],"product_cat":[45],"product_tag":[],"class_list":{"0":"post-8293","1":"product","2":"type-product","3":"status-publish","4":"has-post-thumbnail","6":"product_cat-valonauhat","8":"first","9":"instock","10":"taxable","11":"shipping-taxable","12":"purchasable","13":"product-type-simple"},"_links":{"self":[{"href":"https:\/\/www.ksttukku.fi\/kauppa\/wp-json\/wp\/v2\/product\/8293","targetHints":{"allow":["GET"]}}],"collection":[{"href":"https:\/\/www.ksttukku.fi\/kauppa\/wp-json\/wp\/v2\/product"}],"about":[{"href":"https:\/\/www.ksttukku.fi\/kauppa\/wp-json\/wp\/v2\/types\/product"}],"replies":[{"embeddable":true,"href":"https:\/\/www.ksttukku.fi\/kauppa\/wp-json\/wp\/v2\/comments?post=8293"}],"wp:featuredmedia":[{"embeddable":true,"href":"https:\/\/www.ksttukku.fi\/kauppa\/wp-json\/wp\/v2\/media\/8294"}],"wp:attachment":[{"href":"https:\/\/www.ksttukku.fi\/kauppa\/wp-json\/wp\/v2\/media?parent=8293"}],"wp:term":[{"taxonomy":"product_brand","embeddable":true,"href":"https:\/\/www.ksttukku.fi\/kauppa\/wp-json\/wp\/v2\/product_brand?post=8293"},{"taxonomy":"product_cat","embeddable":true,"href":"https:\/\/www.ksttukku.fi\/kauppa\/wp-json\/wp\/v2\/product_cat?post=8293"},{"taxonomy":"product_tag","embeddable":true,"href":"https:\/\/www.ksttukku.fi\/kauppa\/wp-json\/wp\/v2\/product_tag?post=8293"}],"curies":[{"name":"wp","href":"https:\/\/api.w.org\/{rel}","templated":true}]}}