{"id":8307,"date":"2021-09-29T18:27:26","date_gmt":"2021-09-29T15:27:26","guid":{"rendered":"https:\/\/www.ksttukku.fi\/kauppa\/?post_type=product&#038;p=8307"},"modified":"2025-07-09T12:35:58","modified_gmt":"2025-07-09T09:35:58","slug":"sailytyskaappi-60cm-valkoinen","status":"publish","type":"product","link":"https:\/\/www.ksttukku.fi\/kauppa\/tuote\/sailytyskaappi-60cm-valkoinen\/","title":{"rendered":"CREA s\u00e4ilytyskaappi 60cm matta valkoinen"},"content":{"rendered":"<p>\u2022 Edullista s\u00e4ilytystilaa kaikkialle kotiin ja toimistoon<br \/>\n\u2022 Pehme\u00e4sti sulkeutuvat ovet<br \/>\n\u2022 Koottava, voidaan kiinnitt\u00e4\u00e4 sein\u00e4lle tai k\u00e4ytt\u00e4\u00e4 mukana tulevia jalkoja<br \/>\n\u2022 Sis\u00e4lt\u00e4\u00e4 vetimet, lis\u00e4varusteena saatavana my\u00f6s erilaisia vetimi\u00e4<\/p>\n<p>Mitat<\/p>\n<p>\u2022 Leveys &#8211; 60 cm<br \/>\n\u2022 Syvyys &#8211; 30 cm<br \/>\n\u2022 Korkeus &#8211; 73 cm,<br \/>\njalkojen kanssa 83 cm<\/p>\n<p>Myym\u00e4l\u00e4ss\u00e4 mallikappale<\/p>\n<p>&nbsp;<\/p>\n","protected":false},"excerpt":{"rendered":"<p>\u2022 Edullista s\u00e4ilytystilaa kaikkialle kotiin ja toimistoon \u2022 Pehme\u00e4sti sulkeutuvat ovet \u2022 Koottava, voidaan kiinnitt\u00e4\u00e4 sein\u00e4lle tai k\u00e4ytt\u00e4\u00e4 mukana tulevia jalkoja \u2022 Sis\u00e4lt\u00e4\u00e4 vetimet, lis\u00e4varusteena saatavana my\u00f6s erilaisia vetimi\u00e4 Mitat \u2022 Leveys &#8211; 60 cm \u2022 Syvyys &#8211; 30 cm \u2022 Korkeus &#8211; 73 cm, jalkojen kanssa 83 cm Myym\u00e4l\u00e4ss\u00e4 mallikappale &nbsp;<\/p>\n","protected":false},"featured_media":12068,"comment_status":"closed","ping_status":"closed","template":"","meta":[],"product_brand":[],"product_cat":[151,150],"product_tag":[],"class_list":{"0":"post-8307","1":"product","2":"type-product","3":"status-publish","4":"has-post-thumbnail","6":"product_cat-kalusteet","7":"product_cat-kylpyhuone","9":"first","10":"instock","11":"taxable","12":"shipping-taxable","13":"purchasable","14":"product-type-simple"},"_links":{"self":[{"href":"https:\/\/www.ksttukku.fi\/kauppa\/wp-json\/wp\/v2\/product\/8307","targetHints":{"allow":["GET"]}}],"collection":[{"href":"https:\/\/www.ksttukku.fi\/kauppa\/wp-json\/wp\/v2\/product"}],"about":[{"href":"https:\/\/www.ksttukku.fi\/kauppa\/wp-json\/wp\/v2\/types\/product"}],"replies":[{"embeddable":true,"href":"https:\/\/www.ksttukku.fi\/kauppa\/wp-json\/wp\/v2\/comments?post=8307"}],"wp:featuredmedia":[{"embeddable":true,"href":"https:\/\/www.ksttukku.fi\/kauppa\/wp-json\/wp\/v2\/media\/12068"}],"wp:attachment":[{"href":"https:\/\/www.ksttukku.fi\/kauppa\/wp-json\/wp\/v2\/media?parent=8307"}],"wp:term":[{"taxonomy":"product_brand","embeddable":true,"href":"https:\/\/www.ksttukku.fi\/kauppa\/wp-json\/wp\/v2\/product_brand?post=8307"},{"taxonomy":"product_cat","embeddable":true,"href":"https:\/\/www.ksttukku.fi\/kauppa\/wp-json\/wp\/v2\/product_cat?post=8307"},{"taxonomy":"product_tag","embeddable":true,"href":"https:\/\/www.ksttukku.fi\/kauppa\/wp-json\/wp\/v2\/product_tag?post=8307"}],"curies":[{"name":"wp","href":"https:\/\/api.w.org\/{rel}","templated":true}]}}