{"id":8315,"date":"2021-10-01T18:11:44","date_gmt":"2021-10-01T15:11:44","guid":{"rendered":"https:\/\/www.ksttukku.fi\/kauppa\/?post_type=product&#038;p=8315"},"modified":"2021-10-01T18:11:44","modified_gmt":"2021-10-01T15:11:44","slug":"kylpyhuonevalaisin-lino-musta-75w-750lm-ip44","status":"publish","type":"product","link":"https:\/\/www.ksttukku.fi\/kauppa\/tuote\/kylpyhuonevalaisin-lino-musta-75w-750lm-ip44\/","title":{"rendered":"Kylpyhuonevalaisin Lino musta 7,5W 750lm IP44"},"content":{"rendered":"<p>Lino valaisin tyylikk\u00e4\u00e4n mustan s\u00e4vyisen\u00e4. Kytket\u00e4\u00e4n suoraan verkkovirtaan, ei erillist\u00e4 muuntajaa. Valaisimen voi asentaa sein\u00e4\u00e4n, kaapin p\u00e4\u00e4lle tai peilin p\u00e4\u00e4lle.<\/p>\n<p>Leveys: 400 mm<\/p>\n<p>IP-luokitus: IP44<\/p>\n<p>Teho: 7,5 W<\/p>\n<p>Valovirta: 750 lm<\/p>\n<p>V\u00e4ril\u00e4mp\u00f6tila: 3000 K<\/p>\n<p>CRI &gt; 80<\/p>\n<p>V\u00e4ri: mattamusta<\/p>\n<p>&nbsp;<\/p>\n","protected":false},"excerpt":{"rendered":"<p>Lino valaisin tyylikk\u00e4\u00e4n mustan s\u00e4vyisen\u00e4. Kytket\u00e4\u00e4n suoraan verkkovirtaan, ei erillist\u00e4 muuntajaa. Valaisimen voi asentaa sein\u00e4\u00e4n, kaapin p\u00e4\u00e4lle tai peilin p\u00e4\u00e4lle. Leveys: 400 mm IP-luokitus: IP44 Teho: 7,5 W Valovirta: 750 lm V\u00e4ril\u00e4mp\u00f6tila: 3000 K CRI &gt; 80 V\u00e4ri: mattamusta &nbsp;<\/p>\n","protected":false},"featured_media":8319,"comment_status":"closed","ping_status":"closed","template":"","meta":[],"product_brand":[],"product_cat":[48,42,35,34,240],"product_tag":[],"class_list":{"0":"post-8315","1":"product","2":"type-product","3":"status-publish","4":"has-post-thumbnail","6":"product_cat-kosteantilanvalaisimet","7":"product_cat-seinavalaisimet-sisavalaisimet","8":"product_cat-sisavalaisimet","9":"product_cat-valaisimet","10":"product_cat-valolipat-ja-valaisimet","12":"first","13":"instock","14":"taxable","15":"shipping-taxable","16":"purchasable","17":"product-type-simple"},"_links":{"self":[{"href":"https:\/\/www.ksttukku.fi\/kauppa\/wp-json\/wp\/v2\/product\/8315","targetHints":{"allow":["GET"]}}],"collection":[{"href":"https:\/\/www.ksttukku.fi\/kauppa\/wp-json\/wp\/v2\/product"}],"about":[{"href":"https:\/\/www.ksttukku.fi\/kauppa\/wp-json\/wp\/v2\/types\/product"}],"replies":[{"embeddable":true,"href":"https:\/\/www.ksttukku.fi\/kauppa\/wp-json\/wp\/v2\/comments?post=8315"}],"wp:featuredmedia":[{"embeddable":true,"href":"https:\/\/www.ksttukku.fi\/kauppa\/wp-json\/wp\/v2\/media\/8319"}],"wp:attachment":[{"href":"https:\/\/www.ksttukku.fi\/kauppa\/wp-json\/wp\/v2\/media?parent=8315"}],"wp:term":[{"taxonomy":"product_brand","embeddable":true,"href":"https:\/\/www.ksttukku.fi\/kauppa\/wp-json\/wp\/v2\/product_brand?post=8315"},{"taxonomy":"product_cat","embeddable":true,"href":"https:\/\/www.ksttukku.fi\/kauppa\/wp-json\/wp\/v2\/product_cat?post=8315"},{"taxonomy":"product_tag","embeddable":true,"href":"https:\/\/www.ksttukku.fi\/kauppa\/wp-json\/wp\/v2\/product_tag?post=8315"}],"curies":[{"name":"wp","href":"https:\/\/api.w.org\/{rel}","templated":true}]}}