{"id":8362,"date":"2021-10-06T18:38:34","date_gmt":"2021-10-06T15:38:34","guid":{"rendered":"https:\/\/www.ksttukku.fi\/kauppa\/?post_type=product&#038;p=8362"},"modified":"2022-08-12T18:34:02","modified_gmt":"2022-08-12T15:34:02","slug":"seinavinyyli-larisa-500x900mm-vaalea-5kpl-225m2","status":"publish","type":"product","link":"https:\/\/www.ksttukku.fi\/kauppa\/tuote\/seinavinyyli-larisa-500x900mm-vaalea-5kpl-225m2\/","title":{"rendered":"Sein\u00e4vinyyli Larisa 500x900mm vaalea 5kpl\/2,25m2"},"content":{"rendered":"<p>Ymp\u00e4ripontattu kosteuden kest\u00e4v\u00e4 sein\u00e4vinyyli.<\/p>\n<p>Sein\u00e4vinyylin koko on 50 x 90 cm, vahvuus 5 mm. K\u00e4ytett\u00e4ess\u00e4 50 cm korkeassa v\u00e4litilassa leikataan pitk\u00e4lt\u00e4 sivulta leve\u00e4 pontti pois.<\/p>\n<p>Myyd\u00e4\u00e4n t\u00e4ysin pakkauksin 5 kpl\/paketti. Paketissa 2,25 m\u00b2 (= 4,5 metri\u00e4 50 cm korkeaa v\u00e4litilaa).<\/p>\n<p>Vinyyli voidaan kiinnitt\u00e4\u00e4 l\u00e4hes kaikilla yleisimmill\u00e4 kiinnitysmassoilla.<\/p>\n","protected":false},"excerpt":{"rendered":"<p>Ymp\u00e4ripontattu kosteuden kest\u00e4v\u00e4 sein\u00e4vinyylilevy 50 x 90 cm. Myyd\u00e4\u00e4n t\u00e4ysin pakkauksin 5 kpl\/paketti.<\/p>\n","protected":false},"featured_media":8363,"comment_status":"closed","ping_status":"closed","template":"","meta":[],"product_brand":[],"product_cat":[357,245],"product_tag":[],"class_list":{"0":"post-8362","1":"product","2":"type-product","3":"status-publish","4":"has-post-thumbnail","6":"product_cat-seinavinyylilevyt","7":"product_cat-sisustuslevyt","9":"first","10":"instock","11":"taxable","12":"shipping-taxable","13":"purchasable","14":"product-type-simple"},"_links":{"self":[{"href":"https:\/\/www.ksttukku.fi\/kauppa\/wp-json\/wp\/v2\/product\/8362","targetHints":{"allow":["GET"]}}],"collection":[{"href":"https:\/\/www.ksttukku.fi\/kauppa\/wp-json\/wp\/v2\/product"}],"about":[{"href":"https:\/\/www.ksttukku.fi\/kauppa\/wp-json\/wp\/v2\/types\/product"}],"replies":[{"embeddable":true,"href":"https:\/\/www.ksttukku.fi\/kauppa\/wp-json\/wp\/v2\/comments?post=8362"}],"wp:featuredmedia":[{"embeddable":true,"href":"https:\/\/www.ksttukku.fi\/kauppa\/wp-json\/wp\/v2\/media\/8363"}],"wp:attachment":[{"href":"https:\/\/www.ksttukku.fi\/kauppa\/wp-json\/wp\/v2\/media?parent=8362"}],"wp:term":[{"taxonomy":"product_brand","embeddable":true,"href":"https:\/\/www.ksttukku.fi\/kauppa\/wp-json\/wp\/v2\/product_brand?post=8362"},{"taxonomy":"product_cat","embeddable":true,"href":"https:\/\/www.ksttukku.fi\/kauppa\/wp-json\/wp\/v2\/product_cat?post=8362"},{"taxonomy":"product_tag","embeddable":true,"href":"https:\/\/www.ksttukku.fi\/kauppa\/wp-json\/wp\/v2\/product_tag?post=8362"}],"curies":[{"name":"wp","href":"https:\/\/api.w.org\/{rel}","templated":true}]}}