{"id":8375,"date":"2021-10-08T17:43:28","date_gmt":"2021-10-08T14:43:28","guid":{"rendered":"https:\/\/www.ksttukku.fi\/kauppa\/?post_type=product&#038;p=8375"},"modified":"2021-10-08T17:43:28","modified_gmt":"2021-10-08T14:43:28","slug":"terassilammitin-2000w-kvartsi","status":"publish","type":"product","link":"https:\/\/www.ksttukku.fi\/kauppa\/tuote\/terassilammitin-2000w-kvartsi\/","title":{"rendered":"Terassil\u00e4mmitin 2000W kvartsi"},"content":{"rendered":"<p><span id=\"data1\" class=\"pt1\">J\u00e4nnite: 230V ~ 50 Hz<br \/>\nTeho 2000 W<br \/>\nL\u00e4mmitystehot 800\/1200\/2000 W<br \/>\nKvartsielementti<br \/>\nOn\/off -vetokytkin<br \/>\nMaksimikorkeus 2,1 m<br \/>\nS\u00e4hk\u00f6johdon pituus 1,9 m<br \/>\nKotelointiluokka IP34<br \/>\nTakuu 2 vuotta.<\/span><\/p>\n","protected":false},"excerpt":{"rendered":"<p>Kvartsielementill\u00e4 varustettu 2000 W terassil\u00e4mmitin on mukava k\u00e4ytt\u00e4\u00e4, sill\u00e4 se l\u00e4mmitt\u00e4\u00e4 nopeasti itse kohteen, ei ilmaa. Laitteessa on kolme eri l\u00e4mmitintehoa ja tukeva, turvallinen jalusta<\/p>\n","protected":false},"featured_media":8376,"comment_status":"closed","ping_status":"closed","template":"","meta":[],"product_brand":[],"product_cat":[125],"product_tag":[],"class_list":{"0":"post-8375","1":"product","2":"type-product","3":"status-publish","4":"has-post-thumbnail","6":"product_cat-terassilammittimet","8":"first","9":"instock","10":"taxable","11":"shipping-taxable","12":"purchasable","13":"product-type-simple"},"_links":{"self":[{"href":"https:\/\/www.ksttukku.fi\/kauppa\/wp-json\/wp\/v2\/product\/8375","targetHints":{"allow":["GET"]}}],"collection":[{"href":"https:\/\/www.ksttukku.fi\/kauppa\/wp-json\/wp\/v2\/product"}],"about":[{"href":"https:\/\/www.ksttukku.fi\/kauppa\/wp-json\/wp\/v2\/types\/product"}],"replies":[{"embeddable":true,"href":"https:\/\/www.ksttukku.fi\/kauppa\/wp-json\/wp\/v2\/comments?post=8375"}],"wp:featuredmedia":[{"embeddable":true,"href":"https:\/\/www.ksttukku.fi\/kauppa\/wp-json\/wp\/v2\/media\/8376"}],"wp:attachment":[{"href":"https:\/\/www.ksttukku.fi\/kauppa\/wp-json\/wp\/v2\/media?parent=8375"}],"wp:term":[{"taxonomy":"product_brand","embeddable":true,"href":"https:\/\/www.ksttukku.fi\/kauppa\/wp-json\/wp\/v2\/product_brand?post=8375"},{"taxonomy":"product_cat","embeddable":true,"href":"https:\/\/www.ksttukku.fi\/kauppa\/wp-json\/wp\/v2\/product_cat?post=8375"},{"taxonomy":"product_tag","embeddable":true,"href":"https:\/\/www.ksttukku.fi\/kauppa\/wp-json\/wp\/v2\/product_tag?post=8375"}],"curies":[{"name":"wp","href":"https:\/\/api.w.org\/{rel}","templated":true}]}}