{"id":8414,"date":"2021-10-18T11:45:15","date_gmt":"2021-10-18T08:45:15","guid":{"rendered":"https:\/\/www.ksttukku.fi\/kauppa\/?post_type=product&#038;p=8414"},"modified":"2025-11-24T14:39:59","modified_gmt":"2025-11-24T12:39:59","slug":"valoketju-jaapuikko-2250led-lammin-valkoinen-ip44","status":"publish","type":"product","link":"https:\/\/www.ksttukku.fi\/kauppa\/tuote\/valoketju-jaapuikko-2250led-lammin-valkoinen-ip44\/","title":{"rendered":"Valoketju J\u00e4\u00e4puikko 2250LED l\u00e4mmin valkoinen IP44"},"content":{"rendered":"<div class=\"description\" data-sanitized-data-mce-fragment=\"1\">Todella kaunis ja n\u00e4ytt\u00e4v\u00e4 valoketju!<\/div>\n<div class=\"description\" data-sanitized-data-mce-fragment=\"1\"><\/div>\n<div class=\"description\" data-sanitized-data-mce-fragment=\"1\">2250 Led l\u00e4mminvalkoinen j\u00e4\u00e4puikkovalosarja. L\u00e4pin\u00e4kyv\u00e4 johto. Valoaihe 45 m. Valojen v\u00e4li 10 cm. Muuntaja IP44 sis\u00e4- ja ulkok\u00e4ytt\u00f6\u00f6n. 5 m liit\u00e4nt\u00e4johto.<\/div>\n<div class=\"description\" data-sanitized-data-mce-fragment=\"1\">Kauniisti laskeutuvat valot, ikkunaan tai talon seinustalle. Ulko- ja sis\u00e4k\u00e4ytt\u00f6\u00f6n sopiva 45 metri\u00e4 pitk\u00e4 ns. j\u00e4\u00e4puikko valoketju, jossa on 2250 LEDi\u00e4. Valoketjussa riippuu 10 cm:n v\u00e4lein l\u00e4mpim\u00e4n valkoinen LED-valo \u201dj\u00e4\u00e4puikko\u201d. Valoketjun kaapeli on kirkas. Virtajohto on 5 metri\u00e4 pitk\u00e4. Pakkaus sis\u00e4lt\u00e4\u00e4 IP44 muuntajan.<\/div>\n","protected":false},"excerpt":{"rendered":"<p>Todella kaunis ja n\u00e4ytt\u00e4v\u00e4 valoketju! 2250 Led l\u00e4mminvalkoinen j\u00e4\u00e4puikkovalosarja. L\u00e4pin\u00e4kyv\u00e4 johto. Valoaihe 45 m. Valojen v\u00e4li 10 cm. Muuntaja IP44 sis\u00e4- ja ulkok\u00e4ytt\u00f6\u00f6n. 5 m liit\u00e4nt\u00e4johto. Kauniisti laskeutuvat valot, ikkunaan tai talon seinustalle. Ulko- ja sis\u00e4k\u00e4ytt\u00f6\u00f6n sopiva 45 metri\u00e4 pitk\u00e4 ns. j\u00e4\u00e4puikko valoketju, jossa on 2250 LEDi\u00e4. Valoketjussa riippuu 10 cm:n v\u00e4lein l\u00e4mpim\u00e4n valkoinen LED-valo [&hellip;]<\/p>\n","protected":false},"featured_media":8415,"comment_status":"closed","ping_status":"closed","template":"","meta":[],"product_brand":[],"product_cat":[176,34,177],"product_tag":[],"class_list":{"0":"post-8414","1":"product","2":"type-product","3":"status-publish","4":"has-post-thumbnail","6":"product_cat-joulu-ja-koristevalot","7":"product_cat-valaisimet","8":"product_cat-valosarjat","10":"first","11":"outofstock","12":"sale","13":"taxable","14":"shipping-taxable","15":"purchasable","16":"product-type-simple"},"_links":{"self":[{"href":"https:\/\/www.ksttukku.fi\/kauppa\/wp-json\/wp\/v2\/product\/8414","targetHints":{"allow":["GET"]}}],"collection":[{"href":"https:\/\/www.ksttukku.fi\/kauppa\/wp-json\/wp\/v2\/product"}],"about":[{"href":"https:\/\/www.ksttukku.fi\/kauppa\/wp-json\/wp\/v2\/types\/product"}],"replies":[{"embeddable":true,"href":"https:\/\/www.ksttukku.fi\/kauppa\/wp-json\/wp\/v2\/comments?post=8414"}],"wp:featuredmedia":[{"embeddable":true,"href":"https:\/\/www.ksttukku.fi\/kauppa\/wp-json\/wp\/v2\/media\/8415"}],"wp:attachment":[{"href":"https:\/\/www.ksttukku.fi\/kauppa\/wp-json\/wp\/v2\/media?parent=8414"}],"wp:term":[{"taxonomy":"product_brand","embeddable":true,"href":"https:\/\/www.ksttukku.fi\/kauppa\/wp-json\/wp\/v2\/product_brand?post=8414"},{"taxonomy":"product_cat","embeddable":true,"href":"https:\/\/www.ksttukku.fi\/kauppa\/wp-json\/wp\/v2\/product_cat?post=8414"},{"taxonomy":"product_tag","embeddable":true,"href":"https:\/\/www.ksttukku.fi\/kauppa\/wp-json\/wp\/v2\/product_tag?post=8414"}],"curies":[{"name":"wp","href":"https:\/\/api.w.org\/{rel}","templated":true}]}}