{"id":8418,"date":"2021-10-18T11:54:20","date_gmt":"2021-10-18T08:54:20","guid":{"rendered":"https:\/\/www.ksttukku.fi\/kauppa\/?post_type=product&#038;p=8418"},"modified":"2024-10-17T16:19:03","modified_gmt":"2024-10-17T13:19:03","slug":"valoketju-3000led-lammin-valkoinen-musta-johto-ip44","status":"publish","type":"product","link":"https:\/\/www.ksttukku.fi\/kauppa\/tuote\/valoketju-3000led-lammin-valkoinen-musta-johto-ip44\/","title":{"rendered":"Valoketju 3000LED l\u00e4mmin valkoinen musta johto IP44"},"content":{"rendered":"<div class=\"description\">3000 l\u00e4mmin valkoista LEDi\u00e4 lampun v\u00e4li 5 cm, valoaihe 150 m, liitosjohto 5 m, musta johto, IP44 muuntaja sis\u00e4 &#8211; ja ulkok\u00e4ytt\u00f6\u00f6n.<\/div>\n<div><\/div>\n<div class=\"description\">Ulko- ja sis\u00e4k\u00e4ytt\u00f6\u00f6n sopiva 150 metri\u00e4 pitk\u00e4 LED-valoketju. Valoketjussa on 5 cm:n v\u00e4lein 3000 l\u00e4mpim\u00e4n valkoista LED-valoa. Valoketjun kaapeli on v\u00e4rilt\u00e4\u00e4n musta. Virtajohto on 5 metri\u00e4 pitk\u00e4. Pakkaus sis\u00e4lt\u00e4\u00e4 IP44 muuntajan<\/div>\n","protected":false},"excerpt":{"rendered":"<p>3000 l\u00e4mmin valkoista LEDi\u00e4 lampun v\u00e4li 5 cm, valoaihe 150 m, liitosjohto 5 m, musta johto, IP44 muuntaja sis\u00e4 &#8211; ja ulkok\u00e4ytt\u00f6\u00f6n. Ulko- ja sis\u00e4k\u00e4ytt\u00f6\u00f6n sopiva 150 metri\u00e4 pitk\u00e4 LED-valoketju. Valoketjussa on 5 cm:n v\u00e4lein 3000 l\u00e4mpim\u00e4n valkoista LED-valoa. Valoketjun kaapeli on v\u00e4rilt\u00e4\u00e4n musta. Virtajohto on 5 metri\u00e4 pitk\u00e4. Pakkaus sis\u00e4lt\u00e4\u00e4 IP44 muuntajan<\/p>\n","protected":false},"featured_media":8419,"comment_status":"closed","ping_status":"closed","template":"","meta":[],"product_brand":[],"product_cat":[176,34,177],"product_tag":[],"class_list":{"0":"post-8418","1":"product","2":"type-product","3":"status-publish","4":"has-post-thumbnail","6":"product_cat-joulu-ja-koristevalot","7":"product_cat-valaisimet","8":"product_cat-valosarjat","10":"first","11":"instock","12":"taxable","13":"shipping-taxable","14":"purchasable","15":"product-type-simple"},"_links":{"self":[{"href":"https:\/\/www.ksttukku.fi\/kauppa\/wp-json\/wp\/v2\/product\/8418","targetHints":{"allow":["GET"]}}],"collection":[{"href":"https:\/\/www.ksttukku.fi\/kauppa\/wp-json\/wp\/v2\/product"}],"about":[{"href":"https:\/\/www.ksttukku.fi\/kauppa\/wp-json\/wp\/v2\/types\/product"}],"replies":[{"embeddable":true,"href":"https:\/\/www.ksttukku.fi\/kauppa\/wp-json\/wp\/v2\/comments?post=8418"}],"wp:featuredmedia":[{"embeddable":true,"href":"https:\/\/www.ksttukku.fi\/kauppa\/wp-json\/wp\/v2\/media\/8419"}],"wp:attachment":[{"href":"https:\/\/www.ksttukku.fi\/kauppa\/wp-json\/wp\/v2\/media?parent=8418"}],"wp:term":[{"taxonomy":"product_brand","embeddable":true,"href":"https:\/\/www.ksttukku.fi\/kauppa\/wp-json\/wp\/v2\/product_brand?post=8418"},{"taxonomy":"product_cat","embeddable":true,"href":"https:\/\/www.ksttukku.fi\/kauppa\/wp-json\/wp\/v2\/product_cat?post=8418"},{"taxonomy":"product_tag","embeddable":true,"href":"https:\/\/www.ksttukku.fi\/kauppa\/wp-json\/wp\/v2\/product_tag?post=8418"}],"curies":[{"name":"wp","href":"https:\/\/api.w.org\/{rel}","templated":true}]}}