{"id":8421,"date":"2021-10-18T12:54:28","date_gmt":"2021-10-18T09:54:28","guid":{"rendered":"https:\/\/www.ksttukku.fi\/kauppa\/?post_type=product&#038;p=8421"},"modified":"2025-11-03T18:10:48","modified_gmt":"2025-11-03T16:10:48","slug":"bambi-makaava-50-cm-ip44","status":"publish","type":"product","link":"https:\/\/www.ksttukku.fi\/kauppa\/tuote\/bambi-makaava-50-cm-ip44\/","title":{"rendered":"Bambi makaava 50 cm IP44"},"content":{"rendered":"<div class=\"description\" data-sanitized-data-mce-fragment=\"1\">Suloinen akryylista valmistettu makaava bambi luo tunnelmaa pihalla, parvekkeella, terassilla ja miksi ei sis\u00e4tiloissakin.<\/div>\n<div class=\"description\" data-sanitized-data-mce-fragment=\"1\"><\/div>\n<div class=\"description\" data-sanitized-data-mce-fragment=\"1\">80 kpl valkoinen LED, 5 m liit\u00e4nt\u00e4johto IP44 liit\u00e4nt\u00e4laitteelle sis\u00e4- ja ulkok\u00e4ytt\u00f6\u00f6n. Bambi sis\u00e4lt\u00e4\u00e4 80 kpl valkoista LED-valoa. Liit\u00e4nt\u00e4johto 5 m. IP44 sis\u00e4- ja ulkok\u00e4ytt\u00f6\u00f6n<\/div>\n","protected":false},"excerpt":{"rendered":"<p>Suloinen akryylista valmistettu makaava bambi luo tunnelmaa pihalla, parvekkeella, terassilla ja miksi ei sis\u00e4tiloissakin. 80 kpl valkoinen LED, 5 m liit\u00e4nt\u00e4johto IP44 liit\u00e4nt\u00e4laitteelle sis\u00e4- ja ulkok\u00e4ytt\u00f6\u00f6n. Bambi sis\u00e4lt\u00e4\u00e4 80 kpl valkoista LED-valoa. Liit\u00e4nt\u00e4johto 5 m. IP44 sis\u00e4- ja ulkok\u00e4ytt\u00f6\u00f6n<\/p>\n","protected":false},"featured_media":8422,"comment_status":"closed","ping_status":"closed","template":"","meta":[],"product_brand":[],"product_cat":[179,176,34],"product_tag":[],"class_list":{"0":"post-8421","1":"product","2":"type-product","3":"status-publish","4":"has-post-thumbnail","6":"product_cat-akryylivalaisimet","7":"product_cat-joulu-ja-koristevalot","8":"product_cat-valaisimet","10":"first","11":"outofstock","12":"taxable","13":"shipping-taxable","14":"purchasable","15":"product-type-simple"},"_links":{"self":[{"href":"https:\/\/www.ksttukku.fi\/kauppa\/wp-json\/wp\/v2\/product\/8421","targetHints":{"allow":["GET"]}}],"collection":[{"href":"https:\/\/www.ksttukku.fi\/kauppa\/wp-json\/wp\/v2\/product"}],"about":[{"href":"https:\/\/www.ksttukku.fi\/kauppa\/wp-json\/wp\/v2\/types\/product"}],"replies":[{"embeddable":true,"href":"https:\/\/www.ksttukku.fi\/kauppa\/wp-json\/wp\/v2\/comments?post=8421"}],"wp:featuredmedia":[{"embeddable":true,"href":"https:\/\/www.ksttukku.fi\/kauppa\/wp-json\/wp\/v2\/media\/8422"}],"wp:attachment":[{"href":"https:\/\/www.ksttukku.fi\/kauppa\/wp-json\/wp\/v2\/media?parent=8421"}],"wp:term":[{"taxonomy":"product_brand","embeddable":true,"href":"https:\/\/www.ksttukku.fi\/kauppa\/wp-json\/wp\/v2\/product_brand?post=8421"},{"taxonomy":"product_cat","embeddable":true,"href":"https:\/\/www.ksttukku.fi\/kauppa\/wp-json\/wp\/v2\/product_cat?post=8421"},{"taxonomy":"product_tag","embeddable":true,"href":"https:\/\/www.ksttukku.fi\/kauppa\/wp-json\/wp\/v2\/product_tag?post=8421"}],"curies":[{"name":"wp","href":"https:\/\/api.w.org\/{rel}","templated":true}]}}