{"id":8432,"date":"2021-10-18T13:35:39","date_gmt":"2021-10-18T10:35:39","guid":{"rendered":"https:\/\/www.ksttukku.fi\/kauppa\/?post_type=product&#038;p=8432"},"modified":"2025-10-09T17:08:01","modified_gmt":"2025-10-09T14:08:01","slug":"valoketju-kierre-filament-kirkas-10led-ip44","status":"publish","type":"product","link":"https:\/\/www.ksttukku.fi\/kauppa\/tuote\/valoketju-kierre-filament-kirkas-10led-ip44\/","title":{"rendered":"Valoketju kierre Filament kirkas 10LED IP44"},"content":{"rendered":"<p>Tunnelmavalaistus terasseille, parvekkeille ja puutarhaan.<\/p>\n<p>Valoketjun kauniit filamenttilamput hehkuvat l\u00e4mmint\u00e4 valoa.<\/p>\n<p>10 kpl l\u00e4pin\u00e4kyv\u00e4\u00e4 l\u00e4mminvalkoista\u00a0 filamentti LED-lamppua.<\/p>\n<p>Lamppujen v\u00e4li 50 cm, pituus 4,5m. Lamput vaihdettavissa. Liit\u00e4nt\u00e4johto 3,6 m. Heikkovirta. Muuntaja 36V 12W, IP44.<\/p>\n<p>(kuvun halkaisija 80mm)<\/p>\n<p>Sis\u00e4- ja ulkok\u00e4ytt\u00f6\u00f6n. JatkettavaFilament lamppuvalosarja on jatkettava, joten voit kytke\u00e4 siihen toisen valosarjan kiinni ja n\u00e4in saat yhteens\u00e4 20 lampun pituisen koristevaloketjun.<\/p>\n<p>Materiaali PVC, kupari<\/p>\n","protected":false},"excerpt":{"rendered":"<p>Tunnelmavalaistus terasseille, parvekkeille ja puutarhaan. Valoketjun kauniit filamenttilamput hehkuvat l\u00e4mmint\u00e4 valoa. 10 kpl l\u00e4pin\u00e4kyv\u00e4\u00e4 l\u00e4mminvalkoista\u00a0 filamentti LED-lamppua. Lamppujen v\u00e4li 50 cm, pituus 4,5m. Lamput vaihdettavissa. Liit\u00e4nt\u00e4johto 3,6 m. Heikkovirta. Muuntaja 36V 12W, IP44. (kuvun halkaisija 80mm) Sis\u00e4- ja ulkok\u00e4ytt\u00f6\u00f6n. JatkettavaFilament lamppuvalosarja on jatkettava, joten voit kytke\u00e4 siihen toisen valosarjan kiinni ja n\u00e4in saat yhteens\u00e4 20 [&hellip;]<\/p>\n","protected":false},"featured_media":14164,"comment_status":"closed","ping_status":"closed","template":"","meta":[],"product_brand":[],"product_cat":[176,59,36,34,177],"product_tag":[],"class_list":{"0":"post-8432","1":"product","2":"type-product","3":"status-publish","4":"has-post-thumbnail","6":"product_cat-joulu-ja-koristevalot","7":"product_cat-terassivalaisimet","8":"product_cat-ulkovalaisimet","9":"product_cat-valaisimet","10":"product_cat-valosarjat","12":"first","13":"outofstock","14":"taxable","15":"shipping-taxable","16":"purchasable","17":"product-type-simple"},"_links":{"self":[{"href":"https:\/\/www.ksttukku.fi\/kauppa\/wp-json\/wp\/v2\/product\/8432","targetHints":{"allow":["GET"]}}],"collection":[{"href":"https:\/\/www.ksttukku.fi\/kauppa\/wp-json\/wp\/v2\/product"}],"about":[{"href":"https:\/\/www.ksttukku.fi\/kauppa\/wp-json\/wp\/v2\/types\/product"}],"replies":[{"embeddable":true,"href":"https:\/\/www.ksttukku.fi\/kauppa\/wp-json\/wp\/v2\/comments?post=8432"}],"wp:featuredmedia":[{"embeddable":true,"href":"https:\/\/www.ksttukku.fi\/kauppa\/wp-json\/wp\/v2\/media\/14164"}],"wp:attachment":[{"href":"https:\/\/www.ksttukku.fi\/kauppa\/wp-json\/wp\/v2\/media?parent=8432"}],"wp:term":[{"taxonomy":"product_brand","embeddable":true,"href":"https:\/\/www.ksttukku.fi\/kauppa\/wp-json\/wp\/v2\/product_brand?post=8432"},{"taxonomy":"product_cat","embeddable":true,"href":"https:\/\/www.ksttukku.fi\/kauppa\/wp-json\/wp\/v2\/product_cat?post=8432"},{"taxonomy":"product_tag","embeddable":true,"href":"https:\/\/www.ksttukku.fi\/kauppa\/wp-json\/wp\/v2\/product_tag?post=8432"}],"curies":[{"name":"wp","href":"https:\/\/api.w.org\/{rel}","templated":true}]}}