{"id":8445,"date":"2021-10-18T15:33:40","date_gmt":"2021-10-18T12:33:40","guid":{"rendered":"https:\/\/www.ksttukku.fi\/kauppa\/?post_type=product&#038;p=8445"},"modified":"2021-10-18T15:33:40","modified_gmt":"2021-10-18T12:33:40","slug":"hurrikaani-micro-led-valkoinen-ip44","status":"publish","type":"product","link":"https:\/\/www.ksttukku.fi\/kauppa\/tuote\/hurrikaani-micro-led-valkoinen-ip44\/","title":{"rendered":"Hurrikaani micro LED valkoinen IP44"},"content":{"rendered":"<p>200 cm. 10 x 20 kpl mikro LED. Lankaviuhka, jokaisessa langassa 20 Ledi\u00e4. Ledit 10 cm v\u00e4lein.<\/p>\n<p>Liitosjohto 5 m. Muuntaja 3V 1A, IP44. Sis\u00e4- ja ulkok\u00e4ytt\u00f6\u00f6n<\/p>\n","protected":false},"excerpt":{"rendered":"<p>200 cm. 10 x 20 kpl mikro LED. Lankaviuhka, jokaisessa langassa 20 Ledi\u00e4. Ledit 10 cm v\u00e4lein. Liitosjohto 5 m. Muuntaja 3V 1A, IP44. Sis\u00e4- ja ulkok\u00e4ytt\u00f6\u00f6n<\/p>\n","protected":false},"featured_media":8446,"comment_status":"closed","ping_status":"closed","template":"","meta":[],"product_brand":[],"product_cat":[176,34,177],"product_tag":[],"class_list":{"0":"post-8445","1":"product","2":"type-product","3":"status-publish","4":"has-post-thumbnail","6":"product_cat-joulu-ja-koristevalot","7":"product_cat-valaisimet","8":"product_cat-valosarjat","10":"first","11":"instock","12":"taxable","13":"shipping-taxable","14":"purchasable","15":"product-type-simple"},"_links":{"self":[{"href":"https:\/\/www.ksttukku.fi\/kauppa\/wp-json\/wp\/v2\/product\/8445","targetHints":{"allow":["GET"]}}],"collection":[{"href":"https:\/\/www.ksttukku.fi\/kauppa\/wp-json\/wp\/v2\/product"}],"about":[{"href":"https:\/\/www.ksttukku.fi\/kauppa\/wp-json\/wp\/v2\/types\/product"}],"replies":[{"embeddable":true,"href":"https:\/\/www.ksttukku.fi\/kauppa\/wp-json\/wp\/v2\/comments?post=8445"}],"wp:featuredmedia":[{"embeddable":true,"href":"https:\/\/www.ksttukku.fi\/kauppa\/wp-json\/wp\/v2\/media\/8446"}],"wp:attachment":[{"href":"https:\/\/www.ksttukku.fi\/kauppa\/wp-json\/wp\/v2\/media?parent=8445"}],"wp:term":[{"taxonomy":"product_brand","embeddable":true,"href":"https:\/\/www.ksttukku.fi\/kauppa\/wp-json\/wp\/v2\/product_brand?post=8445"},{"taxonomy":"product_cat","embeddable":true,"href":"https:\/\/www.ksttukku.fi\/kauppa\/wp-json\/wp\/v2\/product_cat?post=8445"},{"taxonomy":"product_tag","embeddable":true,"href":"https:\/\/www.ksttukku.fi\/kauppa\/wp-json\/wp\/v2\/product_tag?post=8445"}],"curies":[{"name":"wp","href":"https:\/\/api.w.org\/{rel}","templated":true}]}}