{"id":8457,"date":"2021-10-18T15:47:53","date_gmt":"2021-10-18T12:47:53","guid":{"rendered":"https:\/\/www.ksttukku.fi\/kauppa\/?post_type=product&#038;p=8457"},"modified":"2023-11-16T12:42:15","modified_gmt":"2023-11-16T10:42:15","slug":"valoverkko-320led-300x300-cm-ip44","status":"publish","type":"product","link":"https:\/\/www.ksttukku.fi\/kauppa\/tuote\/valoverkko-320led-300x300-cm-ip44\/","title":{"rendered":"Valoverkko 320LED 300&#215;300 cm IP44"},"content":{"rendered":"<p>Valoverkolla saat helposti upean ja n\u00e4ytt\u00e4v\u00e4n kausivalaistuksen.<\/p>\n<p>Valoverkossa on 320 kpl l\u00e4mmin valkoista LEDi\u00e4.<\/p>\n<p>L\u00e4pin\u00e4kyv\u00e4 johto 5 m. Muuntaja 31V, 6W, IP44<\/p>\n<p>, sis\u00e4- ja ulkok\u00e4ytt\u00f6\u00f6n.<\/p>\n","protected":false},"excerpt":{"rendered":"<p>Valoverkolla saat helposti upean ja n\u00e4ytt\u00e4v\u00e4n kausivalaistuksen. Valoverkossa on 320 kpl l\u00e4mmin valkoista LEDi\u00e4. L\u00e4pin\u00e4kyv\u00e4 johto 5 m. Muuntaja 31V, 6W, IP44 , sis\u00e4- ja ulkok\u00e4ytt\u00f6\u00f6n.<\/p>\n","protected":false},"featured_media":8458,"comment_status":"closed","ping_status":"closed","template":"","meta":[],"product_brand":[],"product_cat":[176,34,177],"product_tag":[],"class_list":{"0":"post-8457","1":"product","2":"type-product","3":"status-publish","4":"has-post-thumbnail","6":"product_cat-joulu-ja-koristevalot","7":"product_cat-valaisimet","8":"product_cat-valosarjat","10":"first","11":"instock","12":"taxable","13":"shipping-taxable","14":"purchasable","15":"product-type-simple"},"_links":{"self":[{"href":"https:\/\/www.ksttukku.fi\/kauppa\/wp-json\/wp\/v2\/product\/8457","targetHints":{"allow":["GET"]}}],"collection":[{"href":"https:\/\/www.ksttukku.fi\/kauppa\/wp-json\/wp\/v2\/product"}],"about":[{"href":"https:\/\/www.ksttukku.fi\/kauppa\/wp-json\/wp\/v2\/types\/product"}],"replies":[{"embeddable":true,"href":"https:\/\/www.ksttukku.fi\/kauppa\/wp-json\/wp\/v2\/comments?post=8457"}],"wp:featuredmedia":[{"embeddable":true,"href":"https:\/\/www.ksttukku.fi\/kauppa\/wp-json\/wp\/v2\/media\/8458"}],"wp:attachment":[{"href":"https:\/\/www.ksttukku.fi\/kauppa\/wp-json\/wp\/v2\/media?parent=8457"}],"wp:term":[{"taxonomy":"product_brand","embeddable":true,"href":"https:\/\/www.ksttukku.fi\/kauppa\/wp-json\/wp\/v2\/product_brand?post=8457"},{"taxonomy":"product_cat","embeddable":true,"href":"https:\/\/www.ksttukku.fi\/kauppa\/wp-json\/wp\/v2\/product_cat?post=8457"},{"taxonomy":"product_tag","embeddable":true,"href":"https:\/\/www.ksttukku.fi\/kauppa\/wp-json\/wp\/v2\/product_tag?post=8457"}],"curies":[{"name":"wp","href":"https:\/\/api.w.org\/{rel}","templated":true}]}}