{"id":8469,"date":"2021-10-18T17:01:21","date_gmt":"2021-10-18T14:01:21","guid":{"rendered":"https:\/\/www.ksttukku.fi\/kauppa\/?post_type=product&#038;p=8469"},"modified":"2023-01-04T17:40:40","modified_gmt":"2023-01-04T15:40:40","slug":"woodio-soft-allas-pyorea-natural-glossy-puun-varinen","status":"publish","type":"product","link":"https:\/\/www.ksttukku.fi\/kauppa\/tuote\/woodio-soft-allas-pyorea-natural-glossy-puun-varinen\/","title":{"rendered":"Woodio soft allas py\u00f6re\u00e4 natural glossy (puun v\u00e4rinen)"},"content":{"rendered":"<p>Innovatiivinen ja skandinaavista huippudesignia edustava kotimainen Woodion allas. Puukomposiitista valmistetussa Woodion altaassa tulee puu kauniisti esille. Allas on ekologinen, kest\u00e4v\u00e4 ja 100% vesitiivis. P\u00f6yt\u00e4tasoon kiinnitett\u00e4v\u00e4n py\u00f6re\u00e4n Soft malja-altaan mitat ovat 400x400x166mm, korkeus asennettuna 150mm. V\u00e4ri Natural Glossy kiilt\u00e4v\u00e4, hakekoko Aspen 2. Pakkaus sis\u00e4lt\u00e4\u00e4 k\u00e4ytt\u00f6ohjeen, asennussabluunan, ylivuotosarjan sek\u00e4 vesilukon kannen. Uudistunut, samasta materiaalista valmistettu, kansi sopii useimpien vesilukkojen kanssa (vesilukko tilattava erikseen). 5 vuoden takuu.<\/p>\n","protected":false},"excerpt":{"rendered":"<p>Ilmainen toimitus!<\/p>\n","protected":false},"featured_media":8473,"comment_status":"closed","ping_status":"closed","template":"","meta":[],"product_brand":[],"product_cat":[459,478,150,494],"product_tag":[],"class_list":{"0":"post-8469","1":"product","2":"type-product","3":"status-publish","4":"has-post-thumbnail","6":"product_cat-altaat","7":"product_cat-hanat-altaat","8":"product_cat-kylpyhuone","9":"product_cat-malja-altaat","11":"first","12":"instock","13":"taxable","14":"shipping-taxable","15":"purchasable","16":"product-type-simple"},"_links":{"self":[{"href":"https:\/\/www.ksttukku.fi\/kauppa\/wp-json\/wp\/v2\/product\/8469","targetHints":{"allow":["GET"]}}],"collection":[{"href":"https:\/\/www.ksttukku.fi\/kauppa\/wp-json\/wp\/v2\/product"}],"about":[{"href":"https:\/\/www.ksttukku.fi\/kauppa\/wp-json\/wp\/v2\/types\/product"}],"replies":[{"embeddable":true,"href":"https:\/\/www.ksttukku.fi\/kauppa\/wp-json\/wp\/v2\/comments?post=8469"}],"wp:featuredmedia":[{"embeddable":true,"href":"https:\/\/www.ksttukku.fi\/kauppa\/wp-json\/wp\/v2\/media\/8473"}],"wp:attachment":[{"href":"https:\/\/www.ksttukku.fi\/kauppa\/wp-json\/wp\/v2\/media?parent=8469"}],"wp:term":[{"taxonomy":"product_brand","embeddable":true,"href":"https:\/\/www.ksttukku.fi\/kauppa\/wp-json\/wp\/v2\/product_brand?post=8469"},{"taxonomy":"product_cat","embeddable":true,"href":"https:\/\/www.ksttukku.fi\/kauppa\/wp-json\/wp\/v2\/product_cat?post=8469"},{"taxonomy":"product_tag","embeddable":true,"href":"https:\/\/www.ksttukku.fi\/kauppa\/wp-json\/wp\/v2\/product_tag?post=8469"}],"curies":[{"name":"wp","href":"https:\/\/api.w.org\/{rel}","templated":true}]}}