{"id":8487,"date":"2021-10-19T13:59:46","date_gmt":"2021-10-19T10:59:46","guid":{"rendered":"https:\/\/www.ksttukku.fi\/kauppa\/?post_type=product&#038;p=8487"},"modified":"2021-10-19T13:59:46","modified_gmt":"2021-10-19T10:59:46","slug":"valoketju-80led-monivarinen-ip44","status":"publish","type":"product","link":"https:\/\/www.ksttukku.fi\/kauppa\/tuote\/valoketju-80led-monivarinen-ip44\/","title":{"rendered":"Valoketju 80LED moniv\u00e4rinen IP44"},"content":{"rendered":"<div class=\"description\" data-sanitized-data-mce-fragment=\"1\">Moniv\u00e4rinen valoketju tuo tunnelmaa pihalla ja puutarhassa, arkena ja juhlana. Valoaiheen pituus 7,9 m. Kokonaispituus 12,9 m<\/div>\n<div class=\"description\" data-sanitized-data-mce-fragment=\"1\">80 kpl LED moniv\u00e4rinen. Muuntaja 31V, 3,6W, IP44. Ledit 10 cm v\u00e4lein. Liit\u00e4nt\u00e4johto 5 m.<\/div>\n","protected":false},"excerpt":{"rendered":"<p>Moniv\u00e4rinen valoketju tuo tunnelmaa pihalla ja puutarhassa, arkena ja juhlana. Valoaiheen pituus 7,9 m. Kokonaispituus 12,9 m 80 kpl LED moniv\u00e4rinen. Muuntaja 31V, 3,6W, IP44. Ledit 10 cm v\u00e4lein. Liit\u00e4nt\u00e4johto 5 m.<\/p>\n","protected":false},"featured_media":8488,"comment_status":"closed","ping_status":"closed","template":"","meta":[],"product_brand":[],"product_cat":[176,34,177],"product_tag":[],"class_list":{"0":"post-8487","1":"product","2":"type-product","3":"status-publish","4":"has-post-thumbnail","6":"product_cat-joulu-ja-koristevalot","7":"product_cat-valaisimet","8":"product_cat-valosarjat","10":"first","11":"instock","12":"taxable","13":"shipping-taxable","14":"purchasable","15":"product-type-simple"},"_links":{"self":[{"href":"https:\/\/www.ksttukku.fi\/kauppa\/wp-json\/wp\/v2\/product\/8487","targetHints":{"allow":["GET"]}}],"collection":[{"href":"https:\/\/www.ksttukku.fi\/kauppa\/wp-json\/wp\/v2\/product"}],"about":[{"href":"https:\/\/www.ksttukku.fi\/kauppa\/wp-json\/wp\/v2\/types\/product"}],"replies":[{"embeddable":true,"href":"https:\/\/www.ksttukku.fi\/kauppa\/wp-json\/wp\/v2\/comments?post=8487"}],"wp:featuredmedia":[{"embeddable":true,"href":"https:\/\/www.ksttukku.fi\/kauppa\/wp-json\/wp\/v2\/media\/8488"}],"wp:attachment":[{"href":"https:\/\/www.ksttukku.fi\/kauppa\/wp-json\/wp\/v2\/media?parent=8487"}],"wp:term":[{"taxonomy":"product_brand","embeddable":true,"href":"https:\/\/www.ksttukku.fi\/kauppa\/wp-json\/wp\/v2\/product_brand?post=8487"},{"taxonomy":"product_cat","embeddable":true,"href":"https:\/\/www.ksttukku.fi\/kauppa\/wp-json\/wp\/v2\/product_cat?post=8487"},{"taxonomy":"product_tag","embeddable":true,"href":"https:\/\/www.ksttukku.fi\/kauppa\/wp-json\/wp\/v2\/product_tag?post=8487"}],"curies":[{"name":"wp","href":"https:\/\/api.w.org\/{rel}","templated":true}]}}