{"id":8490,"date":"2021-10-19T14:08:01","date_gmt":"2021-10-19T11:08:01","guid":{"rendered":"https:\/\/www.ksttukku.fi\/kauppa\/?post_type=product&#038;p=8490"},"modified":"2025-01-03T11:41:48","modified_gmt":"2025-01-03T09:41:48","slug":"valoketju-80led-kylma-valkoinen-lapinakyva-johto-ip44","status":"publish","type":"product","link":"https:\/\/www.ksttukku.fi\/kauppa\/tuote\/valoketju-80led-kylma-valkoinen-lapinakyva-johto-ip44\/","title":{"rendered":"Valoketju 80LED kylm\u00e4 valkoinen l\u00e4pin\u00e4kyv\u00e4 johto IP44"},"content":{"rendered":"<p>80 kpl LED kylm\u00e4 valkoinen. Muuntaja 31V 3,6W, IP44.<\/p>\n<p>Ledit 10 cm v\u00e4lein.<\/p>\n<p>Liit\u00e4nt\u00e4johto 5m. Sis\u00e4- ja ukkok\u00e4ytt\u00f6\u00f6n.<\/p>\n","protected":false},"excerpt":{"rendered":"<p>80 kpl LED kylm\u00e4 valkoinen. Muuntaja 31V 3,6W, IP44. Ledit 10 cm v\u00e4lein. Liit\u00e4nt\u00e4johto 5m. Sis\u00e4- ja ukkok\u00e4ytt\u00f6\u00f6n.<\/p>\n","protected":false},"featured_media":8491,"comment_status":"closed","ping_status":"closed","template":"","meta":[],"product_brand":[],"product_cat":[176,197,199,34,177],"product_tag":[],"class_list":{"0":"post-8490","1":"product","2":"type-product","3":"status-publish","4":"has-post-thumbnail","6":"product_cat-joulu-ja-koristevalot","7":"product_cat-joulukuusen-valosarjat","8":"product_cat-koristevalot","9":"product_cat-valaisimet","10":"product_cat-valosarjat","12":"first","13":"instock","14":"taxable","15":"shipping-taxable","16":"purchasable","17":"product-type-simple"},"_links":{"self":[{"href":"https:\/\/www.ksttukku.fi\/kauppa\/wp-json\/wp\/v2\/product\/8490","targetHints":{"allow":["GET"]}}],"collection":[{"href":"https:\/\/www.ksttukku.fi\/kauppa\/wp-json\/wp\/v2\/product"}],"about":[{"href":"https:\/\/www.ksttukku.fi\/kauppa\/wp-json\/wp\/v2\/types\/product"}],"replies":[{"embeddable":true,"href":"https:\/\/www.ksttukku.fi\/kauppa\/wp-json\/wp\/v2\/comments?post=8490"}],"wp:featuredmedia":[{"embeddable":true,"href":"https:\/\/www.ksttukku.fi\/kauppa\/wp-json\/wp\/v2\/media\/8491"}],"wp:attachment":[{"href":"https:\/\/www.ksttukku.fi\/kauppa\/wp-json\/wp\/v2\/media?parent=8490"}],"wp:term":[{"taxonomy":"product_brand","embeddable":true,"href":"https:\/\/www.ksttukku.fi\/kauppa\/wp-json\/wp\/v2\/product_brand?post=8490"},{"taxonomy":"product_cat","embeddable":true,"href":"https:\/\/www.ksttukku.fi\/kauppa\/wp-json\/wp\/v2\/product_cat?post=8490"},{"taxonomy":"product_tag","embeddable":true,"href":"https:\/\/www.ksttukku.fi\/kauppa\/wp-json\/wp\/v2\/product_tag?post=8490"}],"curies":[{"name":"wp","href":"https:\/\/api.w.org\/{rel}","templated":true}]}}