{"id":8516,"date":"2021-10-20T18:20:57","date_gmt":"2021-10-20T15:20:57","guid":{"rendered":"https:\/\/www.ksttukku.fi\/kauppa\/?post_type=product&#038;p=8516"},"modified":"2023-04-17T18:15:12","modified_gmt":"2023-04-17T15:15:12","slug":"allaskaluste-industrial","status":"publish","type":"product","link":"https:\/\/www.ksttukku.fi\/kauppa\/tuote\/allaskaluste-industrial\/","title":{"rendered":"Allaskaluste Industrial"},"content":{"rendered":"<ul>\n<li>Leveys 51 cm, korkeus 50,5 cm. syvyys 50 cm<\/li>\n<li>Iso allas korkealuokkaista posliinia<\/li>\n<li>Laskutaso hanan kummallakin puolella<\/li>\n<li>Posliinin sis\u00e4\u00e4nrakennettu ylivuoto<\/li>\n<li>Vahva musta metallirunko<\/li>\n<li>Hygieeninen ja tukeva musta lasihylly<\/li>\n<li>Paketti sis\u00e4lt\u00e4\u00e4 mustina t\u00e4ydellisen kylpyhuonevesilukon, sihdin sek\u00e4 ylivuodon kehyksen<\/li>\n<li>Hana ei sis\u00e4lly hintaan<\/li>\n<\/ul>\n","protected":false},"excerpt":{"rendered":"<p>Leveys 51 cm, korkeus 50,5 cm. syvyys 50 cm Iso allas korkealuokkaista posliinia Laskutaso hanan kummallakin puolella Posliinin sis\u00e4\u00e4nrakennettu ylivuoto Vahva musta metallirunko Hygieeninen ja tukeva musta lasihylly Paketti sis\u00e4lt\u00e4\u00e4 mustina t\u00e4ydellisen kylpyhuonevesilukon, sihdin sek\u00e4 ylivuodon kehyksen Hana ei sis\u00e4lly hintaan<\/p>\n","protected":false},"featured_media":8518,"comment_status":"closed","ping_status":"closed","template":"","meta":[],"product_brand":[],"product_cat":[151,150],"product_tag":[],"class_list":{"0":"post-8516","1":"product","2":"type-product","3":"status-publish","4":"has-post-thumbnail","6":"product_cat-kalusteet","7":"product_cat-kylpyhuone","9":"first","10":"instock","11":"taxable","12":"shipping-taxable","13":"purchasable","14":"product-type-simple"},"_links":{"self":[{"href":"https:\/\/www.ksttukku.fi\/kauppa\/wp-json\/wp\/v2\/product\/8516","targetHints":{"allow":["GET"]}}],"collection":[{"href":"https:\/\/www.ksttukku.fi\/kauppa\/wp-json\/wp\/v2\/product"}],"about":[{"href":"https:\/\/www.ksttukku.fi\/kauppa\/wp-json\/wp\/v2\/types\/product"}],"replies":[{"embeddable":true,"href":"https:\/\/www.ksttukku.fi\/kauppa\/wp-json\/wp\/v2\/comments?post=8516"}],"wp:featuredmedia":[{"embeddable":true,"href":"https:\/\/www.ksttukku.fi\/kauppa\/wp-json\/wp\/v2\/media\/8518"}],"wp:attachment":[{"href":"https:\/\/www.ksttukku.fi\/kauppa\/wp-json\/wp\/v2\/media?parent=8516"}],"wp:term":[{"taxonomy":"product_brand","embeddable":true,"href":"https:\/\/www.ksttukku.fi\/kauppa\/wp-json\/wp\/v2\/product_brand?post=8516"},{"taxonomy":"product_cat","embeddable":true,"href":"https:\/\/www.ksttukku.fi\/kauppa\/wp-json\/wp\/v2\/product_cat?post=8516"},{"taxonomy":"product_tag","embeddable":true,"href":"https:\/\/www.ksttukku.fi\/kauppa\/wp-json\/wp\/v2\/product_tag?post=8516"}],"curies":[{"name":"wp","href":"https:\/\/api.w.org\/{rel}","templated":true}]}}