{"id":8536,"date":"2021-10-23T13:07:38","date_gmt":"2021-10-23T10:07:38","guid":{"rendered":"https:\/\/www.ksttukku.fi\/kauppa\/?post_type=product&#038;p=8536"},"modified":"2021-10-26T18:07:11","modified_gmt":"2021-10-26T15:07:11","slug":"huopamatto-roller-rullakiskokoriin-m50x500-tummanharmaa-360x425mm","status":"publish","type":"product","link":"https:\/\/www.ksttukku.fi\/kauppa\/tuote\/huopamatto-roller-rullakiskokoriin-m50x500-tummanharmaa-360x425mm\/","title":{"rendered":"Huopamatto roller rullakiskokoriin M50x500 tummanharmaa (360x425mm)"},"content":{"rendered":"<p>Tummanharmaa, konepesunkest\u00e4v\u00e4 huopamatto Roller rullakiskokorin pohjalle. Valmiiksi mitoitettu M50x500mm Roller korille, lyhennett\u00e4viss\u00e4 tarvittaessa muuhun mittaan. Huopamaton mitat: 360 mm x 425 mm.<\/p>\n","protected":false},"excerpt":{"rendered":"<p>Tummanharmaa, konepesunkest\u00e4v\u00e4 huopamatto Roller rullakiskokorin pohjalle. Valmiiksi mitoitettu M50x500mm Roller korille, lyhennett\u00e4viss\u00e4 tarvittaessa muuhun mittaan. Huopamaton mitat: 360 mm x 425 mm.<\/p>\n","protected":false},"featured_media":8537,"comment_status":"closed","ping_status":"closed","template":"","meta":[],"product_brand":[],"product_cat":[462,460],"product_tag":[],"class_list":{"0":"post-8536","1":"product","2":"type-product","3":"status-publish","4":"has-post-thumbnail","6":"product_cat-roller-rullakiskokorit","7":"product_cat-sailytysjarjestelmat","9":"first","10":"instock","11":"taxable","12":"shipping-taxable","13":"purchasable","14":"product-type-simple"},"_links":{"self":[{"href":"https:\/\/www.ksttukku.fi\/kauppa\/wp-json\/wp\/v2\/product\/8536","targetHints":{"allow":["GET"]}}],"collection":[{"href":"https:\/\/www.ksttukku.fi\/kauppa\/wp-json\/wp\/v2\/product"}],"about":[{"href":"https:\/\/www.ksttukku.fi\/kauppa\/wp-json\/wp\/v2\/types\/product"}],"replies":[{"embeddable":true,"href":"https:\/\/www.ksttukku.fi\/kauppa\/wp-json\/wp\/v2\/comments?post=8536"}],"wp:featuredmedia":[{"embeddable":true,"href":"https:\/\/www.ksttukku.fi\/kauppa\/wp-json\/wp\/v2\/media\/8537"}],"wp:attachment":[{"href":"https:\/\/www.ksttukku.fi\/kauppa\/wp-json\/wp\/v2\/media?parent=8536"}],"wp:term":[{"taxonomy":"product_brand","embeddable":true,"href":"https:\/\/www.ksttukku.fi\/kauppa\/wp-json\/wp\/v2\/product_brand?post=8536"},{"taxonomy":"product_cat","embeddable":true,"href":"https:\/\/www.ksttukku.fi\/kauppa\/wp-json\/wp\/v2\/product_cat?post=8536"},{"taxonomy":"product_tag","embeddable":true,"href":"https:\/\/www.ksttukku.fi\/kauppa\/wp-json\/wp\/v2\/product_tag?post=8536"}],"curies":[{"name":"wp","href":"https:\/\/api.w.org\/{rel}","templated":true}]}}