{"id":8561,"date":"2021-10-25T18:26:43","date_gmt":"2021-10-25T15:26:43","guid":{"rendered":"https:\/\/www.ksttukku.fi\/kauppa\/?post_type=product&#038;p=8561"},"modified":"2021-10-25T18:36:13","modified_gmt":"2021-10-25T15:36:13","slug":"ledlamppu-daylight-e27-85w-810lm-6500k-10kpl","status":"publish","type":"product","link":"https:\/\/www.ksttukku.fi\/kauppa\/tuote\/ledlamppu-daylight-e27-85w-810lm-6500k-10kpl\/","title":{"rendered":"Ledlamppu daylight E27 8,5W 810lm 6500K (10kpl)"},"content":{"rendered":"<p>Opaali vakiokupuinen led-p\u00e4iv\u00e4nvalolamppu<\/p>\n<p>Teho: 8,5 W<\/p>\n<p>V\u00e4ril\u00e4mp\u00f6tila: 6500 K<\/p>\n<p>Kanta: E27<\/p>\n<p>Valovirta: 810 lm<\/p>\n<p>Polttoik\u00e4: 25000 h<\/p>\n<p>Koko: 60 x 102 mm<\/p>\n","protected":false},"excerpt":{"rendered":"<p>Pakkauksessa 10 kpl lamppuja<\/p>\n","protected":false},"featured_media":8560,"comment_status":"closed","ping_status":"closed","template":"","meta":[],"product_brand":[],"product_cat":[262],"product_tag":[],"class_list":{"0":"post-8561","1":"product","2":"type-product","3":"status-publish","4":"has-post-thumbnail","6":"product_cat-tukkupakkaukset","8":"first","9":"instock","10":"taxable","11":"shipping-taxable","12":"purchasable","13":"product-type-simple"},"_links":{"self":[{"href":"https:\/\/www.ksttukku.fi\/kauppa\/wp-json\/wp\/v2\/product\/8561","targetHints":{"allow":["GET"]}}],"collection":[{"href":"https:\/\/www.ksttukku.fi\/kauppa\/wp-json\/wp\/v2\/product"}],"about":[{"href":"https:\/\/www.ksttukku.fi\/kauppa\/wp-json\/wp\/v2\/types\/product"}],"replies":[{"embeddable":true,"href":"https:\/\/www.ksttukku.fi\/kauppa\/wp-json\/wp\/v2\/comments?post=8561"}],"wp:featuredmedia":[{"embeddable":true,"href":"https:\/\/www.ksttukku.fi\/kauppa\/wp-json\/wp\/v2\/media\/8560"}],"wp:attachment":[{"href":"https:\/\/www.ksttukku.fi\/kauppa\/wp-json\/wp\/v2\/media?parent=8561"}],"wp:term":[{"taxonomy":"product_brand","embeddable":true,"href":"https:\/\/www.ksttukku.fi\/kauppa\/wp-json\/wp\/v2\/product_brand?post=8561"},{"taxonomy":"product_cat","embeddable":true,"href":"https:\/\/www.ksttukku.fi\/kauppa\/wp-json\/wp\/v2\/product_cat?post=8561"},{"taxonomy":"product_tag","embeddable":true,"href":"https:\/\/www.ksttukku.fi\/kauppa\/wp-json\/wp\/v2\/product_tag?post=8561"}],"curies":[{"name":"wp","href":"https:\/\/api.w.org\/{rel}","templated":true}]}}