{"id":8576,"date":"2021-10-26T18:32:01","date_gmt":"2021-10-26T15:32:01","guid":{"rendered":"https:\/\/www.ksttukku.fi\/kauppa\/?post_type=product&#038;p=8576"},"modified":"2023-05-20T12:25:39","modified_gmt":"2023-05-20T09:25:39","slug":"nova-rullakiskokori-500x300x500-sis-kiskot","status":"publish","type":"product","link":"https:\/\/www.ksttukku.fi\/kauppa\/tuote\/nova-rullakiskokori-500x300x500-sis-kiskot\/","title":{"rendered":"Nova rullakiskokori 500x300x500 sis. kiskot"},"content":{"rendered":"<p>Materiaali: Ter\u00e4s<\/p>\n<p>V\u00e4ri: Harmaa<\/p>\n<p>Sis\u00e4lt\u00e4\u00e4 korin ja kiskot<\/p>\n","protected":false},"excerpt":{"rendered":"<p>Materiaali: Ter\u00e4s V\u00e4ri: Harmaa Sis\u00e4lt\u00e4\u00e4 korin ja kiskot<\/p>\n","protected":false},"featured_media":8571,"comment_status":"closed","ping_status":"closed","template":"","meta":[],"product_brand":[],"product_cat":[461,460],"product_tag":[],"class_list":{"0":"post-8576","1":"product","2":"type-product","3":"status-publish","4":"has-post-thumbnail","6":"product_cat-nova-rullakiskokorit","7":"product_cat-sailytysjarjestelmat","9":"first","10":"instock","11":"taxable","12":"shipping-taxable","13":"purchasable","14":"product-type-simple"},"_links":{"self":[{"href":"https:\/\/www.ksttukku.fi\/kauppa\/wp-json\/wp\/v2\/product\/8576","targetHints":{"allow":["GET"]}}],"collection":[{"href":"https:\/\/www.ksttukku.fi\/kauppa\/wp-json\/wp\/v2\/product"}],"about":[{"href":"https:\/\/www.ksttukku.fi\/kauppa\/wp-json\/wp\/v2\/types\/product"}],"replies":[{"embeddable":true,"href":"https:\/\/www.ksttukku.fi\/kauppa\/wp-json\/wp\/v2\/comments?post=8576"}],"wp:featuredmedia":[{"embeddable":true,"href":"https:\/\/www.ksttukku.fi\/kauppa\/wp-json\/wp\/v2\/media\/8571"}],"wp:attachment":[{"href":"https:\/\/www.ksttukku.fi\/kauppa\/wp-json\/wp\/v2\/media?parent=8576"}],"wp:term":[{"taxonomy":"product_brand","embeddable":true,"href":"https:\/\/www.ksttukku.fi\/kauppa\/wp-json\/wp\/v2\/product_brand?post=8576"},{"taxonomy":"product_cat","embeddable":true,"href":"https:\/\/www.ksttukku.fi\/kauppa\/wp-json\/wp\/v2\/product_cat?post=8576"},{"taxonomy":"product_tag","embeddable":true,"href":"https:\/\/www.ksttukku.fi\/kauppa\/wp-json\/wp\/v2\/product_tag?post=8576"}],"curies":[{"name":"wp","href":"https:\/\/api.w.org\/{rel}","templated":true}]}}