{"id":8607,"date":"2021-10-30T14:53:40","date_gmt":"2021-10-30T11:53:40","guid":{"rendered":"https:\/\/www.ksttukku.fi\/kauppa\/?post_type=product&#038;p=8607"},"modified":"2021-11-02T19:17:36","modified_gmt":"2021-11-02T17:17:36","slug":"led-lamppu-e27-space-3-step-2700k-350lm","status":"publish","type":"product","link":"https:\/\/www.ksttukku.fi\/kauppa\/tuote\/led-lamppu-e27-space-3-step-2700k-350lm\/","title":{"rendered":"LED-lamppu E27 Space 3-step 2700K 350lm"},"content":{"rendered":"<p>Decoration LED lamppu. Tavallisella katkaisijalla toimiva 3-step<br \/>\nhimmennys 55\/190\/350lm.<br \/>\nIP20. E27, 3,5W, 30 mA, 2700K, 80Ra.<br \/>\nPaloaika 15 000 h, sytytyskertoja 7 500.<br \/>\nSyttymisaika &lt;1 s.<br \/>\nEnergialuokka A++.<br \/>\nK\u00e4ytt\u00f6l\u00e4mp\u00f6tila -20\u00b0 &#8211; +40\u00b0C.<br \/>\n220-240V AC.<\/p>\n<p>Mitat: 165.0 mm x 125.0 mm x 125.0 mm<\/p>\n","protected":false},"excerpt":{"rendered":"<p>Decoration LED lamppu. Tavallisella katkaisijalla toimiva 3-step himmennys 55\/190\/350lm. IP20. E27, 3,5W, 30 mA, 2700K, 80Ra. Paloaika 15 000 h, sytytyskertoja 7 500. Syttymisaika &lt;1 s. Energialuokka A++. K\u00e4ytt\u00f6l\u00e4mp\u00f6tila -20\u00b0 &#8211; +40\u00b0C. 220-240V AC. Mitat: 165.0 mm x 125.0 mm x 125.0 mm<\/p>\n","protected":false},"featured_media":8608,"comment_status":"closed","ping_status":"closed","template":"","meta":[],"product_brand":[],"product_cat":[185,189],"product_tag":[],"class_list":{"0":"post-8607","1":"product","2":"type-product","3":"status-publish","4":"has-post-thumbnail","6":"product_cat-lamput","7":"product_cat-muut-ledlamput","9":"first","10":"instock","11":"taxable","12":"shipping-taxable","13":"purchasable","14":"product-type-simple"},"_links":{"self":[{"href":"https:\/\/www.ksttukku.fi\/kauppa\/wp-json\/wp\/v2\/product\/8607","targetHints":{"allow":["GET"]}}],"collection":[{"href":"https:\/\/www.ksttukku.fi\/kauppa\/wp-json\/wp\/v2\/product"}],"about":[{"href":"https:\/\/www.ksttukku.fi\/kauppa\/wp-json\/wp\/v2\/types\/product"}],"replies":[{"embeddable":true,"href":"https:\/\/www.ksttukku.fi\/kauppa\/wp-json\/wp\/v2\/comments?post=8607"}],"wp:featuredmedia":[{"embeddable":true,"href":"https:\/\/www.ksttukku.fi\/kauppa\/wp-json\/wp\/v2\/media\/8608"}],"wp:attachment":[{"href":"https:\/\/www.ksttukku.fi\/kauppa\/wp-json\/wp\/v2\/media?parent=8607"}],"wp:term":[{"taxonomy":"product_brand","embeddable":true,"href":"https:\/\/www.ksttukku.fi\/kauppa\/wp-json\/wp\/v2\/product_brand?post=8607"},{"taxonomy":"product_cat","embeddable":true,"href":"https:\/\/www.ksttukku.fi\/kauppa\/wp-json\/wp\/v2\/product_cat?post=8607"},{"taxonomy":"product_tag","embeddable":true,"href":"https:\/\/www.ksttukku.fi\/kauppa\/wp-json\/wp\/v2\/product_tag?post=8607"}],"curies":[{"name":"wp","href":"https:\/\/api.w.org\/{rel}","templated":true}]}}