{"id":8613,"date":"2021-10-30T15:14:39","date_gmt":"2021-10-30T12:14:39","guid":{"rendered":"https:\/\/www.ksttukku.fi\/kauppa\/?post_type=product&#038;p=8613"},"modified":"2021-11-02T19:13:13","modified_gmt":"2021-11-02T17:13:13","slug":"led-lamppu-e27-g125-black-apple","status":"publish","type":"product","link":"https:\/\/www.ksttukku.fi\/kauppa\/tuote\/led-lamppu-e27-g125-black-apple\/","title":{"rendered":"LED-lamppu E27 G125 Black Apple"},"content":{"rendered":"<p>LED-lamppu mustalla lasikuvulla.<br \/>\nIP20. E27, 2W, 18 mA, 2200K, 40 lm, Ra 80, SDCM &lt;6.<br \/>\nPaloaika n. 15 000 h, 7 500 sytytyskertaa.<br \/>\nSyttymisaika: &lt;1 s.<br \/>\nK\u00e4ytt\u00f6l\u00e4mp\u00f6tila: -20\u00b0 &#8211; +40\u00b0C.<br \/>\n220-240VAC.<\/p>\n<p>Mitat: 125.0 mm x 125.0 mm x 170.0 mm<\/p>\n","protected":false},"excerpt":{"rendered":"<p>LED-lamppu mustalla lasikuvulla. IP20. E27, 2W, 18 mA, 2200K, 40 lm, Ra 80, SDCM &lt;6. Paloaika n. 15 000 h, 7 500 sytytyskertaa. Syttymisaika: &lt;1 s. K\u00e4ytt\u00f6l\u00e4mp\u00f6tila: -20\u00b0 &#8211; +40\u00b0C. 220-240VAC. Mitat: 125.0 mm x 125.0 mm x 170.0 mm<\/p>\n","protected":false},"featured_media":8618,"comment_status":"closed","ping_status":"closed","template":"","meta":[],"product_brand":[],"product_cat":[185,189],"product_tag":[],"class_list":{"0":"post-8613","1":"product","2":"type-product","3":"status-publish","4":"has-post-thumbnail","6":"product_cat-lamput","7":"product_cat-muut-ledlamput","9":"first","10":"instock","11":"taxable","12":"shipping-taxable","13":"purchasable","14":"product-type-simple"},"_links":{"self":[{"href":"https:\/\/www.ksttukku.fi\/kauppa\/wp-json\/wp\/v2\/product\/8613","targetHints":{"allow":["GET"]}}],"collection":[{"href":"https:\/\/www.ksttukku.fi\/kauppa\/wp-json\/wp\/v2\/product"}],"about":[{"href":"https:\/\/www.ksttukku.fi\/kauppa\/wp-json\/wp\/v2\/types\/product"}],"replies":[{"embeddable":true,"href":"https:\/\/www.ksttukku.fi\/kauppa\/wp-json\/wp\/v2\/comments?post=8613"}],"wp:featuredmedia":[{"embeddable":true,"href":"https:\/\/www.ksttukku.fi\/kauppa\/wp-json\/wp\/v2\/media\/8618"}],"wp:attachment":[{"href":"https:\/\/www.ksttukku.fi\/kauppa\/wp-json\/wp\/v2\/media?parent=8613"}],"wp:term":[{"taxonomy":"product_brand","embeddable":true,"href":"https:\/\/www.ksttukku.fi\/kauppa\/wp-json\/wp\/v2\/product_brand?post=8613"},{"taxonomy":"product_cat","embeddable":true,"href":"https:\/\/www.ksttukku.fi\/kauppa\/wp-json\/wp\/v2\/product_cat?post=8613"},{"taxonomy":"product_tag","embeddable":true,"href":"https:\/\/www.ksttukku.fi\/kauppa\/wp-json\/wp\/v2\/product_tag?post=8613"}],"curies":[{"name":"wp","href":"https:\/\/api.w.org\/{rel}","templated":true}]}}