{"id":8675,"date":"2021-11-01T18:29:28","date_gmt":"2021-11-01T16:29:28","guid":{"rendered":"https:\/\/www.ksttukku.fi\/kauppa\/?post_type=product&#038;p=8675"},"modified":"2021-11-01T18:29:28","modified_gmt":"2021-11-01T16:29:28","slug":"led-lamppu-e27-g125-colourmix-2200k-65lm","status":"publish","type":"product","link":"https:\/\/www.ksttukku.fi\/kauppa\/tuote\/led-lamppu-e27-g125-colourmix-2200k-65lm\/","title":{"rendered":"LED-lamppu E27 G125 ColourMix 2200K 65lm"},"content":{"rendered":"<p>Decoration LED Colourmix, v\u00e4ri musta\/vihre\u00e4.<br \/>\nIP20. E27, 4W, 18 mA, 2200K, 65 lm, 90Ra.<br \/>\nPaloaika n. 15 000 h, sytytyskertoja 7 500.<br \/>\nK\u00e4ytt\u00f6l\u00e4mp\u00f6tila: -20\u00b0 &#8211; +40\u00b0C.<br \/>\nEnergialuokka B.<br \/>\n220-240VAC.<\/p>\n<p>Mitat: 175.0 mm x 125.0 mm x 125.0 mm<\/p>\n","protected":false},"excerpt":{"rendered":"<p>Decoration LED Colourmix, v\u00e4ri musta\/vihre\u00e4. IP20. E27, 4W, 18 mA, 2200K, 65 lm, 90Ra. Paloaika n. 15 000 h, sytytyskertoja 7 500. K\u00e4ytt\u00f6l\u00e4mp\u00f6tila: -20\u00b0 &#8211; +40\u00b0C. Energialuokka B. 220-240VAC. Mitat: 175.0 mm x 125.0 mm x 125.0 mm<\/p>\n","protected":false},"featured_media":8676,"comment_status":"closed","ping_status":"closed","template":"","meta":[],"product_brand":[],"product_cat":[185,189],"product_tag":[],"class_list":{"0":"post-8675","1":"product","2":"type-product","3":"status-publish","4":"has-post-thumbnail","6":"product_cat-lamput","7":"product_cat-muut-ledlamput","9":"first","10":"instock","11":"taxable","12":"shipping-taxable","13":"purchasable","14":"product-type-simple"},"_links":{"self":[{"href":"https:\/\/www.ksttukku.fi\/kauppa\/wp-json\/wp\/v2\/product\/8675","targetHints":{"allow":["GET"]}}],"collection":[{"href":"https:\/\/www.ksttukku.fi\/kauppa\/wp-json\/wp\/v2\/product"}],"about":[{"href":"https:\/\/www.ksttukku.fi\/kauppa\/wp-json\/wp\/v2\/types\/product"}],"replies":[{"embeddable":true,"href":"https:\/\/www.ksttukku.fi\/kauppa\/wp-json\/wp\/v2\/comments?post=8675"}],"wp:featuredmedia":[{"embeddable":true,"href":"https:\/\/www.ksttukku.fi\/kauppa\/wp-json\/wp\/v2\/media\/8676"}],"wp:attachment":[{"href":"https:\/\/www.ksttukku.fi\/kauppa\/wp-json\/wp\/v2\/media?parent=8675"}],"wp:term":[{"taxonomy":"product_brand","embeddable":true,"href":"https:\/\/www.ksttukku.fi\/kauppa\/wp-json\/wp\/v2\/product_brand?post=8675"},{"taxonomy":"product_cat","embeddable":true,"href":"https:\/\/www.ksttukku.fi\/kauppa\/wp-json\/wp\/v2\/product_cat?post=8675"},{"taxonomy":"product_tag","embeddable":true,"href":"https:\/\/www.ksttukku.fi\/kauppa\/wp-json\/wp\/v2\/product_tag?post=8675"}],"curies":[{"name":"wp","href":"https:\/\/api.w.org\/{rel}","templated":true}]}}